{"id":3519,"date":"2025-05-05T08:50:37","date_gmt":"2025-05-05T06:50:37","guid":{"rendered":"http:\/\/localhost:8080\/non%20class\u00e9\/rillettes-canard-sud-ouest-au-piment-espelette-verrine-180g\/"},"modified":"2026-04-23T15:39:31","modified_gmt":"2026-04-23T13:39:31","slug":"rillettes-canard-sud-ouest-au-piment-espelette-verrine-180g","status":"publish","type":"product","link":"https:\/\/www.maison-occitane.com\/fr\/produit\/rillettes-canard-sud-ouest-au-piment-espelette-verrine-180g\/","title":{"rendered":"RILLETTES DE CANARD DU SUD-OUEST AU PIMENT ESPELETTE"},"content":{"rendered":"<p>Nos rillettes de canard sont \u00e9labor\u00e9es \u00e0 partir de viande de canard gras confite dans de la graisse de canard. Pour un \u00e9quilibre onctueux et un go\u00fbt authentique. Le mariage du canard et du piment d&rsquo;Espelette r\u00e9veillera vos papilles et rendra vos ap\u00e9ritifs uniques. Une rillettes avec du caract\u00e8re \u00e0 l&rsquo;image du Sud-Ouest.<\/p>\n<p>Retrouver notre gamme de rillettes id\u00e9ales pour les ap\u00e9ros :<\/p>\n<ul>\n<li><a href=\"https:\/\/www.maison-occitane.com\/fr\/produit\/rillettes-pur-canard-sud-ouest-verrine\/\">Rillettes pur canard du Sud-Ouest<\/a><\/li>\n<li><a href=\"https:\/\/www.maison-occitane.com\/fr\/produit\/rillettes-pur-canard-du-sud-ouest-au-magret-fume-verrine-180g\/\">Rillettes pur canard du Sud-Ouest au magret de canard fum\u00e9<\/a><\/li>\n<li><a href=\"https:\/\/www.maison-occitane.com\/fr\/produit\/rillettes-canard-sud-ouest-au-foie-canard-20-fc-verrine\/\">Rillettes pur canard du Sud-Ouest au foie de canard 20% de foie gras de canard<\/a><\/li>\n<\/ul>\n<p><strong><span style=\"color: #f29400;\">Nombre de parts : <\/span><\/strong>4 \u00e0 5 parts<\/p>\n<p>Retrouver nos conseils :\u00a0<a href=\"http:\/\/comment%20servir%20et%20accompagner%20vos%20rillettes%20de%20canard%20\/?\">Comment servir et accompagner vos rillettes de canard ?<\/a><\/p>\n","protected":false},"excerpt":{"rendered":"<p><span class=\"notion-enable-hover\" data-token-index=\"0\">Les saveurs typiques du Sud-Ouest sont r\u00e9unies dans notre rillettes, le fondant de la viande de canard et le piquant du piment d&rsquo;Espelette vont vous surprendre.<\/span><\/p>\n","protected":false},"featured_media":4112,"comment_status":"open","ping_status":"closed","template":"","meta":{"_acf_changed":false},"product_cat":[771,782],"product_tag":[],"origines":[799],"labels-qualite":[],"class_list":{"0":"post-3519","1":"product","2":"type-product","3":"status-publish","4":"has-post-thumbnail","6":"product_brand-maison-occitane","7":"product_cat-terrines-et-rillettes","8":"product_cat-rillettes","9":"product_origine-sud-ouest","11":"first","12":"instock","13":"taxable","14":"shipping-taxable","15":"purchasable","16":"product-type-simple","17":"add-to-wishlist-before_image"},"acf":[],"yoast_head":"<!-- This site is optimized with the Yoast SEO plugin v24.9 - https:\/\/yoast.com\/wordpress\/plugins\/seo\/ -->\n<title>RILLETTES CANARD DU SUD-OUEST AU PIMENT ESPELETTE - Maison Occitane<\/title>\n<meta name=\"description\" content=\"Savourez notre Rillettes de canard au Piment d&#039;Espelette l\u00e9g\u00e8rement relev\u00e9e. Viande issue de canards n\u00e9s et \u00e9lev\u00e9s dans le Sud-Ouest. En direct de nos producteurs.\" \/>\n<meta name=\"robots\" content=\"index, follow, max-snippet:-1, max-image-preview:large, max-video-preview:-1\" \/>\n<link rel=\"canonical\" href=\"https:\/\/www.maison-occitane.com\/fr\/produit\/rillettes-canard-sud-ouest-au-piment-espelette-verrine-180g\/\" \/>\n<meta property=\"og:locale\" content=\"fr_FR\" \/>\n<meta property=\"og:type\" content=\"article\" \/>\n<meta property=\"og:title\" content=\"RILLETTES CANARD DU SUD-OUEST AU PIMENT ESPELETTE - Maison Occitane\" \/>\n<meta property=\"og:description\" content=\"Savourez notre Rillettes de canard au Piment d&#039;Espelette l\u00e9g\u00e8rement relev\u00e9e. Viande issue de canards n\u00e9s et \u00e9lev\u00e9s dans le Sud-Ouest. En direct de nos producteurs.\" \/>\n<meta property=\"og:url\" content=\"https:\/\/www.maison-occitane.com\/fr\/produit\/rillettes-canard-sud-ouest-au-piment-espelette-verrine-180g\/\" \/>\n<meta property=\"og:site_name\" content=\"Maison Occitane\" \/>\n<meta property=\"article:modified_time\" content=\"2026-04-23T13:39:31+00:00\" \/>\n<meta property=\"og:image\" content=\"https:\/\/www.maison-occitane.com\/app\/uploads\/2025\/05\/8178_520px.jpg\" \/>\n\t<meta property=\"og:image:width\" content=\"520\" \/>\n\t<meta property=\"og:image:height\" content=\"450\" \/>\n\t<meta property=\"og:image:type\" content=\"image\/jpeg\" \/>\n<meta name=\"twitter:card\" content=\"summary_large_image\" \/>\n<meta name=\"twitter:label1\" content=\"Dur\u00e9e de lecture estim\u00e9e\" \/>\n\t<meta name=\"twitter:data1\" content=\"1 minute\" \/>\n<script type=\"application\/ld+json\" class=\"yoast-schema-graph\">{\"@context\":\"https:\/\/schema.org\",\"@graph\":[{\"@type\":\"WebPage\",\"@id\":\"https:\/\/www.maison-occitane.com\/fr\/produit\/rillettes-canard-sud-ouest-au-piment-espelette-verrine-180g\/\",\"url\":\"https:\/\/www.maison-occitane.com\/fr\/produit\/rillettes-canard-sud-ouest-au-piment-espelette-verrine-180g\/\",\"name\":\"RILLETTES CANARD DU SUD-OUEST AU PIMENT ESPELETTE - Maison Occitane\",\"isPartOf\":{\"@id\":\"https:\/\/www.maison-occitane.com\/fr\/#website\"},\"primaryImageOfPage\":{\"@id\":\"https:\/\/www.maison-occitane.com\/fr\/produit\/rillettes-canard-sud-ouest-au-piment-espelette-verrine-180g\/#primaryimage\"},\"image\":{\"@id\":\"https:\/\/www.maison-occitane.com\/fr\/produit\/rillettes-canard-sud-ouest-au-piment-espelette-verrine-180g\/#primaryimage\"},\"thumbnailUrl\":\"https:\/\/www.maison-occitane.com\/app\/uploads\/2025\/05\/8178_520px.jpg\",\"datePublished\":\"2025-05-05T06:50:37+00:00\",\"dateModified\":\"2026-04-23T13:39:31+00:00\",\"description\":\"Savourez notre Rillettes de canard au Piment d'Espelette l\u00e9g\u00e8rement relev\u00e9e. Viande issue de canards n\u00e9s et \u00e9lev\u00e9s dans le Sud-Ouest. En direct de nos producteurs.\",\"breadcrumb\":{\"@id\":\"https:\/\/www.maison-occitane.com\/fr\/produit\/rillettes-canard-sud-ouest-au-piment-espelette-verrine-180g\/#breadcrumb\"},\"inLanguage\":\"fr-FR\",\"potentialAction\":[{\"@type\":\"ReadAction\",\"target\":[\"https:\/\/www.maison-occitane.com\/fr\/produit\/rillettes-canard-sud-ouest-au-piment-espelette-verrine-180g\/\"]}]},{\"@type\":\"ImageObject\",\"inLanguage\":\"fr-FR\",\"@id\":\"https:\/\/www.maison-occitane.com\/fr\/produit\/rillettes-canard-sud-ouest-au-piment-espelette-verrine-180g\/#primaryimage\",\"url\":\"https:\/\/www.maison-occitane.com\/app\/uploads\/2025\/05\/8178_520px.jpg\",\"contentUrl\":\"https:\/\/www.maison-occitane.com\/app\/uploads\/2025\/05\/8178_520px.jpg\",\"width\":520,\"height\":450,\"caption\":\"Rillettes pur canard du Sud-Ouest au piment d'Espelette - 180g\"},{\"@type\":\"BreadcrumbList\",\"@id\":\"https:\/\/www.maison-occitane.com\/fr\/produit\/rillettes-canard-sud-ouest-au-piment-espelette-verrine-180g\/#breadcrumb\",\"itemListElement\":[{\"@type\":\"ListItem\",\"position\":1,\"name\":\"Accueil\",\"item\":\"https:\/\/www.maison-occitane.com\/fr\/\"},{\"@type\":\"ListItem\",\"position\":2,\"name\":\"Produits\",\"item\":\"https:\/\/www.maison-occitane.com\/fr\/shop\/\"},{\"@type\":\"ListItem\",\"position\":3,\"name\":\"Terrines et Rillettes\",\"item\":\"https:\/\/www.maison-occitane.com\/fr\/boutique\/terrines-et-rillettes\/\"},{\"@type\":\"ListItem\",\"position\":4,\"name\":\"Rillettes\",\"item\":\"https:\/\/www.maison-occitane.com\/fr\/boutique\/terrines-et-rillettes\/rillettes\/\"},{\"@type\":\"ListItem\",\"position\":5,\"name\":\"RILLETTES DE CANARD DU SUD-OUEST AU PIMENT ESPELETTE\"}]},{\"@type\":\"WebSite\",\"@id\":\"https:\/\/www.maison-occitane.com\/fr\/#website\",\"url\":\"https:\/\/www.maison-occitane.com\/fr\/\",\"name\":\"Maison Occitane\",\"description\":\"\",\"potentialAction\":[{\"@type\":\"SearchAction\",\"target\":{\"@type\":\"EntryPoint\",\"urlTemplate\":\"https:\/\/www.maison-occitane.com\/fr\/?s={search_term_string}\"},\"query-input\":{\"@type\":\"PropertyValueSpecification\",\"valueRequired\":true,\"valueName\":\"search_term_string\"}}],\"inLanguage\":\"fr-FR\"}]}<\/script>\n<!-- \/ Yoast SEO plugin. -->","yoast_head_json":{"title":"RILLETTES CANARD DU SUD-OUEST AU PIMENT ESPELETTE - Maison Occitane","description":"Savourez notre Rillettes de canard au Piment d'Espelette l\u00e9g\u00e8rement relev\u00e9e. Viande issue de canards n\u00e9s et \u00e9lev\u00e9s dans le Sud-Ouest. En direct de nos producteurs.","robots":{"index":"index","follow":"follow","max-snippet":"max-snippet:-1","max-image-preview":"max-image-preview:large","max-video-preview":"max-video-preview:-1"},"canonical":"https:\/\/www.maison-occitane.com\/fr\/produit\/rillettes-canard-sud-ouest-au-piment-espelette-verrine-180g\/","og_locale":"fr_FR","og_type":"article","og_title":"RILLETTES CANARD DU SUD-OUEST AU PIMENT ESPELETTE - Maison Occitane","og_description":"Savourez notre Rillettes de canard au Piment d'Espelette l\u00e9g\u00e8rement relev\u00e9e. Viande issue de canards n\u00e9s et \u00e9lev\u00e9s dans le Sud-Ouest. En direct de nos producteurs.","og_url":"https:\/\/www.maison-occitane.com\/fr\/produit\/rillettes-canard-sud-ouest-au-piment-espelette-verrine-180g\/","og_site_name":"Maison Occitane","article_modified_time":"2026-04-23T13:39:31+00:00","og_image":[{"width":520,"height":450,"url":"https:\/\/www.maison-occitane.com\/app\/uploads\/2025\/05\/8178_520px.jpg","type":"image\/jpeg"}],"twitter_card":"summary_large_image","twitter_misc":{"Dur\u00e9e de lecture estim\u00e9e":"1 minute"},"schema":{"@context":"https:\/\/schema.org","@graph":[{"@type":"WebPage","@id":"https:\/\/www.maison-occitane.com\/fr\/produit\/rillettes-canard-sud-ouest-au-piment-espelette-verrine-180g\/","url":"https:\/\/www.maison-occitane.com\/fr\/produit\/rillettes-canard-sud-ouest-au-piment-espelette-verrine-180g\/","name":"RILLETTES CANARD DU SUD-OUEST AU PIMENT ESPELETTE - Maison Occitane","isPartOf":{"@id":"https:\/\/www.maison-occitane.com\/fr\/#website"},"primaryImageOfPage":{"@id":"https:\/\/www.maison-occitane.com\/fr\/produit\/rillettes-canard-sud-ouest-au-piment-espelette-verrine-180g\/#primaryimage"},"image":{"@id":"https:\/\/www.maison-occitane.com\/fr\/produit\/rillettes-canard-sud-ouest-au-piment-espelette-verrine-180g\/#primaryimage"},"thumbnailUrl":"https:\/\/www.maison-occitane.com\/app\/uploads\/2025\/05\/8178_520px.jpg","datePublished":"2025-05-05T06:50:37+00:00","dateModified":"2026-04-23T13:39:31+00:00","description":"Savourez notre Rillettes de canard au Piment d'Espelette l\u00e9g\u00e8rement relev\u00e9e. Viande issue de canards n\u00e9s et \u00e9lev\u00e9s dans le Sud-Ouest. En direct de nos producteurs.","breadcrumb":{"@id":"https:\/\/www.maison-occitane.com\/fr\/produit\/rillettes-canard-sud-ouest-au-piment-espelette-verrine-180g\/#breadcrumb"},"inLanguage":"fr-FR","potentialAction":[{"@type":"ReadAction","target":["https:\/\/www.maison-occitane.com\/fr\/produit\/rillettes-canard-sud-ouest-au-piment-espelette-verrine-180g\/"]}]},{"@type":"ImageObject","inLanguage":"fr-FR","@id":"https:\/\/www.maison-occitane.com\/fr\/produit\/rillettes-canard-sud-ouest-au-piment-espelette-verrine-180g\/#primaryimage","url":"https:\/\/www.maison-occitane.com\/app\/uploads\/2025\/05\/8178_520px.jpg","contentUrl":"https:\/\/www.maison-occitane.com\/app\/uploads\/2025\/05\/8178_520px.jpg","width":520,"height":450,"caption":"Rillettes pur canard du Sud-Ouest au piment d'Espelette - 180g"},{"@type":"BreadcrumbList","@id":"https:\/\/www.maison-occitane.com\/fr\/produit\/rillettes-canard-sud-ouest-au-piment-espelette-verrine-180g\/#breadcrumb","itemListElement":[{"@type":"ListItem","position":1,"name":"Accueil","item":"https:\/\/www.maison-occitane.com\/fr\/"},{"@type":"ListItem","position":2,"name":"Produits","item":"https:\/\/www.maison-occitane.com\/fr\/shop\/"},{"@type":"ListItem","position":3,"name":"Terrines et Rillettes","item":"https:\/\/www.maison-occitane.com\/fr\/boutique\/terrines-et-rillettes\/"},{"@type":"ListItem","position":4,"name":"Rillettes","item":"https:\/\/www.maison-occitane.com\/fr\/boutique\/terrines-et-rillettes\/rillettes\/"},{"@type":"ListItem","position":5,"name":"RILLETTES DE CANARD DU SUD-OUEST AU PIMENT ESPELETTE"}]},{"@type":"WebSite","@id":"https:\/\/www.maison-occitane.com\/fr\/#website","url":"https:\/\/www.maison-occitane.com\/fr\/","name":"Maison Occitane","description":"","potentialAction":[{"@type":"SearchAction","target":{"@type":"EntryPoint","urlTemplate":"https:\/\/www.maison-occitane.com\/fr\/?s={search_term_string}"},"query-input":{"@type":"PropertyValueSpecification","valueRequired":true,"valueName":"search_term_string"}}],"inLanguage":"fr-FR"}]}},"_links":{"self":[{"href":"https:\/\/www.maison-occitane.com\/fr\/wp-json\/wp\/v2\/product\/3519","targetHints":{"allow":["GET"]}}],"collection":[{"href":"https:\/\/www.maison-occitane.com\/fr\/wp-json\/wp\/v2\/product"}],"about":[{"href":"https:\/\/www.maison-occitane.com\/fr\/wp-json\/wp\/v2\/types\/product"}],"replies":[{"embeddable":true,"href":"https:\/\/www.maison-occitane.com\/fr\/wp-json\/wp\/v2\/comments?post=3519"}],"wp:featuredmedia":[{"embeddable":true,"href":"https:\/\/www.maison-occitane.com\/fr\/wp-json\/wp\/v2\/media\/4112"}],"wp:attachment":[{"href":"https:\/\/www.maison-occitane.com\/fr\/wp-json\/wp\/v2\/media?parent=3519"}],"wp:term":[{"taxonomy":"product_cat","embeddable":true,"href":"https:\/\/www.maison-occitane.com\/fr\/wp-json\/wp\/v2\/product_cat?post=3519"},{"taxonomy":"product_tag","embeddable":true,"href":"https:\/\/www.maison-occitane.com\/fr\/wp-json\/wp\/v2\/product_tag?post=3519"},{"taxonomy":"product_origine","embeddable":true,"href":"https:\/\/www.maison-occitane.com\/fr\/wp-json\/wp\/v2\/origines?post=3519"},{"taxonomy":"label_qualite","embeddable":true,"href":"https:\/\/www.maison-occitane.com\/fr\/wp-json\/wp\/v2\/labels-qualite?post=3519"}],"curies":[{"name":"wp","href":"https:\/\/api.w.org\/{rel}","templated":true}]}}