{"id":3518,"date":"2025-05-05T08:50:37","date_gmt":"2025-05-05T06:50:37","guid":{"rendered":"http:\/\/localhost:8080\/non%20class\u00e9\/foie-gras-canard-entier-igp-sud-ouest-p-espelette-bocal-130g\/"},"modified":"2026-04-17T18:12:59","modified_gmt":"2026-04-17T16:12:59","slug":"foie-gras-canard-entier-du-sud-ouest-piment-espelette","status":"publish","type":"product","link":"https:\/\/www.maison-occitane.com\/fr\/produit\/foie-gras-canard-entier-du-sud-ouest-piment-espelette\/","title":{"rendered":"FOIE GRAS CANARD ENTIER IGP DU SUD-OUEST AU PIMENT D&rsquo;ESPELETTE"},"content":{"rendered":"<p>Le foie gras de canard entier du Sud-Ouest au piment d&rsquo;Espelette en conserve est une association au go\u00fbt puissant, \u00e0 la texture d\u00e9licatement fondante rehauss\u00e9e par le piment d\u2019Espelette, il est id\u00e9al \u00a0pour pr\u00e9parer des toasts en ap\u00e9ritif. Il est l&rsquo;incontournable de votre ap\u00e9ritif dinatoire, c\u2019est une recette qui sent bon le pays basque.<\/p>\n<p>Deux sp\u00e9cialit\u00e9s du Sud-Ouest r\u00e9unis dans un bocal 130g. Le Piment d&rsquo;Espelette est un ingr\u00e9dient incontournable de la gastronomie basque.<\/p>\n<p>D\u00e9couvrez aussi :<\/p>\n<ul>\n<li><a href=\"https:\/\/www.maison-occitane.com\/fr\/produit\/foie-gras-canard-entier-tresor-du-lot-truffes-3-bocal-130g\/\">Foie gras de canard entier du Sud-Ouest aux truffes du P\u00e9rigord<\/a><\/li>\n<li><a href=\"https:\/\/www.maison-occitane.com\/fr\/produit\/foie-gras-canard-entier-igp-sud-ouest-poivre-du-penja-bocal-180g\/\">Foie gras de canard entier au poivre noir du Penja<\/a><\/li>\n<li><a href=\"https:\/\/www.maison-occitane.com\/fr\/produit\/foie-gras-canard-entier-du-sud-ouest-poivre-madagascar-180g\/\">Foie gras de canard entier du Sud-Ouest au poivre noir de Madagascar<\/a><\/li>\n<\/ul>\n<p><strong><span style=\"color: #f29400;\">Conditionnement<\/span><\/strong> : Bocal de 130g<\/p>\n<p><strong><span style=\"color: #f29400;\">Nombre de parts : <\/span><\/strong>3 parts<\/p>\n<p>Les foies gras \u00ab en conserve \u00bb peuvent rester de 18 mois \u00e0 4 ans \u00e0 temp\u00e9rature ambiante.<\/p>\n","protected":false},"excerpt":{"rendered":"<p><span class=\"notion-enable-hover\" data-token-index=\"0\">Une association de deux produits du Sud-Ouest de qualit\u00e9 exceptionnelle et incontournable. Un mariage, subtil entre la douceur du foie gras de canard entier du Sud-Ouest et la l\u00e9g\u00e8ret\u00e9 du piment d\u2019Espelette.<\/span><\/p>\n","protected":false},"featured_media":4185,"comment_status":"open","ping_status":"closed","template":"","meta":{"_acf_changed":false},"product_cat":[770,776],"product_tag":[],"origines":[797],"labels-qualite":[],"class_list":{"0":"post-3518","1":"product","2":"type-product","3":"status-publish","4":"has-post-thumbnail","6":"product_brand-maison-occitane","7":"product_cat-foie-gras","8":"product_cat-foie-gras-en-conserve","9":"product_origine-igp-du-sud-ouest","11":"first","12":"instock","13":"taxable","14":"shipping-taxable","15":"purchasable","16":"product-type-simple","17":"add-to-wishlist-before_image"},"acf":[],"yoast_head":"<!-- This site is optimized with the Yoast SEO plugin v24.9 - https:\/\/yoast.com\/wordpress\/plugins\/seo\/ -->\n<title>Foie gras de canard entier du Sud-Ouest au piment d&#039;Espelette - Maison Occitane<\/title>\n<meta name=\"description\" content=\"Foie gras de canard IGP du Sud-Ouest au piment d&#039;Espelette bocal 130g, l\u00e9g\u00e8rement assaisonn\u00e9 au piment d&#039;Espelette. Nos foies gras sont tous issus de notre groupement de producteur, en vente direct.\" \/>\n<meta name=\"robots\" content=\"index, follow, max-snippet:-1, max-image-preview:large, max-video-preview:-1\" \/>\n<link rel=\"canonical\" href=\"https:\/\/www.maison-occitane.com\/fr\/produit\/foie-gras-canard-entier-du-sud-ouest-piment-espelette\/\" \/>\n<meta property=\"og:locale\" content=\"fr_FR\" \/>\n<meta property=\"og:type\" content=\"article\" \/>\n<meta property=\"og:title\" content=\"Foie gras de canard entier du Sud-Ouest au piment d&#039;Espelette - Maison Occitane\" \/>\n<meta property=\"og:description\" content=\"Foie gras de canard IGP du Sud-Ouest au piment d&#039;Espelette bocal 130g, l\u00e9g\u00e8rement assaisonn\u00e9 au piment d&#039;Espelette. Nos foies gras sont tous issus de notre groupement de producteur, en vente direct.\" \/>\n<meta property=\"og:url\" content=\"https:\/\/www.maison-occitane.com\/fr\/produit\/foie-gras-canard-entier-du-sud-ouest-piment-espelette\/\" \/>\n<meta property=\"og:site_name\" content=\"Maison Occitane\" \/>\n<meta property=\"article:modified_time\" content=\"2026-04-17T16:12:59+00:00\" \/>\n<meta property=\"og:image\" content=\"https:\/\/www.maison-occitane.com\/app\/uploads\/2025\/05\/8168_520px.jpg\" \/>\n\t<meta property=\"og:image:width\" content=\"520\" \/>\n\t<meta property=\"og:image:height\" content=\"420\" \/>\n\t<meta property=\"og:image:type\" content=\"image\/jpeg\" \/>\n<meta name=\"twitter:card\" content=\"summary_large_image\" \/>\n<meta name=\"twitter:label1\" content=\"Dur\u00e9e de lecture estim\u00e9e\" \/>\n\t<meta name=\"twitter:data1\" content=\"1 minute\" \/>\n<script type=\"application\/ld+json\" class=\"yoast-schema-graph\">{\"@context\":\"https:\/\/schema.org\",\"@graph\":[{\"@type\":\"WebPage\",\"@id\":\"https:\/\/www.maison-occitane.com\/fr\/produit\/foie-gras-canard-entier-du-sud-ouest-piment-espelette\/\",\"url\":\"https:\/\/www.maison-occitane.com\/fr\/produit\/foie-gras-canard-entier-du-sud-ouest-piment-espelette\/\",\"name\":\"Foie gras de canard entier du Sud-Ouest au piment d'Espelette - Maison Occitane\",\"isPartOf\":{\"@id\":\"https:\/\/www.maison-occitane.com\/fr\/#website\"},\"primaryImageOfPage\":{\"@id\":\"https:\/\/www.maison-occitane.com\/fr\/produit\/foie-gras-canard-entier-du-sud-ouest-piment-espelette\/#primaryimage\"},\"image\":{\"@id\":\"https:\/\/www.maison-occitane.com\/fr\/produit\/foie-gras-canard-entier-du-sud-ouest-piment-espelette\/#primaryimage\"},\"thumbnailUrl\":\"https:\/\/www.maison-occitane.com\/app\/uploads\/2025\/05\/8168_520px.jpg\",\"datePublished\":\"2025-05-05T06:50:37+00:00\",\"dateModified\":\"2026-04-17T16:12:59+00:00\",\"description\":\"Foie gras de canard IGP du Sud-Ouest au piment d'Espelette bocal 130g, l\u00e9g\u00e8rement assaisonn\u00e9 au piment d'Espelette. Nos foies gras sont tous issus de notre groupement de producteur, en vente direct.\",\"breadcrumb\":{\"@id\":\"https:\/\/www.maison-occitane.com\/fr\/produit\/foie-gras-canard-entier-du-sud-ouest-piment-espelette\/#breadcrumb\"},\"inLanguage\":\"fr-FR\",\"potentialAction\":[{\"@type\":\"ReadAction\",\"target\":[\"https:\/\/www.maison-occitane.com\/fr\/produit\/foie-gras-canard-entier-du-sud-ouest-piment-espelette\/\"]}]},{\"@type\":\"ImageObject\",\"inLanguage\":\"fr-FR\",\"@id\":\"https:\/\/www.maison-occitane.com\/fr\/produit\/foie-gras-canard-entier-du-sud-ouest-piment-espelette\/#primaryimage\",\"url\":\"https:\/\/www.maison-occitane.com\/app\/uploads\/2025\/05\/8168_520px.jpg\",\"contentUrl\":\"https:\/\/www.maison-occitane.com\/app\/uploads\/2025\/05\/8168_520px.jpg\",\"width\":520,\"height\":420,\"caption\":\"Foie Gras de canard entier du Sud-Ouest au piment d'Espelette\"},{\"@type\":\"BreadcrumbList\",\"@id\":\"https:\/\/www.maison-occitane.com\/fr\/produit\/foie-gras-canard-entier-du-sud-ouest-piment-espelette\/#breadcrumb\",\"itemListElement\":[{\"@type\":\"ListItem\",\"position\":1,\"name\":\"Accueil\",\"item\":\"https:\/\/www.maison-occitane.com\/fr\/\"},{\"@type\":\"ListItem\",\"position\":2,\"name\":\"Produits\",\"item\":\"https:\/\/www.maison-occitane.com\/fr\/shop\/\"},{\"@type\":\"ListItem\",\"position\":3,\"name\":\"Foie gras\",\"item\":\"https:\/\/www.maison-occitane.com\/fr\/boutique\/foie-gras\/\"},{\"@type\":\"ListItem\",\"position\":4,\"name\":\"Foie gras en conserve\",\"item\":\"https:\/\/www.maison-occitane.com\/fr\/boutique\/foie-gras\/foie-gras-en-conserve\/\"},{\"@type\":\"ListItem\",\"position\":5,\"name\":\"FOIE GRAS CANARD ENTIER IGP DU SUD-OUEST AU PIMENT D&rsquo;ESPELETTE\"}]},{\"@type\":\"WebSite\",\"@id\":\"https:\/\/www.maison-occitane.com\/fr\/#website\",\"url\":\"https:\/\/www.maison-occitane.com\/fr\/\",\"name\":\"Maison Occitane\",\"description\":\"\",\"potentialAction\":[{\"@type\":\"SearchAction\",\"target\":{\"@type\":\"EntryPoint\",\"urlTemplate\":\"https:\/\/www.maison-occitane.com\/fr\/?s={search_term_string}\"},\"query-input\":{\"@type\":\"PropertyValueSpecification\",\"valueRequired\":true,\"valueName\":\"search_term_string\"}}],\"inLanguage\":\"fr-FR\"}]}<\/script>\n<!-- \/ Yoast SEO plugin. -->","yoast_head_json":{"title":"Foie gras de canard entier du Sud-Ouest au piment d'Espelette - Maison Occitane","description":"Foie gras de canard IGP du Sud-Ouest au piment d'Espelette bocal 130g, l\u00e9g\u00e8rement assaisonn\u00e9 au piment d'Espelette. Nos foies gras sont tous issus de notre groupement de producteur, en vente direct.","robots":{"index":"index","follow":"follow","max-snippet":"max-snippet:-1","max-image-preview":"max-image-preview:large","max-video-preview":"max-video-preview:-1"},"canonical":"https:\/\/www.maison-occitane.com\/fr\/produit\/foie-gras-canard-entier-du-sud-ouest-piment-espelette\/","og_locale":"fr_FR","og_type":"article","og_title":"Foie gras de canard entier du Sud-Ouest au piment d'Espelette - Maison Occitane","og_description":"Foie gras de canard IGP du Sud-Ouest au piment d'Espelette bocal 130g, l\u00e9g\u00e8rement assaisonn\u00e9 au piment d'Espelette. Nos foies gras sont tous issus de notre groupement de producteur, en vente direct.","og_url":"https:\/\/www.maison-occitane.com\/fr\/produit\/foie-gras-canard-entier-du-sud-ouest-piment-espelette\/","og_site_name":"Maison Occitane","article_modified_time":"2026-04-17T16:12:59+00:00","og_image":[{"width":520,"height":420,"url":"https:\/\/www.maison-occitane.com\/app\/uploads\/2025\/05\/8168_520px.jpg","type":"image\/jpeg"}],"twitter_card":"summary_large_image","twitter_misc":{"Dur\u00e9e de lecture estim\u00e9e":"1 minute"},"schema":{"@context":"https:\/\/schema.org","@graph":[{"@type":"WebPage","@id":"https:\/\/www.maison-occitane.com\/fr\/produit\/foie-gras-canard-entier-du-sud-ouest-piment-espelette\/","url":"https:\/\/www.maison-occitane.com\/fr\/produit\/foie-gras-canard-entier-du-sud-ouest-piment-espelette\/","name":"Foie gras de canard entier du Sud-Ouest au piment d'Espelette - Maison Occitane","isPartOf":{"@id":"https:\/\/www.maison-occitane.com\/fr\/#website"},"primaryImageOfPage":{"@id":"https:\/\/www.maison-occitane.com\/fr\/produit\/foie-gras-canard-entier-du-sud-ouest-piment-espelette\/#primaryimage"},"image":{"@id":"https:\/\/www.maison-occitane.com\/fr\/produit\/foie-gras-canard-entier-du-sud-ouest-piment-espelette\/#primaryimage"},"thumbnailUrl":"https:\/\/www.maison-occitane.com\/app\/uploads\/2025\/05\/8168_520px.jpg","datePublished":"2025-05-05T06:50:37+00:00","dateModified":"2026-04-17T16:12:59+00:00","description":"Foie gras de canard IGP du Sud-Ouest au piment d'Espelette bocal 130g, l\u00e9g\u00e8rement assaisonn\u00e9 au piment d'Espelette. Nos foies gras sont tous issus de notre groupement de producteur, en vente direct.","breadcrumb":{"@id":"https:\/\/www.maison-occitane.com\/fr\/produit\/foie-gras-canard-entier-du-sud-ouest-piment-espelette\/#breadcrumb"},"inLanguage":"fr-FR","potentialAction":[{"@type":"ReadAction","target":["https:\/\/www.maison-occitane.com\/fr\/produit\/foie-gras-canard-entier-du-sud-ouest-piment-espelette\/"]}]},{"@type":"ImageObject","inLanguage":"fr-FR","@id":"https:\/\/www.maison-occitane.com\/fr\/produit\/foie-gras-canard-entier-du-sud-ouest-piment-espelette\/#primaryimage","url":"https:\/\/www.maison-occitane.com\/app\/uploads\/2025\/05\/8168_520px.jpg","contentUrl":"https:\/\/www.maison-occitane.com\/app\/uploads\/2025\/05\/8168_520px.jpg","width":520,"height":420,"caption":"Foie Gras de canard entier du Sud-Ouest au piment d'Espelette"},{"@type":"BreadcrumbList","@id":"https:\/\/www.maison-occitane.com\/fr\/produit\/foie-gras-canard-entier-du-sud-ouest-piment-espelette\/#breadcrumb","itemListElement":[{"@type":"ListItem","position":1,"name":"Accueil","item":"https:\/\/www.maison-occitane.com\/fr\/"},{"@type":"ListItem","position":2,"name":"Produits","item":"https:\/\/www.maison-occitane.com\/fr\/shop\/"},{"@type":"ListItem","position":3,"name":"Foie gras","item":"https:\/\/www.maison-occitane.com\/fr\/boutique\/foie-gras\/"},{"@type":"ListItem","position":4,"name":"Foie gras en conserve","item":"https:\/\/www.maison-occitane.com\/fr\/boutique\/foie-gras\/foie-gras-en-conserve\/"},{"@type":"ListItem","position":5,"name":"FOIE GRAS CANARD ENTIER IGP DU SUD-OUEST AU PIMENT D&rsquo;ESPELETTE"}]},{"@type":"WebSite","@id":"https:\/\/www.maison-occitane.com\/fr\/#website","url":"https:\/\/www.maison-occitane.com\/fr\/","name":"Maison Occitane","description":"","potentialAction":[{"@type":"SearchAction","target":{"@type":"EntryPoint","urlTemplate":"https:\/\/www.maison-occitane.com\/fr\/?s={search_term_string}"},"query-input":{"@type":"PropertyValueSpecification","valueRequired":true,"valueName":"search_term_string"}}],"inLanguage":"fr-FR"}]}},"_links":{"self":[{"href":"https:\/\/www.maison-occitane.com\/fr\/wp-json\/wp\/v2\/product\/3518","targetHints":{"allow":["GET"]}}],"collection":[{"href":"https:\/\/www.maison-occitane.com\/fr\/wp-json\/wp\/v2\/product"}],"about":[{"href":"https:\/\/www.maison-occitane.com\/fr\/wp-json\/wp\/v2\/types\/product"}],"replies":[{"embeddable":true,"href":"https:\/\/www.maison-occitane.com\/fr\/wp-json\/wp\/v2\/comments?post=3518"}],"wp:featuredmedia":[{"embeddable":true,"href":"https:\/\/www.maison-occitane.com\/fr\/wp-json\/wp\/v2\/media\/4185"}],"wp:attachment":[{"href":"https:\/\/www.maison-occitane.com\/fr\/wp-json\/wp\/v2\/media?parent=3518"}],"wp:term":[{"taxonomy":"product_cat","embeddable":true,"href":"https:\/\/www.maison-occitane.com\/fr\/wp-json\/wp\/v2\/product_cat?post=3518"},{"taxonomy":"product_tag","embeddable":true,"href":"https:\/\/www.maison-occitane.com\/fr\/wp-json\/wp\/v2\/product_tag?post=3518"},{"taxonomy":"product_origine","embeddable":true,"href":"https:\/\/www.maison-occitane.com\/fr\/wp-json\/wp\/v2\/origines?post=3518"},{"taxonomy":"label_qualite","embeddable":true,"href":"https:\/\/www.maison-occitane.com\/fr\/wp-json\/wp\/v2\/labels-qualite?post=3518"}],"curies":[{"name":"wp","href":"https:\/\/api.w.org\/{rel}","templated":true}]}}