{"id":3517,"date":"2025-05-05T08:50:37","date_gmt":"2025-05-05T06:50:37","guid":{"rendered":"http:\/\/localhost:8080\/non%20class\u00e9\/2-blocs-de-foie-gras-canard-du-sud-ouest-200g-conserve-boite\/"},"modified":"2026-04-23T15:39:31","modified_gmt":"2026-04-23T13:39:31","slug":"2-blocs-de-foie-gras-canard-du-sud-ouest-200g-conserve-boite","status":"publish","type":"product","link":"https:\/\/www.maison-occitane.com\/fr\/produit\/2-blocs-de-foie-gras-canard-du-sud-ouest-200g-conserve-boite\/","title":{"rendered":"LOT DE BLOCS DE FOIE GRAS CANARD DU SUD-OUEST"},"content":{"rendered":"<p>Tous nos blocs de foies gras sont \u00e9labor\u00e9s \u00e0 partir de foie gras issu de notre <strong data-start=\"427\" data-end=\"464\">groupement de producteurs.<\/strong> L&rsquo;IGP vous garantit un produit de terroir \u00e9labor\u00e9 selon les r\u00e8gles d&rsquo;un cahier des charges. Elle certifie la production, la transformation et l&rsquo;\u00e9laboration de nos produits et producteurs. Nos blocs de foie gras r\u00e9v\u00e8lent une belle onctuosit\u00e9 et une finesse en bouche.<\/p>\n<p>Notre lot est id\u00e9al en id\u00e9e cadeau, ce duo gourmand s\u2019accompagne d\u2019un confit de figues ou d\u2019oignons, et d\u2019un verre de vin blanc frais et aromatique.\u00a0 Nos blocs de foies gras s\u2019invitent aussi dans vos recettes les plus raffin\u00e9es : tournedos Rossini, sauces au foie gras, ou feuillet\u00e9s gourmets.<\/p>\n<p><strong><span style=\"color: #f29400;\">Nombre de part :<\/span> <\/strong>\u00a0200g \u2192 3 \u00e0 4 parts<\/p>\n<div class=\"section-tabs\">\n<div class=\"container\">\n<div class=\"row\">\n<div class=\"col-xs-12\">\n<div class=\"encart-tabs\">\n<div class=\"tab-content\">\n<div id=\"description\" class=\"tab-pane fade in active\" role=\"tabpanel\">\n<p>\u00c0 conserver \u00e0 temp\u00e9rature ambiante dans un endroit frais et sec. Apr\u00e8s ouverture \u00e0 conserver au frais et \u00e0 consommer rapidement.<\/p>\n<\/div>\n<\/div>\n<\/div>\n<\/div>\n<\/div>\n<\/div>\n<\/div>\n","protected":false},"excerpt":{"rendered":"<p><span class=\"notion-enable-hover\" data-token-index=\"0\">La saveur typique de ce bloc de foie gras de canard vous fera d\u00e9couvrir le Sud-Ouest \u00e0 \u00a0travers ses ar\u00f4mes et son onctuosit\u00e9.<\/span><\/p>\n","protected":false},"featured_media":4633,"comment_status":"open","ping_status":"closed","template":"","meta":{"_acf_changed":false},"product_cat":[770,779],"product_tag":[],"origines":[797],"labels-qualite":[],"class_list":{"0":"post-3517","1":"product","2":"type-product","3":"status-publish","4":"has-post-thumbnail","6":"product_brand-maison-occitane","7":"product_cat-foie-gras","8":"product_cat-bloc-de-foie-gras-en-conserve","9":"product_origine-igp-du-sud-ouest","11":"first","12":"instock","13":"taxable","14":"shipping-taxable","15":"purchasable","16":"product-type-simple","17":"add-to-wishlist-before_image"},"acf":[],"yoast_head":"<!-- This site is optimized with the Yoast SEO plugin v24.9 - https:\/\/yoast.com\/wordpress\/plugins\/seo\/ -->\n<title>LOT 2 BLOCS DE FOIE GRAS CANARD DU SUD-OUEST - Maison Occitane<\/title>\n<meta name=\"description\" content=\"2 blocs de foie gras de canard IGP Sud-Ouest en direct producteurs. Issus de notre groupement de producteurs. Vente directe. Raffin\u00e9s, fondants, pr\u00eats \u00e0 offrir ou \u00e0 sublimer vos plats.\" \/>\n<meta name=\"robots\" content=\"index, follow, max-snippet:-1, max-image-preview:large, max-video-preview:-1\" \/>\n<link rel=\"canonical\" href=\"https:\/\/www.maison-occitane.com\/produit\/2-blocs-de-foie-gras-canard-du-sud-ouest-200g-conserve-boite\/\" \/>\n<meta property=\"og:locale\" content=\"fr_FR\" \/>\n<meta property=\"og:type\" content=\"article\" \/>\n<meta property=\"og:title\" content=\"LOT 2 BLOCS DE FOIE GRAS CANARD DU SUD-OUEST - Maison Occitane\" \/>\n<meta property=\"og:description\" content=\"2 blocs de foie gras de canard IGP Sud-Ouest en direct producteurs. Issus de notre groupement de producteurs. Vente directe. Raffin\u00e9s, fondants, pr\u00eats \u00e0 offrir ou \u00e0 sublimer vos plats.\" \/>\n<meta property=\"og:url\" content=\"https:\/\/www.maison-occitane.com\/produit\/2-blocs-de-foie-gras-canard-du-sud-ouest-200g-conserve-boite\/\" \/>\n<meta property=\"og:site_name\" content=\"Maison Occitane\" \/>\n<meta property=\"article:modified_time\" content=\"2026-04-23T13:39:31+00:00\" \/>\n<meta property=\"og:image\" content=\"https:\/\/www.maison-occitane.com\/app\/uploads\/2025\/05\/8166_520px.jpg\" \/>\n\t<meta property=\"og:image:width\" content=\"520\" \/>\n\t<meta property=\"og:image:height\" content=\"450\" \/>\n\t<meta property=\"og:image:type\" content=\"image\/jpeg\" \/>\n<meta name=\"twitter:card\" content=\"summary_large_image\" \/>\n<meta name=\"twitter:label1\" content=\"Dur\u00e9e de lecture estim\u00e9e\" \/>\n\t<meta name=\"twitter:data1\" content=\"1 minute\" \/>\n<script type=\"application\/ld+json\" class=\"yoast-schema-graph\">{\"@context\":\"https:\/\/schema.org\",\"@graph\":[{\"@type\":\"WebPage\",\"@id\":\"https:\/\/www.maison-occitane.com\/produit\/2-blocs-de-foie-gras-canard-du-sud-ouest-200g-conserve-boite\/\",\"url\":\"https:\/\/www.maison-occitane.com\/produit\/2-blocs-de-foie-gras-canard-du-sud-ouest-200g-conserve-boite\/\",\"name\":\"LOT 2 BLOCS DE FOIE GRAS CANARD DU SUD-OUEST - Maison Occitane\",\"isPartOf\":{\"@id\":\"https:\/\/www.maison-occitane.com\/fr\/#website\"},\"primaryImageOfPage\":{\"@id\":\"https:\/\/www.maison-occitane.com\/produit\/2-blocs-de-foie-gras-canard-du-sud-ouest-200g-conserve-boite\/#primaryimage\"},\"image\":{\"@id\":\"https:\/\/www.maison-occitane.com\/produit\/2-blocs-de-foie-gras-canard-du-sud-ouest-200g-conserve-boite\/#primaryimage\"},\"thumbnailUrl\":\"https:\/\/www.maison-occitane.com\/app\/uploads\/2025\/05\/8166_520px.jpg\",\"datePublished\":\"2025-05-05T06:50:37+00:00\",\"dateModified\":\"2026-04-23T13:39:31+00:00\",\"description\":\"2 blocs de foie gras de canard IGP Sud-Ouest en direct producteurs. Issus de notre groupement de producteurs. Vente directe. Raffin\u00e9s, fondants, pr\u00eats \u00e0 offrir ou \u00e0 sublimer vos plats.\",\"breadcrumb\":{\"@id\":\"https:\/\/www.maison-occitane.com\/produit\/2-blocs-de-foie-gras-canard-du-sud-ouest-200g-conserve-boite\/#breadcrumb\"},\"inLanguage\":\"fr-FR\",\"potentialAction\":[{\"@type\":\"ReadAction\",\"target\":[\"https:\/\/www.maison-occitane.com\/produit\/2-blocs-de-foie-gras-canard-du-sud-ouest-200g-conserve-boite\/\"]}]},{\"@type\":\"ImageObject\",\"inLanguage\":\"fr-FR\",\"@id\":\"https:\/\/www.maison-occitane.com\/produit\/2-blocs-de-foie-gras-canard-du-sud-ouest-200g-conserve-boite\/#primaryimage\",\"url\":\"https:\/\/www.maison-occitane.com\/app\/uploads\/2025\/05\/8166_520px.jpg\",\"contentUrl\":\"https:\/\/www.maison-occitane.com\/app\/uploads\/2025\/05\/8166_520px.jpg\",\"width\":520,\"height\":450,\"caption\":\"Lot de blocs de foie gras de canard du Sud Ouest\"},{\"@type\":\"BreadcrumbList\",\"@id\":\"https:\/\/www.maison-occitane.com\/produit\/2-blocs-de-foie-gras-canard-du-sud-ouest-200g-conserve-boite\/#breadcrumb\",\"itemListElement\":[{\"@type\":\"ListItem\",\"position\":1,\"name\":\"Accueil\",\"item\":\"https:\/\/www.maison-occitane.com\/fr\/\"},{\"@type\":\"ListItem\",\"position\":2,\"name\":\"Produits\",\"item\":\"https:\/\/www.maison-occitane.com\/fr\/shop\/\"},{\"@type\":\"ListItem\",\"position\":3,\"name\":\"Foie gras\",\"item\":\"https:\/\/www.maison-occitane.com\/fr\/boutique\/foie-gras\/\"},{\"@type\":\"ListItem\",\"position\":4,\"name\":\"Bloc de foie gras en conserve\",\"item\":\"https:\/\/www.maison-occitane.com\/fr\/boutique\/foie-gras\/bloc-de-foie-gras-en-conserve\/\"},{\"@type\":\"ListItem\",\"position\":5,\"name\":\"LOT DE BLOCS DE FOIE GRAS CANARD DU SUD-OUEST\"}]},{\"@type\":\"WebSite\",\"@id\":\"https:\/\/www.maison-occitane.com\/fr\/#website\",\"url\":\"https:\/\/www.maison-occitane.com\/fr\/\",\"name\":\"Maison Occitane\",\"description\":\"\",\"potentialAction\":[{\"@type\":\"SearchAction\",\"target\":{\"@type\":\"EntryPoint\",\"urlTemplate\":\"https:\/\/www.maison-occitane.com\/fr\/?s={search_term_string}\"},\"query-input\":{\"@type\":\"PropertyValueSpecification\",\"valueRequired\":true,\"valueName\":\"search_term_string\"}}],\"inLanguage\":\"fr-FR\"}]}<\/script>\n<!-- \/ Yoast SEO plugin. -->","yoast_head_json":{"title":"LOT 2 BLOCS DE FOIE GRAS CANARD DU SUD-OUEST - Maison Occitane","description":"2 blocs de foie gras de canard IGP Sud-Ouest en direct producteurs. Issus de notre groupement de producteurs. Vente directe. Raffin\u00e9s, fondants, pr\u00eats \u00e0 offrir ou \u00e0 sublimer vos plats.","robots":{"index":"index","follow":"follow","max-snippet":"max-snippet:-1","max-image-preview":"max-image-preview:large","max-video-preview":"max-video-preview:-1"},"canonical":"https:\/\/www.maison-occitane.com\/produit\/2-blocs-de-foie-gras-canard-du-sud-ouest-200g-conserve-boite\/","og_locale":"fr_FR","og_type":"article","og_title":"LOT 2 BLOCS DE FOIE GRAS CANARD DU SUD-OUEST - Maison Occitane","og_description":"2 blocs de foie gras de canard IGP Sud-Ouest en direct producteurs. Issus de notre groupement de producteurs. Vente directe. Raffin\u00e9s, fondants, pr\u00eats \u00e0 offrir ou \u00e0 sublimer vos plats.","og_url":"https:\/\/www.maison-occitane.com\/produit\/2-blocs-de-foie-gras-canard-du-sud-ouest-200g-conserve-boite\/","og_site_name":"Maison Occitane","article_modified_time":"2026-04-23T13:39:31+00:00","og_image":[{"width":520,"height":450,"url":"https:\/\/www.maison-occitane.com\/app\/uploads\/2025\/05\/8166_520px.jpg","type":"image\/jpeg"}],"twitter_card":"summary_large_image","twitter_misc":{"Dur\u00e9e de lecture estim\u00e9e":"1 minute"},"schema":{"@context":"https:\/\/schema.org","@graph":[{"@type":"WebPage","@id":"https:\/\/www.maison-occitane.com\/produit\/2-blocs-de-foie-gras-canard-du-sud-ouest-200g-conserve-boite\/","url":"https:\/\/www.maison-occitane.com\/produit\/2-blocs-de-foie-gras-canard-du-sud-ouest-200g-conserve-boite\/","name":"LOT 2 BLOCS DE FOIE GRAS CANARD DU SUD-OUEST - Maison Occitane","isPartOf":{"@id":"https:\/\/www.maison-occitane.com\/fr\/#website"},"primaryImageOfPage":{"@id":"https:\/\/www.maison-occitane.com\/produit\/2-blocs-de-foie-gras-canard-du-sud-ouest-200g-conserve-boite\/#primaryimage"},"image":{"@id":"https:\/\/www.maison-occitane.com\/produit\/2-blocs-de-foie-gras-canard-du-sud-ouest-200g-conserve-boite\/#primaryimage"},"thumbnailUrl":"https:\/\/www.maison-occitane.com\/app\/uploads\/2025\/05\/8166_520px.jpg","datePublished":"2025-05-05T06:50:37+00:00","dateModified":"2026-04-23T13:39:31+00:00","description":"2 blocs de foie gras de canard IGP Sud-Ouest en direct producteurs. Issus de notre groupement de producteurs. Vente directe. Raffin\u00e9s, fondants, pr\u00eats \u00e0 offrir ou \u00e0 sublimer vos plats.","breadcrumb":{"@id":"https:\/\/www.maison-occitane.com\/produit\/2-blocs-de-foie-gras-canard-du-sud-ouest-200g-conserve-boite\/#breadcrumb"},"inLanguage":"fr-FR","potentialAction":[{"@type":"ReadAction","target":["https:\/\/www.maison-occitane.com\/produit\/2-blocs-de-foie-gras-canard-du-sud-ouest-200g-conserve-boite\/"]}]},{"@type":"ImageObject","inLanguage":"fr-FR","@id":"https:\/\/www.maison-occitane.com\/produit\/2-blocs-de-foie-gras-canard-du-sud-ouest-200g-conserve-boite\/#primaryimage","url":"https:\/\/www.maison-occitane.com\/app\/uploads\/2025\/05\/8166_520px.jpg","contentUrl":"https:\/\/www.maison-occitane.com\/app\/uploads\/2025\/05\/8166_520px.jpg","width":520,"height":450,"caption":"Lot de blocs de foie gras de canard du Sud Ouest"},{"@type":"BreadcrumbList","@id":"https:\/\/www.maison-occitane.com\/produit\/2-blocs-de-foie-gras-canard-du-sud-ouest-200g-conserve-boite\/#breadcrumb","itemListElement":[{"@type":"ListItem","position":1,"name":"Accueil","item":"https:\/\/www.maison-occitane.com\/fr\/"},{"@type":"ListItem","position":2,"name":"Produits","item":"https:\/\/www.maison-occitane.com\/fr\/shop\/"},{"@type":"ListItem","position":3,"name":"Foie gras","item":"https:\/\/www.maison-occitane.com\/fr\/boutique\/foie-gras\/"},{"@type":"ListItem","position":4,"name":"Bloc de foie gras en conserve","item":"https:\/\/www.maison-occitane.com\/fr\/boutique\/foie-gras\/bloc-de-foie-gras-en-conserve\/"},{"@type":"ListItem","position":5,"name":"LOT DE BLOCS DE FOIE GRAS CANARD DU SUD-OUEST"}]},{"@type":"WebSite","@id":"https:\/\/www.maison-occitane.com\/fr\/#website","url":"https:\/\/www.maison-occitane.com\/fr\/","name":"Maison Occitane","description":"","potentialAction":[{"@type":"SearchAction","target":{"@type":"EntryPoint","urlTemplate":"https:\/\/www.maison-occitane.com\/fr\/?s={search_term_string}"},"query-input":{"@type":"PropertyValueSpecification","valueRequired":true,"valueName":"search_term_string"}}],"inLanguage":"fr-FR"}]}},"_links":{"self":[{"href":"https:\/\/www.maison-occitane.com\/fr\/wp-json\/wp\/v2\/product\/3517","targetHints":{"allow":["GET"]}}],"collection":[{"href":"https:\/\/www.maison-occitane.com\/fr\/wp-json\/wp\/v2\/product"}],"about":[{"href":"https:\/\/www.maison-occitane.com\/fr\/wp-json\/wp\/v2\/types\/product"}],"replies":[{"embeddable":true,"href":"https:\/\/www.maison-occitane.com\/fr\/wp-json\/wp\/v2\/comments?post=3517"}],"wp:featuredmedia":[{"embeddable":true,"href":"https:\/\/www.maison-occitane.com\/fr\/wp-json\/wp\/v2\/media\/4633"}],"wp:attachment":[{"href":"https:\/\/www.maison-occitane.com\/fr\/wp-json\/wp\/v2\/media?parent=3517"}],"wp:term":[{"taxonomy":"product_cat","embeddable":true,"href":"https:\/\/www.maison-occitane.com\/fr\/wp-json\/wp\/v2\/product_cat?post=3517"},{"taxonomy":"product_tag","embeddable":true,"href":"https:\/\/www.maison-occitane.com\/fr\/wp-json\/wp\/v2\/product_tag?post=3517"},{"taxonomy":"product_origine","embeddable":true,"href":"https:\/\/www.maison-occitane.com\/fr\/wp-json\/wp\/v2\/origines?post=3517"},{"taxonomy":"label_qualite","embeddable":true,"href":"https:\/\/www.maison-occitane.com\/fr\/wp-json\/wp\/v2\/labels-qualite?post=3517"}],"curies":[{"name":"wp","href":"https:\/\/api.w.org\/{rel}","templated":true}]}}