{"id":3513,"date":"2025-05-05T08:50:36","date_gmt":"2025-05-05T06:50:36","guid":{"rendered":"http:\/\/localhost:8080\/non%20class\u00e9\/pate-au-foie-de-canard-du-sud-ouest-40-de-foie-gras-200g\/"},"modified":"2026-04-23T15:39:31","modified_gmt":"2026-04-23T13:39:31","slug":"pate-au-foie-de-canard-du-sud-ouest-40-de-foie-gras-200g","status":"publish","type":"product","link":"https:\/\/www.maison-occitane.com\/fr\/produit\/pate-au-foie-de-canard-du-sud-ouest-40-de-foie-gras-200g\/","title":{"rendered":"MARBRE AU FOIE DE CANARD DU SUD-OUEST (40% DE FOIE GRAS)"},"content":{"rendered":"<p>Pr\u00e9par\u00e9es avec de la <strong>viande de porc 100% fran\u00e7aise<\/strong> et du foie gras de canard issu de notre propre groupement de producteurs. Nos canards sont \u00e9lev\u00e9s et transform\u00e9s dans le Sud-Ouest, garantissant une qualit\u00e9 et une tra\u00e7abilit\u00e9 irr\u00e9prochables.<\/p>\n<p>Compos\u00e9 de 40% de bloc de foie gras de canard envelopp\u00e9 dans une farce fine et savoureuse. Onctueux, g\u00e9n\u00e9reux,\u00a0<strong data-start=\"965\" data-end=\"999\">sans additifs ni conservateurs<\/strong>, Notre recette est \u00e9l\u00e9gante et gourmande.<\/p>\n<p data-start=\"844\" data-end=\"1101\">D\u00e9couvrez notre gamme de p\u00e2t\u00e9 au foie gras de canard:<\/p>\n<ul>\n<li><a href=\"https:\/\/www.maison-occitane.com\/fr\/produit\/pate-au-foie-canard-du-sud-ouest-20-foie-gras-boite-130g\/\">P\u00e2t\u00e9 au foie gras de canard du Sud-Ouest 20% de foie gras<\/a><\/li>\n<li data-start=\"844\" data-end=\"1101\"><a href=\"https:\/\/www.maison-occitane.com\/fr\/produit\/pate-au-foie-de-canard-du-sud-ouest-40-de-foie-gras-200g\/\">Marbr\u00e9 au foie gras de canard du Sud-Ouest 40% de bloc de foie gras<\/a><\/li>\n<li><a href=\"https:\/\/www.maison-occitane.com\/fr\/produit\/papiton-de-canard-au-foie-gras-et-vin-de-gascogne-180g\/\">Papiton de canard au foie gras et vin doux de Gascogne 20% de foie g$ras<\/a><\/li>\n<\/ul>\n<p><strong><span style=\"color: #f29400;\">Nombre de parts : <\/span><\/strong>5 \u00e0 6 parts<\/p>\n","protected":false},"excerpt":{"rendered":"<p><span class=\"notion-enable-hover\" data-token-index=\"0\">Le porc met son costume haute couture pour accompagner le bloc de foie gras de canard lors de vos ap\u00e9ritifs dinatoires ou vos entr\u00e9es. Elabor\u00e9 avec 40% de bloc de foie gras et de la viande de porc 100% fran\u00e7aise.<\/span><\/p>\n","protected":false},"featured_media":4175,"comment_status":"open","ping_status":"closed","template":"","meta":{"_acf_changed":false},"product_cat":[773,785],"product_tag":[],"origines":[799],"labels-qualite":[],"class_list":{"0":"post-3513","1":"product","2":"type-product","3":"status-publish","4":"has-post-thumbnail","6":"product_brand-maison-occitane","7":"product_cat-specialites-du-sud-ouest","8":"product_cat-pates-au-foie-gras-du-sud-ouest","9":"product_origine-sud-ouest","11":"first","12":"instock","13":"taxable","14":"shipping-taxable","15":"purchasable","16":"product-type-simple","17":"add-to-wishlist-before_image"},"acf":[],"yoast_head":"<!-- This site is optimized with the Yoast SEO plugin v24.9 - https:\/\/yoast.com\/wordpress\/plugins\/seo\/ -->\n<title>PATE AU FOIE GRAS DU SUD-OUEST (40% DE FOIE GRAS) - Maison Occitane<\/title>\n<meta name=\"description\" content=\"Marbr\u00e9 au foie de canard (40%) du Sud-Ouest, une recette \u00e9l\u00e9gante et g\u00e9n\u00e9reuse, sans additifs, avec viande 100% fran\u00e7aise et foie gras de nos producteurs.\" \/>\n<meta name=\"robots\" content=\"index, follow, max-snippet:-1, max-image-preview:large, max-video-preview:-1\" \/>\n<link rel=\"canonical\" href=\"https:\/\/www.maison-occitane.com\/produit\/pate-au-foie-de-canard-du-sud-ouest-40-de-foie-gras-200g\/\" \/>\n<meta property=\"og:locale\" content=\"fr_FR\" \/>\n<meta property=\"og:type\" content=\"article\" \/>\n<meta property=\"og:title\" content=\"PATE AU FOIE GRAS DU SUD-OUEST (40% DE FOIE GRAS) - Maison Occitane\" \/>\n<meta property=\"og:description\" content=\"Marbr\u00e9 au foie de canard (40%) du Sud-Ouest, une recette \u00e9l\u00e9gante et g\u00e9n\u00e9reuse, sans additifs, avec viande 100% fran\u00e7aise et foie gras de nos producteurs.\" \/>\n<meta property=\"og:url\" content=\"https:\/\/www.maison-occitane.com\/produit\/pate-au-foie-de-canard-du-sud-ouest-40-de-foie-gras-200g\/\" \/>\n<meta property=\"og:site_name\" content=\"Maison Occitane\" \/>\n<meta property=\"article:modified_time\" content=\"2026-04-23T13:39:31+00:00\" \/>\n<meta property=\"og:image\" content=\"https:\/\/www.maison-occitane.com\/app\/uploads\/2025\/05\/8160_520px.jpg\" \/>\n\t<meta property=\"og:image:width\" content=\"520\" \/>\n\t<meta property=\"og:image:height\" content=\"450\" \/>\n\t<meta property=\"og:image:type\" content=\"image\/jpeg\" \/>\n<meta name=\"twitter:card\" content=\"summary_large_image\" \/>\n<meta name=\"twitter:label1\" content=\"Dur\u00e9e de lecture estim\u00e9e\" \/>\n\t<meta name=\"twitter:data1\" content=\"1 minute\" \/>\n<script type=\"application\/ld+json\" class=\"yoast-schema-graph\">{\"@context\":\"https:\/\/schema.org\",\"@graph\":[{\"@type\":\"WebPage\",\"@id\":\"https:\/\/www.maison-occitane.com\/produit\/pate-au-foie-de-canard-du-sud-ouest-40-de-foie-gras-200g\/\",\"url\":\"https:\/\/www.maison-occitane.com\/produit\/pate-au-foie-de-canard-du-sud-ouest-40-de-foie-gras-200g\/\",\"name\":\"PATE AU FOIE GRAS DU SUD-OUEST (40% DE FOIE GRAS) - Maison Occitane\",\"isPartOf\":{\"@id\":\"https:\/\/www.maison-occitane.com\/fr\/#website\"},\"primaryImageOfPage\":{\"@id\":\"https:\/\/www.maison-occitane.com\/produit\/pate-au-foie-de-canard-du-sud-ouest-40-de-foie-gras-200g\/#primaryimage\"},\"image\":{\"@id\":\"https:\/\/www.maison-occitane.com\/produit\/pate-au-foie-de-canard-du-sud-ouest-40-de-foie-gras-200g\/#primaryimage\"},\"thumbnailUrl\":\"https:\/\/www.maison-occitane.com\/app\/uploads\/2025\/05\/8160_520px.jpg\",\"datePublished\":\"2025-05-05T06:50:36+00:00\",\"dateModified\":\"2026-04-23T13:39:31+00:00\",\"description\":\"Marbr\u00e9 au foie de canard (40%) du Sud-Ouest, une recette \u00e9l\u00e9gante et g\u00e9n\u00e9reuse, sans additifs, avec viande 100% fran\u00e7aise et foie gras de nos producteurs.\",\"breadcrumb\":{\"@id\":\"https:\/\/www.maison-occitane.com\/produit\/pate-au-foie-de-canard-du-sud-ouest-40-de-foie-gras-200g\/#breadcrumb\"},\"inLanguage\":\"fr-FR\",\"potentialAction\":[{\"@type\":\"ReadAction\",\"target\":[\"https:\/\/www.maison-occitane.com\/produit\/pate-au-foie-de-canard-du-sud-ouest-40-de-foie-gras-200g\/\"]}]},{\"@type\":\"ImageObject\",\"inLanguage\":\"fr-FR\",\"@id\":\"https:\/\/www.maison-occitane.com\/produit\/pate-au-foie-de-canard-du-sud-ouest-40-de-foie-gras-200g\/#primaryimage\",\"url\":\"https:\/\/www.maison-occitane.com\/app\/uploads\/2025\/05\/8160_520px.jpg\",\"contentUrl\":\"https:\/\/www.maison-occitane.com\/app\/uploads\/2025\/05\/8160_520px.jpg\",\"width\":520,\"height\":450,\"caption\":\"Marbr\u00e9 au foie de canard du Sud-Ouest\"},{\"@type\":\"BreadcrumbList\",\"@id\":\"https:\/\/www.maison-occitane.com\/produit\/pate-au-foie-de-canard-du-sud-ouest-40-de-foie-gras-200g\/#breadcrumb\",\"itemListElement\":[{\"@type\":\"ListItem\",\"position\":1,\"name\":\"Accueil\",\"item\":\"https:\/\/www.maison-occitane.com\/fr\/\"},{\"@type\":\"ListItem\",\"position\":2,\"name\":\"Produits\",\"item\":\"https:\/\/www.maison-occitane.com\/fr\/shop\/\"},{\"@type\":\"ListItem\",\"position\":3,\"name\":\"Sp\u00e9cialit\u00e9s du Sud-Ouest\",\"item\":\"https:\/\/www.maison-occitane.com\/fr\/boutique\/specialites-du-sud-ouest\/\"},{\"@type\":\"ListItem\",\"position\":4,\"name\":\"P\u00e2t\u00e9s au foie gras du Sud-Ouest\",\"item\":\"https:\/\/www.maison-occitane.com\/fr\/boutique\/specialites-du-sud-ouest\/pates-au-foie-gras-du-sud-ouest\/\"},{\"@type\":\"ListItem\",\"position\":5,\"name\":\"MARBRE AU FOIE DE CANARD DU SUD-OUEST (40% DE FOIE GRAS)\"}]},{\"@type\":\"WebSite\",\"@id\":\"https:\/\/www.maison-occitane.com\/fr\/#website\",\"url\":\"https:\/\/www.maison-occitane.com\/fr\/\",\"name\":\"Maison Occitane\",\"description\":\"\",\"potentialAction\":[{\"@type\":\"SearchAction\",\"target\":{\"@type\":\"EntryPoint\",\"urlTemplate\":\"https:\/\/www.maison-occitane.com\/fr\/?s={search_term_string}\"},\"query-input\":{\"@type\":\"PropertyValueSpecification\",\"valueRequired\":true,\"valueName\":\"search_term_string\"}}],\"inLanguage\":\"fr-FR\"}]}<\/script>\n<!-- \/ Yoast SEO plugin. -->","yoast_head_json":{"title":"PATE AU FOIE GRAS DU SUD-OUEST (40% DE FOIE GRAS) - Maison Occitane","description":"Marbr\u00e9 au foie de canard (40%) du Sud-Ouest, une recette \u00e9l\u00e9gante et g\u00e9n\u00e9reuse, sans additifs, avec viande 100% fran\u00e7aise et foie gras de nos producteurs.","robots":{"index":"index","follow":"follow","max-snippet":"max-snippet:-1","max-image-preview":"max-image-preview:large","max-video-preview":"max-video-preview:-1"},"canonical":"https:\/\/www.maison-occitane.com\/produit\/pate-au-foie-de-canard-du-sud-ouest-40-de-foie-gras-200g\/","og_locale":"fr_FR","og_type":"article","og_title":"PATE AU FOIE GRAS DU SUD-OUEST (40% DE FOIE GRAS) - Maison Occitane","og_description":"Marbr\u00e9 au foie de canard (40%) du Sud-Ouest, une recette \u00e9l\u00e9gante et g\u00e9n\u00e9reuse, sans additifs, avec viande 100% fran\u00e7aise et foie gras de nos producteurs.","og_url":"https:\/\/www.maison-occitane.com\/produit\/pate-au-foie-de-canard-du-sud-ouest-40-de-foie-gras-200g\/","og_site_name":"Maison Occitane","article_modified_time":"2026-04-23T13:39:31+00:00","og_image":[{"width":520,"height":450,"url":"https:\/\/www.maison-occitane.com\/app\/uploads\/2025\/05\/8160_520px.jpg","type":"image\/jpeg"}],"twitter_card":"summary_large_image","twitter_misc":{"Dur\u00e9e de lecture estim\u00e9e":"1 minute"},"schema":{"@context":"https:\/\/schema.org","@graph":[{"@type":"WebPage","@id":"https:\/\/www.maison-occitane.com\/produit\/pate-au-foie-de-canard-du-sud-ouest-40-de-foie-gras-200g\/","url":"https:\/\/www.maison-occitane.com\/produit\/pate-au-foie-de-canard-du-sud-ouest-40-de-foie-gras-200g\/","name":"PATE AU FOIE GRAS DU SUD-OUEST (40% DE FOIE GRAS) - Maison Occitane","isPartOf":{"@id":"https:\/\/www.maison-occitane.com\/fr\/#website"},"primaryImageOfPage":{"@id":"https:\/\/www.maison-occitane.com\/produit\/pate-au-foie-de-canard-du-sud-ouest-40-de-foie-gras-200g\/#primaryimage"},"image":{"@id":"https:\/\/www.maison-occitane.com\/produit\/pate-au-foie-de-canard-du-sud-ouest-40-de-foie-gras-200g\/#primaryimage"},"thumbnailUrl":"https:\/\/www.maison-occitane.com\/app\/uploads\/2025\/05\/8160_520px.jpg","datePublished":"2025-05-05T06:50:36+00:00","dateModified":"2026-04-23T13:39:31+00:00","description":"Marbr\u00e9 au foie de canard (40%) du Sud-Ouest, une recette \u00e9l\u00e9gante et g\u00e9n\u00e9reuse, sans additifs, avec viande 100% fran\u00e7aise et foie gras de nos producteurs.","breadcrumb":{"@id":"https:\/\/www.maison-occitane.com\/produit\/pate-au-foie-de-canard-du-sud-ouest-40-de-foie-gras-200g\/#breadcrumb"},"inLanguage":"fr-FR","potentialAction":[{"@type":"ReadAction","target":["https:\/\/www.maison-occitane.com\/produit\/pate-au-foie-de-canard-du-sud-ouest-40-de-foie-gras-200g\/"]}]},{"@type":"ImageObject","inLanguage":"fr-FR","@id":"https:\/\/www.maison-occitane.com\/produit\/pate-au-foie-de-canard-du-sud-ouest-40-de-foie-gras-200g\/#primaryimage","url":"https:\/\/www.maison-occitane.com\/app\/uploads\/2025\/05\/8160_520px.jpg","contentUrl":"https:\/\/www.maison-occitane.com\/app\/uploads\/2025\/05\/8160_520px.jpg","width":520,"height":450,"caption":"Marbr\u00e9 au foie de canard du Sud-Ouest"},{"@type":"BreadcrumbList","@id":"https:\/\/www.maison-occitane.com\/produit\/pate-au-foie-de-canard-du-sud-ouest-40-de-foie-gras-200g\/#breadcrumb","itemListElement":[{"@type":"ListItem","position":1,"name":"Accueil","item":"https:\/\/www.maison-occitane.com\/fr\/"},{"@type":"ListItem","position":2,"name":"Produits","item":"https:\/\/www.maison-occitane.com\/fr\/shop\/"},{"@type":"ListItem","position":3,"name":"Sp\u00e9cialit\u00e9s du Sud-Ouest","item":"https:\/\/www.maison-occitane.com\/fr\/boutique\/specialites-du-sud-ouest\/"},{"@type":"ListItem","position":4,"name":"P\u00e2t\u00e9s au foie gras du Sud-Ouest","item":"https:\/\/www.maison-occitane.com\/fr\/boutique\/specialites-du-sud-ouest\/pates-au-foie-gras-du-sud-ouest\/"},{"@type":"ListItem","position":5,"name":"MARBRE AU FOIE DE CANARD DU SUD-OUEST (40% DE FOIE GRAS)"}]},{"@type":"WebSite","@id":"https:\/\/www.maison-occitane.com\/fr\/#website","url":"https:\/\/www.maison-occitane.com\/fr\/","name":"Maison Occitane","description":"","potentialAction":[{"@type":"SearchAction","target":{"@type":"EntryPoint","urlTemplate":"https:\/\/www.maison-occitane.com\/fr\/?s={search_term_string}"},"query-input":{"@type":"PropertyValueSpecification","valueRequired":true,"valueName":"search_term_string"}}],"inLanguage":"fr-FR"}]}},"_links":{"self":[{"href":"https:\/\/www.maison-occitane.com\/fr\/wp-json\/wp\/v2\/product\/3513","targetHints":{"allow":["GET"]}}],"collection":[{"href":"https:\/\/www.maison-occitane.com\/fr\/wp-json\/wp\/v2\/product"}],"about":[{"href":"https:\/\/www.maison-occitane.com\/fr\/wp-json\/wp\/v2\/types\/product"}],"replies":[{"embeddable":true,"href":"https:\/\/www.maison-occitane.com\/fr\/wp-json\/wp\/v2\/comments?post=3513"}],"wp:featuredmedia":[{"embeddable":true,"href":"https:\/\/www.maison-occitane.com\/fr\/wp-json\/wp\/v2\/media\/4175"}],"wp:attachment":[{"href":"https:\/\/www.maison-occitane.com\/fr\/wp-json\/wp\/v2\/media?parent=3513"}],"wp:term":[{"taxonomy":"product_cat","embeddable":true,"href":"https:\/\/www.maison-occitane.com\/fr\/wp-json\/wp\/v2\/product_cat?post=3513"},{"taxonomy":"product_tag","embeddable":true,"href":"https:\/\/www.maison-occitane.com\/fr\/wp-json\/wp\/v2\/product_tag?post=3513"},{"taxonomy":"product_origine","embeddable":true,"href":"https:\/\/www.maison-occitane.com\/fr\/wp-json\/wp\/v2\/origines?post=3513"},{"taxonomy":"label_qualite","embeddable":true,"href":"https:\/\/www.maison-occitane.com\/fr\/wp-json\/wp\/v2\/labels-qualite?post=3513"}],"curies":[{"name":"wp","href":"https:\/\/api.w.org\/{rel}","templated":true}]}}