{"id":3509,"date":"2025-05-05T08:50:35","date_gmt":"2025-05-05T06:50:35","guid":{"rendered":"http:\/\/localhost:8080\/non%20class\u00e9\/jambonneau-recette-traditionnelle-verrine-360g\/"},"modified":"2026-04-13T09:57:50","modified_gmt":"2026-04-13T07:57:50","slug":"jambonneau-recette-traditionnelle-verrine-360g","status":"publish","type":"product","link":"https:\/\/www.maison-occitane.com\/fr\/produit\/jambonneau-recette-traditionnelle-verrine-360g\/","title":{"rendered":"JAMBONNEAU DE PORC"},"content":{"rendered":"<p>Un classique de la cuisine traditionnelle<\/p>\n<p>Le jambonneau de porc est la partie des pattes entre l\u2019\u00e9paule et le pied (la patte ant\u00e9rieure) appel\u00e9e aussi jarret avant. Sa chair est ferme, l\u00e9g\u00e8rement g\u00e9latineuse et savoureuse.<\/p>\n<p>Pr\u00e9par\u00e9 uniquement avec du jambonneau de porc d\u2019origine fran\u00e7aise, du sel et du poivre, ce produit sans conservateur ni colorant met \u00e0 l\u2019honneur la qualit\u00e9 brute et authentique de la viande.<\/p>\n<p><strong><span style=\"color: #f29400;\">Nombre de parts :\u00a0<\/span><\/strong> 4 parts<\/p>\n","protected":false},"excerpt":{"rendered":"<p><span class=\"notion-enable-hover\" data-token-index=\"0\">Une recette traditionnelle qui ne vous laissera pas indiff\u00e9rent, le c\u00f4t\u00e9 rustique et la finesse de cette recette vont vous faire d\u00e9couvrir un go\u00fbt unique.<\/span><\/p>\n","protected":false},"featured_media":4167,"comment_status":"open","ping_status":"closed","template":"","meta":{"_acf_changed":false},"product_cat":[773,784],"product_tag":[],"origines":[800],"labels-qualite":[],"class_list":{"0":"post-3509","1":"product","2":"type-product","3":"status-publish","4":"has-post-thumbnail","6":"product_brand-maison-occitane","7":"product_cat-specialites-du-sud-ouest","8":"product_cat-entrees-du-terroir","9":"product_origine-autre","11":"first","12":"instock","13":"taxable","14":"shipping-taxable","15":"purchasable","16":"product-type-simple","17":"add-to-wishlist-before_image"},"acf":[],"yoast_head":"<!-- This site is optimized with the Yoast SEO plugin v24.9 - https:\/\/yoast.com\/wordpress\/plugins\/seo\/ -->\n<title>JAMBONNEAU DE PORC - Maison Occitane<\/title>\n<meta name=\"description\" content=\"Jambonneau de porc sans conservateur, porc d&#039;origine France, \u00e0 la chair ferme et savoureuse. Une recette rustique et fine, id\u00e9ale en entr\u00e9e avec cornichons et pain grill\u00e9.\" \/>\n<meta name=\"robots\" content=\"index, follow, max-snippet:-1, max-image-preview:large, max-video-preview:-1\" \/>\n<link rel=\"canonical\" href=\"https:\/\/www.maison-occitane.com\/fr\/produit\/jambonneau-recette-traditionnelle-verrine-360g\/\" \/>\n<meta property=\"og:locale\" content=\"fr_FR\" \/>\n<meta property=\"og:type\" content=\"article\" \/>\n<meta property=\"og:title\" content=\"JAMBONNEAU DE PORC - Maison Occitane\" \/>\n<meta property=\"og:description\" content=\"Jambonneau de porc sans conservateur, porc d&#039;origine France, \u00e0 la chair ferme et savoureuse. Une recette rustique et fine, id\u00e9ale en entr\u00e9e avec cornichons et pain grill\u00e9.\" \/>\n<meta property=\"og:url\" content=\"https:\/\/www.maison-occitane.com\/fr\/produit\/jambonneau-recette-traditionnelle-verrine-360g\/\" \/>\n<meta property=\"og:site_name\" content=\"Maison Occitane\" \/>\n<meta property=\"article:modified_time\" content=\"2026-04-13T07:57:50+00:00\" \/>\n<meta property=\"og:image\" content=\"https:\/\/www.maison-occitane.com\/app\/uploads\/2025\/05\/8152_520px.jpg\" \/>\n\t<meta property=\"og:image:width\" content=\"520\" \/>\n\t<meta property=\"og:image:height\" content=\"420\" \/>\n\t<meta property=\"og:image:type\" content=\"image\/jpeg\" \/>\n<meta name=\"twitter:card\" content=\"summary_large_image\" \/>\n<meta name=\"twitter:label1\" content=\"Dur\u00e9e de lecture estim\u00e9e\" \/>\n\t<meta name=\"twitter:data1\" content=\"1 minute\" \/>\n<script type=\"application\/ld+json\" class=\"yoast-schema-graph\">{\"@context\":\"https:\/\/schema.org\",\"@graph\":[{\"@type\":\"WebPage\",\"@id\":\"https:\/\/www.maison-occitane.com\/fr\/produit\/jambonneau-recette-traditionnelle-verrine-360g\/\",\"url\":\"https:\/\/www.maison-occitane.com\/fr\/produit\/jambonneau-recette-traditionnelle-verrine-360g\/\",\"name\":\"JAMBONNEAU DE PORC - Maison Occitane\",\"isPartOf\":{\"@id\":\"https:\/\/www.maison-occitane.com\/fr\/#website\"},\"primaryImageOfPage\":{\"@id\":\"https:\/\/www.maison-occitane.com\/fr\/produit\/jambonneau-recette-traditionnelle-verrine-360g\/#primaryimage\"},\"image\":{\"@id\":\"https:\/\/www.maison-occitane.com\/fr\/produit\/jambonneau-recette-traditionnelle-verrine-360g\/#primaryimage\"},\"thumbnailUrl\":\"https:\/\/www.maison-occitane.com\/app\/uploads\/2025\/05\/8152_520px.jpg\",\"datePublished\":\"2025-05-05T06:50:35+00:00\",\"dateModified\":\"2026-04-13T07:57:50+00:00\",\"description\":\"Jambonneau de porc sans conservateur, porc d'origine France, \u00e0 la chair ferme et savoureuse. Une recette rustique et fine, id\u00e9ale en entr\u00e9e avec cornichons et pain grill\u00e9.\",\"breadcrumb\":{\"@id\":\"https:\/\/www.maison-occitane.com\/fr\/produit\/jambonneau-recette-traditionnelle-verrine-360g\/#breadcrumb\"},\"inLanguage\":\"fr-FR\",\"potentialAction\":[{\"@type\":\"ReadAction\",\"target\":[\"https:\/\/www.maison-occitane.com\/fr\/produit\/jambonneau-recette-traditionnelle-verrine-360g\/\"]}]},{\"@type\":\"ImageObject\",\"inLanguage\":\"fr-FR\",\"@id\":\"https:\/\/www.maison-occitane.com\/fr\/produit\/jambonneau-recette-traditionnelle-verrine-360g\/#primaryimage\",\"url\":\"https:\/\/www.maison-occitane.com\/app\/uploads\/2025\/05\/8152_520px.jpg\",\"contentUrl\":\"https:\/\/www.maison-occitane.com\/app\/uploads\/2025\/05\/8152_520px.jpg\",\"width\":520,\"height\":420,\"caption\":\"Jambonneau de porc\"},{\"@type\":\"BreadcrumbList\",\"@id\":\"https:\/\/www.maison-occitane.com\/fr\/produit\/jambonneau-recette-traditionnelle-verrine-360g\/#breadcrumb\",\"itemListElement\":[{\"@type\":\"ListItem\",\"position\":1,\"name\":\"Accueil\",\"item\":\"https:\/\/www.maison-occitane.com\/fr\/\"},{\"@type\":\"ListItem\",\"position\":2,\"name\":\"Produits\",\"item\":\"https:\/\/www.maison-occitane.com\/fr\/shop\/\"},{\"@type\":\"ListItem\",\"position\":3,\"name\":\"Sp\u00e9cialit\u00e9s du Sud-Ouest\",\"item\":\"https:\/\/www.maison-occitane.com\/fr\/boutique\/specialites-du-sud-ouest\/\"},{\"@type\":\"ListItem\",\"position\":4,\"name\":\"Entr\u00e9es du terroir\",\"item\":\"https:\/\/www.maison-occitane.com\/fr\/boutique\/specialites-du-sud-ouest\/entrees-du-terroir\/\"},{\"@type\":\"ListItem\",\"position\":5,\"name\":\"JAMBONNEAU DE PORC\"}]},{\"@type\":\"WebSite\",\"@id\":\"https:\/\/www.maison-occitane.com\/fr\/#website\",\"url\":\"https:\/\/www.maison-occitane.com\/fr\/\",\"name\":\"Maison Occitane\",\"description\":\"\",\"potentialAction\":[{\"@type\":\"SearchAction\",\"target\":{\"@type\":\"EntryPoint\",\"urlTemplate\":\"https:\/\/www.maison-occitane.com\/fr\/?s={search_term_string}\"},\"query-input\":{\"@type\":\"PropertyValueSpecification\",\"valueRequired\":true,\"valueName\":\"search_term_string\"}}],\"inLanguage\":\"fr-FR\"}]}<\/script>\n<!-- \/ Yoast SEO plugin. -->","yoast_head_json":{"title":"JAMBONNEAU DE PORC - Maison Occitane","description":"Jambonneau de porc sans conservateur, porc d'origine France, \u00e0 la chair ferme et savoureuse. Une recette rustique et fine, id\u00e9ale en entr\u00e9e avec cornichons et pain grill\u00e9.","robots":{"index":"index","follow":"follow","max-snippet":"max-snippet:-1","max-image-preview":"max-image-preview:large","max-video-preview":"max-video-preview:-1"},"canonical":"https:\/\/www.maison-occitane.com\/fr\/produit\/jambonneau-recette-traditionnelle-verrine-360g\/","og_locale":"fr_FR","og_type":"article","og_title":"JAMBONNEAU DE PORC - Maison Occitane","og_description":"Jambonneau de porc sans conservateur, porc d'origine France, \u00e0 la chair ferme et savoureuse. Une recette rustique et fine, id\u00e9ale en entr\u00e9e avec cornichons et pain grill\u00e9.","og_url":"https:\/\/www.maison-occitane.com\/fr\/produit\/jambonneau-recette-traditionnelle-verrine-360g\/","og_site_name":"Maison Occitane","article_modified_time":"2026-04-13T07:57:50+00:00","og_image":[{"width":520,"height":420,"url":"https:\/\/www.maison-occitane.com\/app\/uploads\/2025\/05\/8152_520px.jpg","type":"image\/jpeg"}],"twitter_card":"summary_large_image","twitter_misc":{"Dur\u00e9e de lecture estim\u00e9e":"1 minute"},"schema":{"@context":"https:\/\/schema.org","@graph":[{"@type":"WebPage","@id":"https:\/\/www.maison-occitane.com\/fr\/produit\/jambonneau-recette-traditionnelle-verrine-360g\/","url":"https:\/\/www.maison-occitane.com\/fr\/produit\/jambonneau-recette-traditionnelle-verrine-360g\/","name":"JAMBONNEAU DE PORC - Maison Occitane","isPartOf":{"@id":"https:\/\/www.maison-occitane.com\/fr\/#website"},"primaryImageOfPage":{"@id":"https:\/\/www.maison-occitane.com\/fr\/produit\/jambonneau-recette-traditionnelle-verrine-360g\/#primaryimage"},"image":{"@id":"https:\/\/www.maison-occitane.com\/fr\/produit\/jambonneau-recette-traditionnelle-verrine-360g\/#primaryimage"},"thumbnailUrl":"https:\/\/www.maison-occitane.com\/app\/uploads\/2025\/05\/8152_520px.jpg","datePublished":"2025-05-05T06:50:35+00:00","dateModified":"2026-04-13T07:57:50+00:00","description":"Jambonneau de porc sans conservateur, porc d'origine France, \u00e0 la chair ferme et savoureuse. Une recette rustique et fine, id\u00e9ale en entr\u00e9e avec cornichons et pain grill\u00e9.","breadcrumb":{"@id":"https:\/\/www.maison-occitane.com\/fr\/produit\/jambonneau-recette-traditionnelle-verrine-360g\/#breadcrumb"},"inLanguage":"fr-FR","potentialAction":[{"@type":"ReadAction","target":["https:\/\/www.maison-occitane.com\/fr\/produit\/jambonneau-recette-traditionnelle-verrine-360g\/"]}]},{"@type":"ImageObject","inLanguage":"fr-FR","@id":"https:\/\/www.maison-occitane.com\/fr\/produit\/jambonneau-recette-traditionnelle-verrine-360g\/#primaryimage","url":"https:\/\/www.maison-occitane.com\/app\/uploads\/2025\/05\/8152_520px.jpg","contentUrl":"https:\/\/www.maison-occitane.com\/app\/uploads\/2025\/05\/8152_520px.jpg","width":520,"height":420,"caption":"Jambonneau de porc"},{"@type":"BreadcrumbList","@id":"https:\/\/www.maison-occitane.com\/fr\/produit\/jambonneau-recette-traditionnelle-verrine-360g\/#breadcrumb","itemListElement":[{"@type":"ListItem","position":1,"name":"Accueil","item":"https:\/\/www.maison-occitane.com\/fr\/"},{"@type":"ListItem","position":2,"name":"Produits","item":"https:\/\/www.maison-occitane.com\/fr\/shop\/"},{"@type":"ListItem","position":3,"name":"Sp\u00e9cialit\u00e9s du Sud-Ouest","item":"https:\/\/www.maison-occitane.com\/fr\/boutique\/specialites-du-sud-ouest\/"},{"@type":"ListItem","position":4,"name":"Entr\u00e9es du terroir","item":"https:\/\/www.maison-occitane.com\/fr\/boutique\/specialites-du-sud-ouest\/entrees-du-terroir\/"},{"@type":"ListItem","position":5,"name":"JAMBONNEAU DE PORC"}]},{"@type":"WebSite","@id":"https:\/\/www.maison-occitane.com\/fr\/#website","url":"https:\/\/www.maison-occitane.com\/fr\/","name":"Maison Occitane","description":"","potentialAction":[{"@type":"SearchAction","target":{"@type":"EntryPoint","urlTemplate":"https:\/\/www.maison-occitane.com\/fr\/?s={search_term_string}"},"query-input":{"@type":"PropertyValueSpecification","valueRequired":true,"valueName":"search_term_string"}}],"inLanguage":"fr-FR"}]}},"_links":{"self":[{"href":"https:\/\/www.maison-occitane.com\/fr\/wp-json\/wp\/v2\/product\/3509","targetHints":{"allow":["GET"]}}],"collection":[{"href":"https:\/\/www.maison-occitane.com\/fr\/wp-json\/wp\/v2\/product"}],"about":[{"href":"https:\/\/www.maison-occitane.com\/fr\/wp-json\/wp\/v2\/types\/product"}],"replies":[{"embeddable":true,"href":"https:\/\/www.maison-occitane.com\/fr\/wp-json\/wp\/v2\/comments?post=3509"}],"wp:featuredmedia":[{"embeddable":true,"href":"https:\/\/www.maison-occitane.com\/fr\/wp-json\/wp\/v2\/media\/4167"}],"wp:attachment":[{"href":"https:\/\/www.maison-occitane.com\/fr\/wp-json\/wp\/v2\/media?parent=3509"}],"wp:term":[{"taxonomy":"product_cat","embeddable":true,"href":"https:\/\/www.maison-occitane.com\/fr\/wp-json\/wp\/v2\/product_cat?post=3509"},{"taxonomy":"product_tag","embeddable":true,"href":"https:\/\/www.maison-occitane.com\/fr\/wp-json\/wp\/v2\/product_tag?post=3509"},{"taxonomy":"product_origine","embeddable":true,"href":"https:\/\/www.maison-occitane.com\/fr\/wp-json\/wp\/v2\/origines?post=3509"},{"taxonomy":"label_qualite","embeddable":true,"href":"https:\/\/www.maison-occitane.com\/fr\/wp-json\/wp\/v2\/labels-qualite?post=3509"}],"curies":[{"name":"wp","href":"https:\/\/api.w.org\/{rel}","templated":true}]}}