{"id":3508,"date":"2025-05-05T08:50:35","date_gmt":"2025-05-05T06:50:35","guid":{"rendered":"http:\/\/localhost:8080\/non%20class\u00e9\/cassoulet-gastronomique-au-confit-de-canard-boite-590g\/"},"modified":"2026-04-22T16:53:38","modified_gmt":"2026-04-22T14:53:38","slug":"cassoulet-gastronomique-au-confit-de-canard-boite-590g","status":"publish","type":"product","link":"https:\/\/www.maison-occitane.com\/fr\/produit\/cassoulet-gastronomique-au-confit-de-canard-boite-590g\/","title":{"rendered":"CASSOULET GASTRONOMIQUE AU CONFIT DE CANARD"},"content":{"rendered":"<p>D\u00e9couvrez le <strong data-start=\"13\" data-end=\"60\">cassoulet gastronomique au confit de canard<\/strong>, cuisin\u00e9 dans les r\u00e8gles de l\u2019art \u00e0 <strong data-start=\"97\" data-end=\"114\">Castelnaudary<\/strong>, berceau historique de cette sp\u00e9cialit\u00e9 embl\u00e9matique du Sud-Ouest.<\/p>\n<p>Dans cette g\u00e9n\u00e9reuse bo\u00eete de 590g, parfaitement adapt\u00e9e pour une personne, se cache un \u00e9quilibre savoureux entre <strong data-start=\"296\" data-end=\"324\">haricots lingots<\/strong>, fondants et riches en go\u00fbt, et <strong data-start=\"357\" data-end=\"393\">de viandes d&rsquo;origine France<\/strong> avec <strong data-start=\"396\" data-end=\"432\">des cuisses de canard confites<\/strong>, dor\u00e9es et moelleuse, <strong data-start=\"454\" data-end=\"486\">accompagn\u00e9 avec la traditionnelle saucisse de Toulouse<\/strong> \u00e0 la saveur authentique. Sans oubli\u00e9 l&rsquo;incontournable couennes pour une touche d\u2019onctuosit\u00e9. L\u2019ensemble est napp\u00e9 d\u2019une sauce maison parfum\u00e9e, \u00e9labor\u00e9e \u00e0 base de graisse de canard, pulpe d\u2019ail, concentr\u00e9 de tomates, sel et poivre. <strong>Sans colorant, ni conservateur, ni ar\u00f4me artificiel<\/strong>, ce cassoulet d\u00e9veloppe des ar\u00f4mes profonds et un go\u00fbt authentique qui r\u00e9chauffe le c\u0153ur.<\/p>\n<p>Un plat r\u00e9confortant et g\u00e9n\u00e9reux, id\u00e9al pour les amateurs de cuisine traditionnelle fran\u00e7aise et les fins gourmets en qu\u00eate d\u2019un moment de plaisir.<\/p>\n<p data-start=\"827\" data-end=\"1172\">D\u00e9couvrez notre gamme de cassoulets :<\/p>\n<ul>\n<li data-start=\"827\" data-end=\"1172\"><a href=\"https:\/\/www.maison-occitane.com\/fr\/produit\/cassoulet-de-canard-et-saucisses-toulouse-bocal-380g\/\">Cassoulet de canard et saucisses de Toulouse 380g<\/a><\/li>\n<li data-start=\"827\" data-end=\"1172\"><a href=\"https:\/\/www.maison-occitane.com\/fr\/produit\/cassoulet-au-canard-bocal-780g\/\">Cassoulet au canard 780g<\/a><\/li>\n<li data-start=\"827\" data-end=\"1172\"><a href=\"https:\/\/www.maison-occitane.com\/fr\/produit\/cassoulet-aux-manchons-de-canard-bocal-1400g\/\">Cassoulet aux manchons de canard 1400g<\/a><\/li>\n<\/ul>\n<p><strong><span style=\"color: #f29400;\">Nombre de parts : <\/span><\/strong>\u00a01 part<\/p>\n","protected":false},"excerpt":{"rendered":"<p>Un cassoulet gastronomique cuisin\u00e9 \u00e0 Castelnaudary, selon la recette authentique : cuisse de canard confite, saucisse de Toulouse, haricots fondants et sauce onctueuse. Un grand classique du Sud-Ouest \u00e0 savourer en solo.<\/p>\n","protected":false},"featured_media":4212,"comment_status":"open","ping_status":"closed","template":"","meta":{"_acf_changed":false},"product_cat":[775,789],"product_tag":[],"origines":[800],"labels-qualite":[],"class_list":{"0":"post-3508","1":"product","2":"type-product","3":"status-publish","4":"has-post-thumbnail","6":"product_brand-maison-occitane","7":"product_cat-epicerie-fine","8":"product_cat-plats-cuisines","9":"product_origine-autre","11":"first","12":"instock","13":"taxable","14":"shipping-taxable","15":"purchasable","16":"product-type-simple","17":"add-to-wishlist-before_image"},"acf":[],"yoast_head":"<!-- This site is optimized with the Yoast SEO plugin v24.9 - https:\/\/yoast.com\/wordpress\/plugins\/seo\/ -->\n<title>CASSOULET GASTRONOMIQUE AU CONFIT DE CANARD - Maison Occitane<\/title>\n<meta name=\"description\" content=\"Cassoulet gastronomique au confit de canard 590g \u2013 Cuisse de canard, saucisse de Toulouse, haricots lingots. Recette traditionnelle de Castelnaudary. Origine France. Sans conservateur.\" \/>\n<meta name=\"robots\" content=\"index, follow, max-snippet:-1, max-image-preview:large, max-video-preview:-1\" \/>\n<link rel=\"canonical\" href=\"https:\/\/www.maison-occitane.com\/fr\/produit\/cassoulet-gastronomique-au-confit-de-canard-boite-590g\/\" \/>\n<meta property=\"og:locale\" content=\"fr_FR\" \/>\n<meta property=\"og:type\" content=\"article\" \/>\n<meta property=\"og:title\" content=\"CASSOULET GASTRONOMIQUE AU CONFIT DE CANARD - Maison Occitane\" \/>\n<meta property=\"og:description\" content=\"Cassoulet gastronomique au confit de canard 590g \u2013 Cuisse de canard, saucisse de Toulouse, haricots lingots. Recette traditionnelle de Castelnaudary. Origine France. Sans conservateur.\" \/>\n<meta property=\"og:url\" content=\"https:\/\/www.maison-occitane.com\/fr\/produit\/cassoulet-gastronomique-au-confit-de-canard-boite-590g\/\" \/>\n<meta property=\"og:site_name\" content=\"Maison Occitane\" \/>\n<meta property=\"article:modified_time\" content=\"2026-04-22T14:53:38+00:00\" \/>\n<meta property=\"og:image\" content=\"https:\/\/www.maison-occitane.com\/app\/uploads\/2025\/05\/8151.jpg\" \/>\n\t<meta property=\"og:image:width\" content=\"2000\" \/>\n\t<meta property=\"og:image:height\" content=\"1333\" \/>\n\t<meta property=\"og:image:type\" content=\"image\/jpeg\" \/>\n<meta name=\"twitter:card\" content=\"summary_large_image\" \/>\n<meta name=\"twitter:label1\" content=\"Dur\u00e9e de lecture estim\u00e9e\" \/>\n\t<meta name=\"twitter:data1\" content=\"2 minutes\" \/>\n<script type=\"application\/ld+json\" class=\"yoast-schema-graph\">{\"@context\":\"https:\/\/schema.org\",\"@graph\":[{\"@type\":\"WebPage\",\"@id\":\"https:\/\/www.maison-occitane.com\/fr\/produit\/cassoulet-gastronomique-au-confit-de-canard-boite-590g\/\",\"url\":\"https:\/\/www.maison-occitane.com\/fr\/produit\/cassoulet-gastronomique-au-confit-de-canard-boite-590g\/\",\"name\":\"CASSOULET GASTRONOMIQUE AU CONFIT DE CANARD - Maison Occitane\",\"isPartOf\":{\"@id\":\"https:\/\/www.maison-occitane.com\/fr\/#website\"},\"primaryImageOfPage\":{\"@id\":\"https:\/\/www.maison-occitane.com\/fr\/produit\/cassoulet-gastronomique-au-confit-de-canard-boite-590g\/#primaryimage\"},\"image\":{\"@id\":\"https:\/\/www.maison-occitane.com\/fr\/produit\/cassoulet-gastronomique-au-confit-de-canard-boite-590g\/#primaryimage\"},\"thumbnailUrl\":\"https:\/\/www.maison-occitane.com\/app\/uploads\/2025\/05\/8151.jpg\",\"datePublished\":\"2025-05-05T06:50:35+00:00\",\"dateModified\":\"2026-04-22T14:53:38+00:00\",\"description\":\"Cassoulet gastronomique au confit de canard 590g \u2013 Cuisse de canard, saucisse de Toulouse, haricots lingots. Recette traditionnelle de Castelnaudary. Origine France. Sans conservateur.\",\"breadcrumb\":{\"@id\":\"https:\/\/www.maison-occitane.com\/fr\/produit\/cassoulet-gastronomique-au-confit-de-canard-boite-590g\/#breadcrumb\"},\"inLanguage\":\"fr-FR\",\"potentialAction\":[{\"@type\":\"ReadAction\",\"target\":[\"https:\/\/www.maison-occitane.com\/fr\/produit\/cassoulet-gastronomique-au-confit-de-canard-boite-590g\/\"]}]},{\"@type\":\"ImageObject\",\"inLanguage\":\"fr-FR\",\"@id\":\"https:\/\/www.maison-occitane.com\/fr\/produit\/cassoulet-gastronomique-au-confit-de-canard-boite-590g\/#primaryimage\",\"url\":\"https:\/\/www.maison-occitane.com\/app\/uploads\/2025\/05\/8151.jpg\",\"contentUrl\":\"https:\/\/www.maison-occitane.com\/app\/uploads\/2025\/05\/8151.jpg\",\"width\":2000,\"height\":1333,\"caption\":\"Cassoulet gastronomique au confit de canard\"},{\"@type\":\"BreadcrumbList\",\"@id\":\"https:\/\/www.maison-occitane.com\/fr\/produit\/cassoulet-gastronomique-au-confit-de-canard-boite-590g\/#breadcrumb\",\"itemListElement\":[{\"@type\":\"ListItem\",\"position\":1,\"name\":\"Accueil\",\"item\":\"https:\/\/www.maison-occitane.com\/fr\/\"},{\"@type\":\"ListItem\",\"position\":2,\"name\":\"Produits\",\"item\":\"https:\/\/www.maison-occitane.com\/fr\/shop\/\"},{\"@type\":\"ListItem\",\"position\":3,\"name\":\"\u00c9picerie fine\",\"item\":\"https:\/\/www.maison-occitane.com\/fr\/boutique\/epicerie-fine\/\"},{\"@type\":\"ListItem\",\"position\":4,\"name\":\"Plats cuisin\u00e9s\",\"item\":\"https:\/\/www.maison-occitane.com\/fr\/boutique\/epicerie-fine\/plats-cuisines\/\"},{\"@type\":\"ListItem\",\"position\":5,\"name\":\"CASSOULET GASTRONOMIQUE AU CONFIT DE CANARD\"}]},{\"@type\":\"WebSite\",\"@id\":\"https:\/\/www.maison-occitane.com\/fr\/#website\",\"url\":\"https:\/\/www.maison-occitane.com\/fr\/\",\"name\":\"Maison Occitane\",\"description\":\"\",\"potentialAction\":[{\"@type\":\"SearchAction\",\"target\":{\"@type\":\"EntryPoint\",\"urlTemplate\":\"https:\/\/www.maison-occitane.com\/fr\/?s={search_term_string}\"},\"query-input\":{\"@type\":\"PropertyValueSpecification\",\"valueRequired\":true,\"valueName\":\"search_term_string\"}}],\"inLanguage\":\"fr-FR\"}]}<\/script>\n<!-- \/ Yoast SEO plugin. -->","yoast_head_json":{"title":"CASSOULET GASTRONOMIQUE AU CONFIT DE CANARD - Maison Occitane","description":"Cassoulet gastronomique au confit de canard 590g \u2013 Cuisse de canard, saucisse de Toulouse, haricots lingots. Recette traditionnelle de Castelnaudary. Origine France. Sans conservateur.","robots":{"index":"index","follow":"follow","max-snippet":"max-snippet:-1","max-image-preview":"max-image-preview:large","max-video-preview":"max-video-preview:-1"},"canonical":"https:\/\/www.maison-occitane.com\/fr\/produit\/cassoulet-gastronomique-au-confit-de-canard-boite-590g\/","og_locale":"fr_FR","og_type":"article","og_title":"CASSOULET GASTRONOMIQUE AU CONFIT DE CANARD - Maison Occitane","og_description":"Cassoulet gastronomique au confit de canard 590g \u2013 Cuisse de canard, saucisse de Toulouse, haricots lingots. Recette traditionnelle de Castelnaudary. Origine France. Sans conservateur.","og_url":"https:\/\/www.maison-occitane.com\/fr\/produit\/cassoulet-gastronomique-au-confit-de-canard-boite-590g\/","og_site_name":"Maison Occitane","article_modified_time":"2026-04-22T14:53:38+00:00","og_image":[{"width":2000,"height":1333,"url":"https:\/\/www.maison-occitane.com\/app\/uploads\/2025\/05\/8151.jpg","type":"image\/jpeg"}],"twitter_card":"summary_large_image","twitter_misc":{"Dur\u00e9e de lecture estim\u00e9e":"2 minutes"},"schema":{"@context":"https:\/\/schema.org","@graph":[{"@type":"WebPage","@id":"https:\/\/www.maison-occitane.com\/fr\/produit\/cassoulet-gastronomique-au-confit-de-canard-boite-590g\/","url":"https:\/\/www.maison-occitane.com\/fr\/produit\/cassoulet-gastronomique-au-confit-de-canard-boite-590g\/","name":"CASSOULET GASTRONOMIQUE AU CONFIT DE CANARD - Maison Occitane","isPartOf":{"@id":"https:\/\/www.maison-occitane.com\/fr\/#website"},"primaryImageOfPage":{"@id":"https:\/\/www.maison-occitane.com\/fr\/produit\/cassoulet-gastronomique-au-confit-de-canard-boite-590g\/#primaryimage"},"image":{"@id":"https:\/\/www.maison-occitane.com\/fr\/produit\/cassoulet-gastronomique-au-confit-de-canard-boite-590g\/#primaryimage"},"thumbnailUrl":"https:\/\/www.maison-occitane.com\/app\/uploads\/2025\/05\/8151.jpg","datePublished":"2025-05-05T06:50:35+00:00","dateModified":"2026-04-22T14:53:38+00:00","description":"Cassoulet gastronomique au confit de canard 590g \u2013 Cuisse de canard, saucisse de Toulouse, haricots lingots. Recette traditionnelle de Castelnaudary. Origine France. Sans conservateur.","breadcrumb":{"@id":"https:\/\/www.maison-occitane.com\/fr\/produit\/cassoulet-gastronomique-au-confit-de-canard-boite-590g\/#breadcrumb"},"inLanguage":"fr-FR","potentialAction":[{"@type":"ReadAction","target":["https:\/\/www.maison-occitane.com\/fr\/produit\/cassoulet-gastronomique-au-confit-de-canard-boite-590g\/"]}]},{"@type":"ImageObject","inLanguage":"fr-FR","@id":"https:\/\/www.maison-occitane.com\/fr\/produit\/cassoulet-gastronomique-au-confit-de-canard-boite-590g\/#primaryimage","url":"https:\/\/www.maison-occitane.com\/app\/uploads\/2025\/05\/8151.jpg","contentUrl":"https:\/\/www.maison-occitane.com\/app\/uploads\/2025\/05\/8151.jpg","width":2000,"height":1333,"caption":"Cassoulet gastronomique au confit de canard"},{"@type":"BreadcrumbList","@id":"https:\/\/www.maison-occitane.com\/fr\/produit\/cassoulet-gastronomique-au-confit-de-canard-boite-590g\/#breadcrumb","itemListElement":[{"@type":"ListItem","position":1,"name":"Accueil","item":"https:\/\/www.maison-occitane.com\/fr\/"},{"@type":"ListItem","position":2,"name":"Produits","item":"https:\/\/www.maison-occitane.com\/fr\/shop\/"},{"@type":"ListItem","position":3,"name":"\u00c9picerie fine","item":"https:\/\/www.maison-occitane.com\/fr\/boutique\/epicerie-fine\/"},{"@type":"ListItem","position":4,"name":"Plats cuisin\u00e9s","item":"https:\/\/www.maison-occitane.com\/fr\/boutique\/epicerie-fine\/plats-cuisines\/"},{"@type":"ListItem","position":5,"name":"CASSOULET GASTRONOMIQUE AU CONFIT DE CANARD"}]},{"@type":"WebSite","@id":"https:\/\/www.maison-occitane.com\/fr\/#website","url":"https:\/\/www.maison-occitane.com\/fr\/","name":"Maison Occitane","description":"","potentialAction":[{"@type":"SearchAction","target":{"@type":"EntryPoint","urlTemplate":"https:\/\/www.maison-occitane.com\/fr\/?s={search_term_string}"},"query-input":{"@type":"PropertyValueSpecification","valueRequired":true,"valueName":"search_term_string"}}],"inLanguage":"fr-FR"}]}},"_links":{"self":[{"href":"https:\/\/www.maison-occitane.com\/fr\/wp-json\/wp\/v2\/product\/3508","targetHints":{"allow":["GET"]}}],"collection":[{"href":"https:\/\/www.maison-occitane.com\/fr\/wp-json\/wp\/v2\/product"}],"about":[{"href":"https:\/\/www.maison-occitane.com\/fr\/wp-json\/wp\/v2\/types\/product"}],"replies":[{"embeddable":true,"href":"https:\/\/www.maison-occitane.com\/fr\/wp-json\/wp\/v2\/comments?post=3508"}],"wp:featuredmedia":[{"embeddable":true,"href":"https:\/\/www.maison-occitane.com\/fr\/wp-json\/wp\/v2\/media\/4212"}],"wp:attachment":[{"href":"https:\/\/www.maison-occitane.com\/fr\/wp-json\/wp\/v2\/media?parent=3508"}],"wp:term":[{"taxonomy":"product_cat","embeddable":true,"href":"https:\/\/www.maison-occitane.com\/fr\/wp-json\/wp\/v2\/product_cat?post=3508"},{"taxonomy":"product_tag","embeddable":true,"href":"https:\/\/www.maison-occitane.com\/fr\/wp-json\/wp\/v2\/product_tag?post=3508"},{"taxonomy":"product_origine","embeddable":true,"href":"https:\/\/www.maison-occitane.com\/fr\/wp-json\/wp\/v2\/origines?post=3508"},{"taxonomy":"label_qualite","embeddable":true,"href":"https:\/\/www.maison-occitane.com\/fr\/wp-json\/wp\/v2\/labels-qualite?post=3508"}],"curies":[{"name":"wp","href":"https:\/\/api.w.org\/{rel}","templated":true}]}}