{"id":3505,"date":"2025-05-05T08:50:35","date_gmt":"2025-05-05T06:50:35","guid":{"rendered":"http:\/\/localhost:8080\/non%20class\u00e9\/rillettes-pur-canard-sud-ouest-verrine\/"},"modified":"2026-04-10T14:37:54","modified_gmt":"2026-04-10T12:37:54","slug":"rillettes-pur-canard-sud-ouest-verrine","status":"publish","type":"product","link":"https:\/\/www.maison-occitane.com\/fr\/produit\/rillettes-pur-canard-sud-ouest-verrine\/","title":{"rendered":"RILLETTES PUR CANARD DU SUD-OUEST"},"content":{"rendered":"<p>Nos <strong>rillettes de canard<\/strong> sont \u00e9labor\u00e9es \u00e0 partir de viande de canard gras confite dans de la graisse de canard. Pour un \u00e9quilibre onctueux et un go\u00fbt authentique. Une recette pr\u00e9par\u00e9e selon un savoir-faire traditionnel Quercynois. Une sp\u00e9cialit\u00e9 pur canard de qualit\u00e9 sup\u00e9rieure riche par son m\u00e9lange de viandes de canard du Sud-Ouest s\u00e9lectionn\u00e9es. C\u2019est une recette qu\u2019on savoure avec un grand sourire, des amis et un pain de campagne.<\/p>\n<p><strong><span style=\"color: #f29400;\">Nombre de parts :\u00a0 <\/span><\/strong>90g \u2192 2 parts \/ 180g \u2192 4 \u00e0 5 parts<\/p>\n<p>Retrouver nos conseils :\u00a0<a href=\"http:\/\/comment%20servir%20et%20accompagner%20vos%20rillettes%20de%20canard%20\/?\">Comment servir et accompagner vos rillettes de canard ?<\/a><\/p>\n","protected":false},"excerpt":{"rendered":"<p><span class=\"notion-enable-hover\" data-token-index=\"0\">Une petite faim\u00a0ou bien entre amis lors d\u2019un pique-nique campagnard au go\u00fbt du Sud-Ouest, la rillettes pur canard du Sud-Ouest est un incontournable.<\/span><\/p>\n","protected":false},"featured_media":4109,"comment_status":"open","ping_status":"closed","template":"","meta":{"_acf_changed":false},"product_cat":[771,782],"product_tag":[],"origines":[799],"labels-qualite":[],"class_list":{"0":"post-3505","1":"product","2":"type-product","3":"status-publish","4":"has-post-thumbnail","6":"product_brand-maison-occitane","7":"product_cat-terrines-et-rillettes","8":"product_cat-rillettes","9":"product_origine-sud-ouest","11":"first","12":"instock","13":"taxable","14":"shipping-taxable","15":"purchasable","16":"product-type-variable","17":"add-to-wishlist-before_image"},"acf":[],"yoast_head":"<!-- This site is optimized with the Yoast SEO plugin v24.9 - https:\/\/yoast.com\/wordpress\/plugins\/seo\/ -->\n<title>RILLETTES PUR CANARD DU SUD-OUEST - Maison Occitane<\/title>\n<meta name=\"description\" content=\"Nos rillettes pur canard sont \u00e9labor\u00e9es \u00e0 partir de canards issus de notre groupement de producteurs. Sans colorant, ni conservateur pour des rillettes fondantes et savoureuses.\" \/>\n<meta name=\"robots\" content=\"index, follow, max-snippet:-1, max-image-preview:large, max-video-preview:-1\" \/>\n<link rel=\"canonical\" href=\"https:\/\/www.maison-occitane.com\/fr\/produit\/rillettes-pur-canard-sud-ouest-verrine\/\" \/>\n<meta property=\"og:locale\" content=\"fr_FR\" \/>\n<meta property=\"og:type\" content=\"article\" \/>\n<meta property=\"og:title\" content=\"RILLETTES PUR CANARD DU SUD-OUEST - Maison Occitane\" \/>\n<meta property=\"og:description\" content=\"Nos rillettes pur canard sont \u00e9labor\u00e9es \u00e0 partir de canards issus de notre groupement de producteurs. Sans colorant, ni conservateur pour des rillettes fondantes et savoureuses.\" \/>\n<meta property=\"og:url\" content=\"https:\/\/www.maison-occitane.com\/fr\/produit\/rillettes-pur-canard-sud-ouest-verrine\/\" \/>\n<meta property=\"og:site_name\" content=\"Maison Occitane\" \/>\n<meta property=\"article:modified_time\" content=\"2026-04-10T12:37:54+00:00\" \/>\n<meta property=\"og:image\" content=\"https:\/\/www.maison-occitane.com\/app\/uploads\/2025\/05\/8823_520px.jpg\" \/>\n\t<meta property=\"og:image:width\" content=\"520\" \/>\n\t<meta property=\"og:image:height\" content=\"421\" \/>\n\t<meta property=\"og:image:type\" content=\"image\/jpeg\" \/>\n<meta name=\"twitter:card\" content=\"summary_large_image\" \/>\n<meta name=\"twitter:label1\" content=\"Dur\u00e9e de lecture estim\u00e9e\" \/>\n\t<meta name=\"twitter:data1\" content=\"1 minute\" \/>\n<script type=\"application\/ld+json\" class=\"yoast-schema-graph\">{\"@context\":\"https:\/\/schema.org\",\"@graph\":[{\"@type\":\"WebPage\",\"@id\":\"https:\/\/www.maison-occitane.com\/fr\/produit\/rillettes-pur-canard-sud-ouest-verrine\/\",\"url\":\"https:\/\/www.maison-occitane.com\/fr\/produit\/rillettes-pur-canard-sud-ouest-verrine\/\",\"name\":\"RILLETTES PUR CANARD DU SUD-OUEST - Maison Occitane\",\"isPartOf\":{\"@id\":\"https:\/\/www.maison-occitane.com\/fr\/#website\"},\"primaryImageOfPage\":{\"@id\":\"https:\/\/www.maison-occitane.com\/fr\/produit\/rillettes-pur-canard-sud-ouest-verrine\/#primaryimage\"},\"image\":{\"@id\":\"https:\/\/www.maison-occitane.com\/fr\/produit\/rillettes-pur-canard-sud-ouest-verrine\/#primaryimage\"},\"thumbnailUrl\":\"https:\/\/www.maison-occitane.com\/app\/uploads\/2025\/05\/8823_520px.jpg\",\"datePublished\":\"2025-05-05T06:50:35+00:00\",\"dateModified\":\"2026-04-10T12:37:54+00:00\",\"description\":\"Nos rillettes pur canard sont \u00e9labor\u00e9es \u00e0 partir de canards issus de notre groupement de producteurs. Sans colorant, ni conservateur pour des rillettes fondantes et savoureuses.\",\"breadcrumb\":{\"@id\":\"https:\/\/www.maison-occitane.com\/fr\/produit\/rillettes-pur-canard-sud-ouest-verrine\/#breadcrumb\"},\"inLanguage\":\"fr-FR\",\"potentialAction\":[{\"@type\":\"ReadAction\",\"target\":[\"https:\/\/www.maison-occitane.com\/fr\/produit\/rillettes-pur-canard-sud-ouest-verrine\/\"]}]},{\"@type\":\"ImageObject\",\"inLanguage\":\"fr-FR\",\"@id\":\"https:\/\/www.maison-occitane.com\/fr\/produit\/rillettes-pur-canard-sud-ouest-verrine\/#primaryimage\",\"url\":\"https:\/\/www.maison-occitane.com\/app\/uploads\/2025\/05\/8823_520px.jpg\",\"contentUrl\":\"https:\/\/www.maison-occitane.com\/app\/uploads\/2025\/05\/8823_520px.jpg\",\"width\":520,\"height\":421,\"caption\":\"Rillettes pur canard du Sud-Ouest - 90g\"},{\"@type\":\"BreadcrumbList\",\"@id\":\"https:\/\/www.maison-occitane.com\/fr\/produit\/rillettes-pur-canard-sud-ouest-verrine\/#breadcrumb\",\"itemListElement\":[{\"@type\":\"ListItem\",\"position\":1,\"name\":\"Accueil\",\"item\":\"https:\/\/www.maison-occitane.com\/fr\/\"},{\"@type\":\"ListItem\",\"position\":2,\"name\":\"Produits\",\"item\":\"https:\/\/www.maison-occitane.com\/fr\/shop\/\"},{\"@type\":\"ListItem\",\"position\":3,\"name\":\"Terrines et Rillettes\",\"item\":\"https:\/\/www.maison-occitane.com\/fr\/boutique\/terrines-et-rillettes\/\"},{\"@type\":\"ListItem\",\"position\":4,\"name\":\"Rillettes\",\"item\":\"https:\/\/www.maison-occitane.com\/fr\/boutique\/terrines-et-rillettes\/rillettes\/\"},{\"@type\":\"ListItem\",\"position\":5,\"name\":\"RILLETTES PUR CANARD DU SUD-OUEST\"}]},{\"@type\":\"WebSite\",\"@id\":\"https:\/\/www.maison-occitane.com\/fr\/#website\",\"url\":\"https:\/\/www.maison-occitane.com\/fr\/\",\"name\":\"Maison Occitane\",\"description\":\"\",\"potentialAction\":[{\"@type\":\"SearchAction\",\"target\":{\"@type\":\"EntryPoint\",\"urlTemplate\":\"https:\/\/www.maison-occitane.com\/fr\/?s={search_term_string}\"},\"query-input\":{\"@type\":\"PropertyValueSpecification\",\"valueRequired\":true,\"valueName\":\"search_term_string\"}}],\"inLanguage\":\"fr-FR\"}]}<\/script>\n<!-- \/ Yoast SEO plugin. -->","yoast_head_json":{"title":"RILLETTES PUR CANARD DU SUD-OUEST - Maison Occitane","description":"Nos rillettes pur canard sont \u00e9labor\u00e9es \u00e0 partir de canards issus de notre groupement de producteurs. Sans colorant, ni conservateur pour des rillettes fondantes et savoureuses.","robots":{"index":"index","follow":"follow","max-snippet":"max-snippet:-1","max-image-preview":"max-image-preview:large","max-video-preview":"max-video-preview:-1"},"canonical":"https:\/\/www.maison-occitane.com\/fr\/produit\/rillettes-pur-canard-sud-ouest-verrine\/","og_locale":"fr_FR","og_type":"article","og_title":"RILLETTES PUR CANARD DU SUD-OUEST - Maison Occitane","og_description":"Nos rillettes pur canard sont \u00e9labor\u00e9es \u00e0 partir de canards issus de notre groupement de producteurs. Sans colorant, ni conservateur pour des rillettes fondantes et savoureuses.","og_url":"https:\/\/www.maison-occitane.com\/fr\/produit\/rillettes-pur-canard-sud-ouest-verrine\/","og_site_name":"Maison Occitane","article_modified_time":"2026-04-10T12:37:54+00:00","og_image":[{"width":520,"height":421,"url":"https:\/\/www.maison-occitane.com\/app\/uploads\/2025\/05\/8823_520px.jpg","type":"image\/jpeg"}],"twitter_card":"summary_large_image","twitter_misc":{"Dur\u00e9e de lecture estim\u00e9e":"1 minute"},"schema":{"@context":"https:\/\/schema.org","@graph":[{"@type":"WebPage","@id":"https:\/\/www.maison-occitane.com\/fr\/produit\/rillettes-pur-canard-sud-ouest-verrine\/","url":"https:\/\/www.maison-occitane.com\/fr\/produit\/rillettes-pur-canard-sud-ouest-verrine\/","name":"RILLETTES PUR CANARD DU SUD-OUEST - Maison Occitane","isPartOf":{"@id":"https:\/\/www.maison-occitane.com\/fr\/#website"},"primaryImageOfPage":{"@id":"https:\/\/www.maison-occitane.com\/fr\/produit\/rillettes-pur-canard-sud-ouest-verrine\/#primaryimage"},"image":{"@id":"https:\/\/www.maison-occitane.com\/fr\/produit\/rillettes-pur-canard-sud-ouest-verrine\/#primaryimage"},"thumbnailUrl":"https:\/\/www.maison-occitane.com\/app\/uploads\/2025\/05\/8823_520px.jpg","datePublished":"2025-05-05T06:50:35+00:00","dateModified":"2026-04-10T12:37:54+00:00","description":"Nos rillettes pur canard sont \u00e9labor\u00e9es \u00e0 partir de canards issus de notre groupement de producteurs. Sans colorant, ni conservateur pour des rillettes fondantes et savoureuses.","breadcrumb":{"@id":"https:\/\/www.maison-occitane.com\/fr\/produit\/rillettes-pur-canard-sud-ouest-verrine\/#breadcrumb"},"inLanguage":"fr-FR","potentialAction":[{"@type":"ReadAction","target":["https:\/\/www.maison-occitane.com\/fr\/produit\/rillettes-pur-canard-sud-ouest-verrine\/"]}]},{"@type":"ImageObject","inLanguage":"fr-FR","@id":"https:\/\/www.maison-occitane.com\/fr\/produit\/rillettes-pur-canard-sud-ouest-verrine\/#primaryimage","url":"https:\/\/www.maison-occitane.com\/app\/uploads\/2025\/05\/8823_520px.jpg","contentUrl":"https:\/\/www.maison-occitane.com\/app\/uploads\/2025\/05\/8823_520px.jpg","width":520,"height":421,"caption":"Rillettes pur canard du Sud-Ouest - 90g"},{"@type":"BreadcrumbList","@id":"https:\/\/www.maison-occitane.com\/fr\/produit\/rillettes-pur-canard-sud-ouest-verrine\/#breadcrumb","itemListElement":[{"@type":"ListItem","position":1,"name":"Accueil","item":"https:\/\/www.maison-occitane.com\/fr\/"},{"@type":"ListItem","position":2,"name":"Produits","item":"https:\/\/www.maison-occitane.com\/fr\/shop\/"},{"@type":"ListItem","position":3,"name":"Terrines et Rillettes","item":"https:\/\/www.maison-occitane.com\/fr\/boutique\/terrines-et-rillettes\/"},{"@type":"ListItem","position":4,"name":"Rillettes","item":"https:\/\/www.maison-occitane.com\/fr\/boutique\/terrines-et-rillettes\/rillettes\/"},{"@type":"ListItem","position":5,"name":"RILLETTES PUR CANARD DU SUD-OUEST"}]},{"@type":"WebSite","@id":"https:\/\/www.maison-occitane.com\/fr\/#website","url":"https:\/\/www.maison-occitane.com\/fr\/","name":"Maison Occitane","description":"","potentialAction":[{"@type":"SearchAction","target":{"@type":"EntryPoint","urlTemplate":"https:\/\/www.maison-occitane.com\/fr\/?s={search_term_string}"},"query-input":{"@type":"PropertyValueSpecification","valueRequired":true,"valueName":"search_term_string"}}],"inLanguage":"fr-FR"}]}},"_links":{"self":[{"href":"https:\/\/www.maison-occitane.com\/fr\/wp-json\/wp\/v2\/product\/3505","targetHints":{"allow":["GET"]}}],"collection":[{"href":"https:\/\/www.maison-occitane.com\/fr\/wp-json\/wp\/v2\/product"}],"about":[{"href":"https:\/\/www.maison-occitane.com\/fr\/wp-json\/wp\/v2\/types\/product"}],"replies":[{"embeddable":true,"href":"https:\/\/www.maison-occitane.com\/fr\/wp-json\/wp\/v2\/comments?post=3505"}],"wp:featuredmedia":[{"embeddable":true,"href":"https:\/\/www.maison-occitane.com\/fr\/wp-json\/wp\/v2\/media\/4109"}],"wp:attachment":[{"href":"https:\/\/www.maison-occitane.com\/fr\/wp-json\/wp\/v2\/media?parent=3505"}],"wp:term":[{"taxonomy":"product_cat","embeddable":true,"href":"https:\/\/www.maison-occitane.com\/fr\/wp-json\/wp\/v2\/product_cat?post=3505"},{"taxonomy":"product_tag","embeddable":true,"href":"https:\/\/www.maison-occitane.com\/fr\/wp-json\/wp\/v2\/product_tag?post=3505"},{"taxonomy":"product_origine","embeddable":true,"href":"https:\/\/www.maison-occitane.com\/fr\/wp-json\/wp\/v2\/origines?post=3505"},{"taxonomy":"label_qualite","embeddable":true,"href":"https:\/\/www.maison-occitane.com\/fr\/wp-json\/wp\/v2\/labels-qualite?post=3505"}],"curies":[{"name":"wp","href":"https:\/\/api.w.org\/{rel}","templated":true}]}}