{"id":3504,"date":"2025-05-05T08:50:35","date_gmt":"2025-05-05T06:50:35","guid":{"rendered":"http:\/\/localhost:8080\/non%20class\u00e9\/cassoulet-aux-manchons-de-canard-bocal-1400g\/"},"modified":"2026-04-24T18:34:19","modified_gmt":"2026-04-24T16:34:19","slug":"cassoulet-aux-manchons-de-canard-bocal-1400g","status":"publish","type":"product","link":"https:\/\/www.maison-occitane.com\/fr\/produit\/cassoulet-aux-manchons-de-canard-bocal-1400g\/","title":{"rendered":"CASSOULET AUX MANCHONS DE CANARD"},"content":{"rendered":"<p>Le cassoulet aux manchons de canard est le produit que tout le monde appr\u00e9cie pour son go\u00fbt et sa qualit\u00e9. Cette recette traditionnelle est un incontournable de la gastronomie fran\u00e7aise \u00e0 la saveur prononc\u00e9e avec son jus cuisin\u00e9<\/p>\n<p data-start=\"413\" data-end=\"941\">D\u00e9guster le cassoulet aux manchons de canard, cuisin\u00e9 \u00e0 <strong>Castelnaudary<\/strong>, l\u00e0 o\u00f9 cette recette mythique est n\u00e9e. Dans ce g\u00e9n\u00e9reux bocal de 1400g, vous retrouverez tout ce qui fait la richesse de ce plat traditionnel : des haricots lingots fondants, une sauce onctueuse et parfum\u00e9e \u00e0 base de graisse de canard, d\u2019ail, de tomates et de couennes de porc, et surtout\u00a0de <strong>viande d\u2019origine France<\/strong>, soigneusement s\u00e9lectionn\u00e9e.<\/p>\n<p data-start=\"943\" data-end=\"1302\">Le c\u0153ur du plat ? De savoureux manchons de canard confits accompagn\u00e9s de saucisses de Toulouse, g\u00e9n\u00e9reuses et justement assaisonn\u00e9es. Aucun colorant, aucun conservateur, aucun ar\u00f4me artificiel : uniquement des ingr\u00e9dients authentiques, pour un cassoulet \u00e0 la fois gourmand, r\u00e9confortant et fid\u00e8le \u00e0 la tradition.<\/p>\n<p data-start=\"827\" data-end=\"1172\">D\u00e9couvrez notre gamme de cassoulets :<\/p>\n<ul>\n<li><a href=\"https:\/\/www.maison-occitane.com\/fr\/produit\/cassoulet-de-canard-et-saucisses-toulouse-bocal-380g\/\">Cassoulet de canard et saucisses de Toulouse 380g<\/a><\/li>\n<li><a href=\"https:\/\/www.maison-occitane.com\/fr\/produit\/cassoulet-gastronomique-au-confit-de-canard-boite-590g\/\">Cassoulet au confit de canard 590g<\/a><\/li>\n<li><a href=\"https:\/\/www.maison-occitane.com\/fr\/produit\/cassoulet-au-canard-bocal-780g\/\">Cassoulet au canard 780g<\/a><\/li>\n<\/ul>\n<p><strong><span style=\"color: #f29400;\">Nombre de parts : <\/span><\/strong>3 parts<\/p>\n","protected":false},"excerpt":{"rendered":"<p data-start=\"218\" data-end=\"376\">Un cassoulet g\u00e9n\u00e9reux et fondant, cuisin\u00e9 \u00e0 Castelnaudary avec des manchons de canard et de la saucisse de Toulouse origine France. Pour 3 convives gourmands.<\/p>\n","protected":false},"featured_media":4214,"comment_status":"open","ping_status":"closed","template":"","meta":{"_acf_changed":false},"product_cat":[775,789],"product_tag":[],"origines":[800],"labels-qualite":[],"class_list":{"0":"post-3504","1":"product","2":"type-product","3":"status-publish","4":"has-post-thumbnail","6":"product_brand-maison-occitane","7":"product_cat-epicerie-fine","8":"product_cat-plats-cuisines","9":"product_origine-autre","11":"first","12":"instock","13":"taxable","14":"shipping-taxable","15":"purchasable","16":"product-type-simple","17":"add-to-wishlist-before_image"},"acf":[],"yoast_head":"<!-- This site is optimized with the Yoast SEO plugin v24.9 - https:\/\/yoast.com\/wordpress\/plugins\/seo\/ -->\n<title>CASSOULET AUX MANCHONS DE CANARD 1400g- Maison Occitane<\/title>\n<meta name=\"description\" content=\"Cassoulet aux manchons de canard 1400g \u2013 Recette de Castelnaudary avec haricots lingots, manchons de canard et saucisses de Toulouse origine France. Sans conservateur. Pour 3 personnes.\" \/>\n<meta name=\"robots\" content=\"index, follow, max-snippet:-1, max-image-preview:large, max-video-preview:-1\" \/>\n<link rel=\"canonical\" href=\"https:\/\/www.maison-occitane.com\/fr\/produit\/cassoulet-aux-manchons-de-canard-bocal-1400g\/\" \/>\n<meta property=\"og:locale\" content=\"fr_FR\" \/>\n<meta property=\"og:type\" content=\"article\" \/>\n<meta property=\"og:title\" content=\"CASSOULET AUX MANCHONS DE CANARD 1400g- Maison Occitane\" \/>\n<meta property=\"og:description\" content=\"Cassoulet aux manchons de canard 1400g \u2013 Recette de Castelnaudary avec haricots lingots, manchons de canard et saucisses de Toulouse origine France. Sans conservateur. Pour 3 personnes.\" \/>\n<meta property=\"og:url\" content=\"https:\/\/www.maison-occitane.com\/fr\/produit\/cassoulet-aux-manchons-de-canard-bocal-1400g\/\" \/>\n<meta property=\"og:site_name\" content=\"Maison Occitane\" \/>\n<meta property=\"article:modified_time\" content=\"2026-04-24T16:34:19+00:00\" \/>\n<meta property=\"og:image\" content=\"https:\/\/www.maison-occitane.com\/app\/uploads\/2025\/05\/8147_520px.jpg\" \/>\n\t<meta property=\"og:image:width\" content=\"520\" \/>\n\t<meta property=\"og:image:height\" content=\"420\" \/>\n\t<meta property=\"og:image:type\" content=\"image\/jpeg\" \/>\n<meta name=\"twitter:card\" content=\"summary_large_image\" \/>\n<meta name=\"twitter:label1\" content=\"Dur\u00e9e de lecture estim\u00e9e\" \/>\n\t<meta name=\"twitter:data1\" content=\"2 minutes\" \/>\n<script type=\"application\/ld+json\" class=\"yoast-schema-graph\">{\"@context\":\"https:\/\/schema.org\",\"@graph\":[{\"@type\":\"WebPage\",\"@id\":\"https:\/\/www.maison-occitane.com\/fr\/produit\/cassoulet-aux-manchons-de-canard-bocal-1400g\/\",\"url\":\"https:\/\/www.maison-occitane.com\/fr\/produit\/cassoulet-aux-manchons-de-canard-bocal-1400g\/\",\"name\":\"CASSOULET AUX MANCHONS DE CANARD 1400g- Maison Occitane\",\"isPartOf\":{\"@id\":\"https:\/\/www.maison-occitane.com\/fr\/#website\"},\"primaryImageOfPage\":{\"@id\":\"https:\/\/www.maison-occitane.com\/fr\/produit\/cassoulet-aux-manchons-de-canard-bocal-1400g\/#primaryimage\"},\"image\":{\"@id\":\"https:\/\/www.maison-occitane.com\/fr\/produit\/cassoulet-aux-manchons-de-canard-bocal-1400g\/#primaryimage\"},\"thumbnailUrl\":\"https:\/\/www.maison-occitane.com\/app\/uploads\/2025\/05\/8147_520px.jpg\",\"datePublished\":\"2025-05-05T06:50:35+00:00\",\"dateModified\":\"2026-04-24T16:34:19+00:00\",\"description\":\"Cassoulet aux manchons de canard 1400g \u2013 Recette de Castelnaudary avec haricots lingots, manchons de canard et saucisses de Toulouse origine France. Sans conservateur. Pour 3 personnes.\",\"breadcrumb\":{\"@id\":\"https:\/\/www.maison-occitane.com\/fr\/produit\/cassoulet-aux-manchons-de-canard-bocal-1400g\/#breadcrumb\"},\"inLanguage\":\"fr-FR\",\"potentialAction\":[{\"@type\":\"ReadAction\",\"target\":[\"https:\/\/www.maison-occitane.com\/fr\/produit\/cassoulet-aux-manchons-de-canard-bocal-1400g\/\"]}]},{\"@type\":\"ImageObject\",\"inLanguage\":\"fr-FR\",\"@id\":\"https:\/\/www.maison-occitane.com\/fr\/produit\/cassoulet-aux-manchons-de-canard-bocal-1400g\/#primaryimage\",\"url\":\"https:\/\/www.maison-occitane.com\/app\/uploads\/2025\/05\/8147_520px.jpg\",\"contentUrl\":\"https:\/\/www.maison-occitane.com\/app\/uploads\/2025\/05\/8147_520px.jpg\",\"width\":520,\"height\":420,\"caption\":\"Cassoulet aux manchons de canard\"},{\"@type\":\"BreadcrumbList\",\"@id\":\"https:\/\/www.maison-occitane.com\/fr\/produit\/cassoulet-aux-manchons-de-canard-bocal-1400g\/#breadcrumb\",\"itemListElement\":[{\"@type\":\"ListItem\",\"position\":1,\"name\":\"Accueil\",\"item\":\"https:\/\/www.maison-occitane.com\/fr\/\"},{\"@type\":\"ListItem\",\"position\":2,\"name\":\"Produits\",\"item\":\"https:\/\/www.maison-occitane.com\/fr\/shop\/\"},{\"@type\":\"ListItem\",\"position\":3,\"name\":\"\u00c9picerie fine\",\"item\":\"https:\/\/www.maison-occitane.com\/fr\/boutique\/epicerie-fine\/\"},{\"@type\":\"ListItem\",\"position\":4,\"name\":\"Plats cuisin\u00e9s\",\"item\":\"https:\/\/www.maison-occitane.com\/fr\/boutique\/epicerie-fine\/plats-cuisines\/\"},{\"@type\":\"ListItem\",\"position\":5,\"name\":\"CASSOULET AUX MANCHONS DE CANARD\"}]},{\"@type\":\"WebSite\",\"@id\":\"https:\/\/www.maison-occitane.com\/fr\/#website\",\"url\":\"https:\/\/www.maison-occitane.com\/fr\/\",\"name\":\"Maison Occitane\",\"description\":\"\",\"potentialAction\":[{\"@type\":\"SearchAction\",\"target\":{\"@type\":\"EntryPoint\",\"urlTemplate\":\"https:\/\/www.maison-occitane.com\/fr\/?s={search_term_string}\"},\"query-input\":{\"@type\":\"PropertyValueSpecification\",\"valueRequired\":true,\"valueName\":\"search_term_string\"}}],\"inLanguage\":\"fr-FR\"}]}<\/script>\n<!-- \/ Yoast SEO plugin. -->","yoast_head_json":{"title":"CASSOULET AUX MANCHONS DE CANARD 1400g- Maison Occitane","description":"Cassoulet aux manchons de canard 1400g \u2013 Recette de Castelnaudary avec haricots lingots, manchons de canard et saucisses de Toulouse origine France. Sans conservateur. Pour 3 personnes.","robots":{"index":"index","follow":"follow","max-snippet":"max-snippet:-1","max-image-preview":"max-image-preview:large","max-video-preview":"max-video-preview:-1"},"canonical":"https:\/\/www.maison-occitane.com\/fr\/produit\/cassoulet-aux-manchons-de-canard-bocal-1400g\/","og_locale":"fr_FR","og_type":"article","og_title":"CASSOULET AUX MANCHONS DE CANARD 1400g- Maison Occitane","og_description":"Cassoulet aux manchons de canard 1400g \u2013 Recette de Castelnaudary avec haricots lingots, manchons de canard et saucisses de Toulouse origine France. Sans conservateur. Pour 3 personnes.","og_url":"https:\/\/www.maison-occitane.com\/fr\/produit\/cassoulet-aux-manchons-de-canard-bocal-1400g\/","og_site_name":"Maison Occitane","article_modified_time":"2026-04-24T16:34:19+00:00","og_image":[{"width":520,"height":420,"url":"https:\/\/www.maison-occitane.com\/app\/uploads\/2025\/05\/8147_520px.jpg","type":"image\/jpeg"}],"twitter_card":"summary_large_image","twitter_misc":{"Dur\u00e9e de lecture estim\u00e9e":"2 minutes"},"schema":{"@context":"https:\/\/schema.org","@graph":[{"@type":"WebPage","@id":"https:\/\/www.maison-occitane.com\/fr\/produit\/cassoulet-aux-manchons-de-canard-bocal-1400g\/","url":"https:\/\/www.maison-occitane.com\/fr\/produit\/cassoulet-aux-manchons-de-canard-bocal-1400g\/","name":"CASSOULET AUX MANCHONS DE CANARD 1400g- Maison Occitane","isPartOf":{"@id":"https:\/\/www.maison-occitane.com\/fr\/#website"},"primaryImageOfPage":{"@id":"https:\/\/www.maison-occitane.com\/fr\/produit\/cassoulet-aux-manchons-de-canard-bocal-1400g\/#primaryimage"},"image":{"@id":"https:\/\/www.maison-occitane.com\/fr\/produit\/cassoulet-aux-manchons-de-canard-bocal-1400g\/#primaryimage"},"thumbnailUrl":"https:\/\/www.maison-occitane.com\/app\/uploads\/2025\/05\/8147_520px.jpg","datePublished":"2025-05-05T06:50:35+00:00","dateModified":"2026-04-24T16:34:19+00:00","description":"Cassoulet aux manchons de canard 1400g \u2013 Recette de Castelnaudary avec haricots lingots, manchons de canard et saucisses de Toulouse origine France. Sans conservateur. Pour 3 personnes.","breadcrumb":{"@id":"https:\/\/www.maison-occitane.com\/fr\/produit\/cassoulet-aux-manchons-de-canard-bocal-1400g\/#breadcrumb"},"inLanguage":"fr-FR","potentialAction":[{"@type":"ReadAction","target":["https:\/\/www.maison-occitane.com\/fr\/produit\/cassoulet-aux-manchons-de-canard-bocal-1400g\/"]}]},{"@type":"ImageObject","inLanguage":"fr-FR","@id":"https:\/\/www.maison-occitane.com\/fr\/produit\/cassoulet-aux-manchons-de-canard-bocal-1400g\/#primaryimage","url":"https:\/\/www.maison-occitane.com\/app\/uploads\/2025\/05\/8147_520px.jpg","contentUrl":"https:\/\/www.maison-occitane.com\/app\/uploads\/2025\/05\/8147_520px.jpg","width":520,"height":420,"caption":"Cassoulet aux manchons de canard"},{"@type":"BreadcrumbList","@id":"https:\/\/www.maison-occitane.com\/fr\/produit\/cassoulet-aux-manchons-de-canard-bocal-1400g\/#breadcrumb","itemListElement":[{"@type":"ListItem","position":1,"name":"Accueil","item":"https:\/\/www.maison-occitane.com\/fr\/"},{"@type":"ListItem","position":2,"name":"Produits","item":"https:\/\/www.maison-occitane.com\/fr\/shop\/"},{"@type":"ListItem","position":3,"name":"\u00c9picerie fine","item":"https:\/\/www.maison-occitane.com\/fr\/boutique\/epicerie-fine\/"},{"@type":"ListItem","position":4,"name":"Plats cuisin\u00e9s","item":"https:\/\/www.maison-occitane.com\/fr\/boutique\/epicerie-fine\/plats-cuisines\/"},{"@type":"ListItem","position":5,"name":"CASSOULET AUX MANCHONS DE CANARD"}]},{"@type":"WebSite","@id":"https:\/\/www.maison-occitane.com\/fr\/#website","url":"https:\/\/www.maison-occitane.com\/fr\/","name":"Maison Occitane","description":"","potentialAction":[{"@type":"SearchAction","target":{"@type":"EntryPoint","urlTemplate":"https:\/\/www.maison-occitane.com\/fr\/?s={search_term_string}"},"query-input":{"@type":"PropertyValueSpecification","valueRequired":true,"valueName":"search_term_string"}}],"inLanguage":"fr-FR"}]}},"_links":{"self":[{"href":"https:\/\/www.maison-occitane.com\/fr\/wp-json\/wp\/v2\/product\/3504","targetHints":{"allow":["GET"]}}],"collection":[{"href":"https:\/\/www.maison-occitane.com\/fr\/wp-json\/wp\/v2\/product"}],"about":[{"href":"https:\/\/www.maison-occitane.com\/fr\/wp-json\/wp\/v2\/types\/product"}],"replies":[{"embeddable":true,"href":"https:\/\/www.maison-occitane.com\/fr\/wp-json\/wp\/v2\/comments?post=3504"}],"wp:featuredmedia":[{"embeddable":true,"href":"https:\/\/www.maison-occitane.com\/fr\/wp-json\/wp\/v2\/media\/4214"}],"wp:attachment":[{"href":"https:\/\/www.maison-occitane.com\/fr\/wp-json\/wp\/v2\/media?parent=3504"}],"wp:term":[{"taxonomy":"product_cat","embeddable":true,"href":"https:\/\/www.maison-occitane.com\/fr\/wp-json\/wp\/v2\/product_cat?post=3504"},{"taxonomy":"product_tag","embeddable":true,"href":"https:\/\/www.maison-occitane.com\/fr\/wp-json\/wp\/v2\/product_tag?post=3504"},{"taxonomy":"product_origine","embeddable":true,"href":"https:\/\/www.maison-occitane.com\/fr\/wp-json\/wp\/v2\/origines?post=3504"},{"taxonomy":"label_qualite","embeddable":true,"href":"https:\/\/www.maison-occitane.com\/fr\/wp-json\/wp\/v2\/labels-qualite?post=3504"}],"curies":[{"name":"wp","href":"https:\/\/api.w.org\/{rel}","templated":true}]}}