{"id":3502,"date":"2025-05-05T08:50:34","date_gmt":"2025-05-05T06:50:34","guid":{"rendered":"http:\/\/localhost:8080\/non%20class\u00e9\/gesiers-de-canard-igp-sud-ouest-confits-boite-380g\/"},"modified":"2026-04-13T09:57:50","modified_gmt":"2026-04-13T07:57:50","slug":"gesiers-de-canard-igp-sud-ouest-confits-boite-380g","status":"publish","type":"product","link":"https:\/\/www.maison-occitane.com\/fr\/produit\/gesiers-de-canard-igp-sud-ouest-confits-boite-380g\/","title":{"rendered":"CONFITS DE GESIERS DE CANARD DU SUD-OUEST"},"content":{"rendered":"<p>Les <strong data-start=\"179\" data-end=\"231\">g\u00e9siers de canard confits \u00e0 la graisse de canard<\/strong> sont une sp\u00e9cialit\u00e9 incontournable de notre gastronomie du Sud-Ouest. Pr\u00e9par\u00e9s \u00e0 partir de morceaux soigneusement s\u00e9lectionn\u00e9s, ils sont lentement confits sdans la graisse de canard, pour une texture fondante et un go\u00fbt authentique.<\/p>\n<p>Issus de <strong data-start=\"477\" data-end=\"512\">canards certifi\u00e9s IGP du Sud-Ouest<\/strong>, nos g\u00e9siers garantissent une qualit\u00e9 sup\u00e9rieure. Cette indication g\u00e9ographique garantit une production ma\u00eetris\u00e9e, de l\u2019\u00e9levage \u00e0 la transformation, au sein de notre groupement de producteurs du Sud-Ouest.<\/p>\n<p>Parfaits pour composer des <strong data-start=\"757\" data-end=\"780\">entr\u00e9es savoureuses<\/strong> ou agr\u00e9menter vos <strong data-start=\"799\" data-end=\"821\">salades gourmandes<\/strong>, nos <strong data-start=\"827\" data-end=\"846\">g\u00e9siers entiers<\/strong> peuvent \u00eatre \u00e9minc\u00e9s puis simplement r\u00e9chauff\u00e9s. Pr\u00eats \u00e0 l\u2019emploi, ils vous feront gagner un temps pr\u00e9cieux en cuisine, sans compromis sur le go\u00fbt.<\/p>\n<p><strong><span style=\"color: #f29400;\">Nombre de parts : <\/span><\/strong>2 parts<\/p>\n<p>&nbsp;<\/p>\n","protected":false},"excerpt":{"rendered":"<p>Des g\u00e9siers de canard entiers, confits lentement \u00e0 la graisse de canard selon la tradition du Sud-Ouest. Parfaits pour vos salades gourmandes, plats d\u2019hiver ou recettes rustiques.<\/p>\n","protected":false},"featured_media":4141,"comment_status":"open","ping_status":"closed","template":"","meta":{"_acf_changed":false},"product_cat":[774],"product_tag":[],"origines":[797],"labels-qualite":[],"class_list":{"0":"post-3502","1":"product","2":"type-product","3":"status-publish","4":"has-post-thumbnail","6":"product_brand-maison-occitane","7":"product_cat-confits-de-canard","8":"product_origine-igp-du-sud-ouest","10":"first","11":"instock","12":"taxable","13":"shipping-taxable","14":"purchasable","15":"product-type-simple","16":"add-to-wishlist-before_image"},"acf":[],"yoast_head":"<!-- This site is optimized with the Yoast SEO plugin v24.9 - https:\/\/yoast.com\/wordpress\/plugins\/seo\/ -->\n<title>CONFITS DE GESIERS DE CANARD DU SUD-OUEST - Maison Occitane<\/title>\n<meta name=\"description\" content=\"Nos g\u00e9siers de canard sont confits \u00e0 la graisse de canard, \u00a0sp\u00e9cialit\u00e9 embl\u00e9matique du Sud-Ouest, id\u00e9al pour vos entr\u00e9es. Direct de nos producteurs.\" \/>\n<meta name=\"robots\" content=\"index, follow, max-snippet:-1, max-image-preview:large, max-video-preview:-1\" \/>\n<link rel=\"canonical\" href=\"https:\/\/www.maison-occitane.com\/fr\/produit\/gesiers-de-canard-igp-sud-ouest-confits-boite-380g\/\" \/>\n<meta property=\"og:locale\" content=\"fr_FR\" \/>\n<meta property=\"og:type\" content=\"article\" \/>\n<meta property=\"og:title\" content=\"CONFITS DE GESIERS DE CANARD DU SUD-OUEST - Maison Occitane\" \/>\n<meta property=\"og:description\" content=\"Nos g\u00e9siers de canard sont confits \u00e0 la graisse de canard, \u00a0sp\u00e9cialit\u00e9 embl\u00e9matique du Sud-Ouest, id\u00e9al pour vos entr\u00e9es. Direct de nos producteurs.\" \/>\n<meta property=\"og:url\" content=\"https:\/\/www.maison-occitane.com\/fr\/produit\/gesiers-de-canard-igp-sud-ouest-confits-boite-380g\/\" \/>\n<meta property=\"og:site_name\" content=\"Maison Occitane\" \/>\n<meta property=\"article:modified_time\" content=\"2026-04-13T07:57:50+00:00\" \/>\n<meta property=\"og:image\" content=\"https:\/\/www.maison-occitane.com\/app\/uploads\/2025\/05\/8144_520px.jpg\" \/>\n\t<meta property=\"og:image:width\" content=\"520\" \/>\n\t<meta property=\"og:image:height\" content=\"450\" \/>\n\t<meta property=\"og:image:type\" content=\"image\/jpeg\" \/>\n<meta name=\"twitter:card\" content=\"summary_large_image\" \/>\n<meta name=\"twitter:label1\" content=\"Dur\u00e9e de lecture estim\u00e9e\" \/>\n\t<meta name=\"twitter:data1\" content=\"1 minute\" \/>\n<script type=\"application\/ld+json\" class=\"yoast-schema-graph\">{\"@context\":\"https:\/\/schema.org\",\"@graph\":[{\"@type\":\"WebPage\",\"@id\":\"https:\/\/www.maison-occitane.com\/fr\/produit\/gesiers-de-canard-igp-sud-ouest-confits-boite-380g\/\",\"url\":\"https:\/\/www.maison-occitane.com\/fr\/produit\/gesiers-de-canard-igp-sud-ouest-confits-boite-380g\/\",\"name\":\"CONFITS DE GESIERS DE CANARD DU SUD-OUEST - Maison Occitane\",\"isPartOf\":{\"@id\":\"https:\/\/www.maison-occitane.com\/fr\/#website\"},\"primaryImageOfPage\":{\"@id\":\"https:\/\/www.maison-occitane.com\/fr\/produit\/gesiers-de-canard-igp-sud-ouest-confits-boite-380g\/#primaryimage\"},\"image\":{\"@id\":\"https:\/\/www.maison-occitane.com\/fr\/produit\/gesiers-de-canard-igp-sud-ouest-confits-boite-380g\/#primaryimage\"},\"thumbnailUrl\":\"https:\/\/www.maison-occitane.com\/app\/uploads\/2025\/05\/8144_520px.jpg\",\"datePublished\":\"2025-05-05T06:50:34+00:00\",\"dateModified\":\"2026-04-13T07:57:50+00:00\",\"description\":\"Nos g\u00e9siers de canard sont confits \u00e0 la graisse de canard, \u00a0sp\u00e9cialit\u00e9 embl\u00e9matique du Sud-Ouest, id\u00e9al pour vos entr\u00e9es. Direct de nos producteurs.\",\"breadcrumb\":{\"@id\":\"https:\/\/www.maison-occitane.com\/fr\/produit\/gesiers-de-canard-igp-sud-ouest-confits-boite-380g\/#breadcrumb\"},\"inLanguage\":\"fr-FR\",\"potentialAction\":[{\"@type\":\"ReadAction\",\"target\":[\"https:\/\/www.maison-occitane.com\/fr\/produit\/gesiers-de-canard-igp-sud-ouest-confits-boite-380g\/\"]}]},{\"@type\":\"ImageObject\",\"inLanguage\":\"fr-FR\",\"@id\":\"https:\/\/www.maison-occitane.com\/fr\/produit\/gesiers-de-canard-igp-sud-ouest-confits-boite-380g\/#primaryimage\",\"url\":\"https:\/\/www.maison-occitane.com\/app\/uploads\/2025\/05\/8144_520px.jpg\",\"contentUrl\":\"https:\/\/www.maison-occitane.com\/app\/uploads\/2025\/05\/8144_520px.jpg\",\"width\":520,\"height\":450,\"caption\":\"Confits de g\u00e9siers de canard du Sud-Ouest\"},{\"@type\":\"BreadcrumbList\",\"@id\":\"https:\/\/www.maison-occitane.com\/fr\/produit\/gesiers-de-canard-igp-sud-ouest-confits-boite-380g\/#breadcrumb\",\"itemListElement\":[{\"@type\":\"ListItem\",\"position\":1,\"name\":\"Accueil\",\"item\":\"https:\/\/www.maison-occitane.com\/fr\/\"},{\"@type\":\"ListItem\",\"position\":2,\"name\":\"Produits\",\"item\":\"https:\/\/www.maison-occitane.com\/fr\/shop\/\"},{\"@type\":\"ListItem\",\"position\":3,\"name\":\"Confits de canard\",\"item\":\"https:\/\/www.maison-occitane.com\/fr\/boutique\/confits-de-canard\/\"},{\"@type\":\"ListItem\",\"position\":4,\"name\":\"CONFITS DE GESIERS DE CANARD DU SUD-OUEST\"}]},{\"@type\":\"WebSite\",\"@id\":\"https:\/\/www.maison-occitane.com\/fr\/#website\",\"url\":\"https:\/\/www.maison-occitane.com\/fr\/\",\"name\":\"Maison Occitane\",\"description\":\"\",\"potentialAction\":[{\"@type\":\"SearchAction\",\"target\":{\"@type\":\"EntryPoint\",\"urlTemplate\":\"https:\/\/www.maison-occitane.com\/fr\/?s={search_term_string}\"},\"query-input\":{\"@type\":\"PropertyValueSpecification\",\"valueRequired\":true,\"valueName\":\"search_term_string\"}}],\"inLanguage\":\"fr-FR\"}]}<\/script>\n<!-- \/ Yoast SEO plugin. -->","yoast_head_json":{"title":"CONFITS DE GESIERS DE CANARD DU SUD-OUEST - Maison Occitane","description":"Nos g\u00e9siers de canard sont confits \u00e0 la graisse de canard, \u00a0sp\u00e9cialit\u00e9 embl\u00e9matique du Sud-Ouest, id\u00e9al pour vos entr\u00e9es. Direct de nos producteurs.","robots":{"index":"index","follow":"follow","max-snippet":"max-snippet:-1","max-image-preview":"max-image-preview:large","max-video-preview":"max-video-preview:-1"},"canonical":"https:\/\/www.maison-occitane.com\/fr\/produit\/gesiers-de-canard-igp-sud-ouest-confits-boite-380g\/","og_locale":"fr_FR","og_type":"article","og_title":"CONFITS DE GESIERS DE CANARD DU SUD-OUEST - Maison Occitane","og_description":"Nos g\u00e9siers de canard sont confits \u00e0 la graisse de canard, \u00a0sp\u00e9cialit\u00e9 embl\u00e9matique du Sud-Ouest, id\u00e9al pour vos entr\u00e9es. Direct de nos producteurs.","og_url":"https:\/\/www.maison-occitane.com\/fr\/produit\/gesiers-de-canard-igp-sud-ouest-confits-boite-380g\/","og_site_name":"Maison Occitane","article_modified_time":"2026-04-13T07:57:50+00:00","og_image":[{"width":520,"height":450,"url":"https:\/\/www.maison-occitane.com\/app\/uploads\/2025\/05\/8144_520px.jpg","type":"image\/jpeg"}],"twitter_card":"summary_large_image","twitter_misc":{"Dur\u00e9e de lecture estim\u00e9e":"1 minute"},"schema":{"@context":"https:\/\/schema.org","@graph":[{"@type":"WebPage","@id":"https:\/\/www.maison-occitane.com\/fr\/produit\/gesiers-de-canard-igp-sud-ouest-confits-boite-380g\/","url":"https:\/\/www.maison-occitane.com\/fr\/produit\/gesiers-de-canard-igp-sud-ouest-confits-boite-380g\/","name":"CONFITS DE GESIERS DE CANARD DU SUD-OUEST - Maison Occitane","isPartOf":{"@id":"https:\/\/www.maison-occitane.com\/fr\/#website"},"primaryImageOfPage":{"@id":"https:\/\/www.maison-occitane.com\/fr\/produit\/gesiers-de-canard-igp-sud-ouest-confits-boite-380g\/#primaryimage"},"image":{"@id":"https:\/\/www.maison-occitane.com\/fr\/produit\/gesiers-de-canard-igp-sud-ouest-confits-boite-380g\/#primaryimage"},"thumbnailUrl":"https:\/\/www.maison-occitane.com\/app\/uploads\/2025\/05\/8144_520px.jpg","datePublished":"2025-05-05T06:50:34+00:00","dateModified":"2026-04-13T07:57:50+00:00","description":"Nos g\u00e9siers de canard sont confits \u00e0 la graisse de canard, \u00a0sp\u00e9cialit\u00e9 embl\u00e9matique du Sud-Ouest, id\u00e9al pour vos entr\u00e9es. Direct de nos producteurs.","breadcrumb":{"@id":"https:\/\/www.maison-occitane.com\/fr\/produit\/gesiers-de-canard-igp-sud-ouest-confits-boite-380g\/#breadcrumb"},"inLanguage":"fr-FR","potentialAction":[{"@type":"ReadAction","target":["https:\/\/www.maison-occitane.com\/fr\/produit\/gesiers-de-canard-igp-sud-ouest-confits-boite-380g\/"]}]},{"@type":"ImageObject","inLanguage":"fr-FR","@id":"https:\/\/www.maison-occitane.com\/fr\/produit\/gesiers-de-canard-igp-sud-ouest-confits-boite-380g\/#primaryimage","url":"https:\/\/www.maison-occitane.com\/app\/uploads\/2025\/05\/8144_520px.jpg","contentUrl":"https:\/\/www.maison-occitane.com\/app\/uploads\/2025\/05\/8144_520px.jpg","width":520,"height":450,"caption":"Confits de g\u00e9siers de canard du Sud-Ouest"},{"@type":"BreadcrumbList","@id":"https:\/\/www.maison-occitane.com\/fr\/produit\/gesiers-de-canard-igp-sud-ouest-confits-boite-380g\/#breadcrumb","itemListElement":[{"@type":"ListItem","position":1,"name":"Accueil","item":"https:\/\/www.maison-occitane.com\/fr\/"},{"@type":"ListItem","position":2,"name":"Produits","item":"https:\/\/www.maison-occitane.com\/fr\/shop\/"},{"@type":"ListItem","position":3,"name":"Confits de canard","item":"https:\/\/www.maison-occitane.com\/fr\/boutique\/confits-de-canard\/"},{"@type":"ListItem","position":4,"name":"CONFITS DE GESIERS DE CANARD DU SUD-OUEST"}]},{"@type":"WebSite","@id":"https:\/\/www.maison-occitane.com\/fr\/#website","url":"https:\/\/www.maison-occitane.com\/fr\/","name":"Maison Occitane","description":"","potentialAction":[{"@type":"SearchAction","target":{"@type":"EntryPoint","urlTemplate":"https:\/\/www.maison-occitane.com\/fr\/?s={search_term_string}"},"query-input":{"@type":"PropertyValueSpecification","valueRequired":true,"valueName":"search_term_string"}}],"inLanguage":"fr-FR"}]}},"_links":{"self":[{"href":"https:\/\/www.maison-occitane.com\/fr\/wp-json\/wp\/v2\/product\/3502","targetHints":{"allow":["GET"]}}],"collection":[{"href":"https:\/\/www.maison-occitane.com\/fr\/wp-json\/wp\/v2\/product"}],"about":[{"href":"https:\/\/www.maison-occitane.com\/fr\/wp-json\/wp\/v2\/types\/product"}],"replies":[{"embeddable":true,"href":"https:\/\/www.maison-occitane.com\/fr\/wp-json\/wp\/v2\/comments?post=3502"}],"wp:featuredmedia":[{"embeddable":true,"href":"https:\/\/www.maison-occitane.com\/fr\/wp-json\/wp\/v2\/media\/4141"}],"wp:attachment":[{"href":"https:\/\/www.maison-occitane.com\/fr\/wp-json\/wp\/v2\/media?parent=3502"}],"wp:term":[{"taxonomy":"product_cat","embeddable":true,"href":"https:\/\/www.maison-occitane.com\/fr\/wp-json\/wp\/v2\/product_cat?post=3502"},{"taxonomy":"product_tag","embeddable":true,"href":"https:\/\/www.maison-occitane.com\/fr\/wp-json\/wp\/v2\/product_tag?post=3502"},{"taxonomy":"product_origine","embeddable":true,"href":"https:\/\/www.maison-occitane.com\/fr\/wp-json\/wp\/v2\/origines?post=3502"},{"taxonomy":"label_qualite","embeddable":true,"href":"https:\/\/www.maison-occitane.com\/fr\/wp-json\/wp\/v2\/labels-qualite?post=3502"}],"curies":[{"name":"wp","href":"https:\/\/api.w.org\/{rel}","templated":true}]}}