{"id":3500,"date":"2025-05-05T08:50:34","date_gmt":"2025-05-05T06:50:34","guid":{"rendered":"http:\/\/localhost:8080\/non%20class\u00e9\/graisse-de-canard-france-verrine-320g\/"},"modified":"2026-03-10T17:58:01","modified_gmt":"2026-03-10T16:58:01","slug":"graisse-de-canard-france-verrine-320g","status":"publish","type":"product","link":"https:\/\/www.maison-occitane.com\/fr\/produit\/graisse-de-canard-france-verrine-320g\/","title":{"rendered":"GRAISSE DE CANARD FRANCE"},"content":{"rendered":"<p data-start=\"479\" data-end=\"742\">Indissociable de la <strong>gastronomie du Sud-Ouest,<\/strong> la graisse de canard est bien plus qu\u2019un simple corps gras : c\u2019est un ingr\u00e9dient de caract\u00e8re, \u00e0 la saveur authentique et g\u00e9n\u00e9reuse, qui transforme vos plats du quotidien en v\u00e9ritables recettes de terroir.<\/p>\n<p data-start=\"744\" data-end=\"1140\"><strong>Notre graisse de canard fran\u00e7aise,<\/strong> conditionn\u00e9e en bocal de 320g, est <strong>issue de canards \u00e9lev\u00e9s en France<\/strong>. Elle est utilis\u00e9e depuis des g\u00e9n\u00e9rations pour ses qualit\u00e9s gustatives uniques et sa polyvalence en cuisine. Source naturelle de vitamine E, elle remplace ais\u00e9ment l\u2019huile ou le beurre dans vos pr\u00e9parations tout en leur apportant un go\u00fbt savoureux. Sa texture fondante, sa r\u00e9sistance \u00e0 la chaleur et son pouvoir de conservation en font un indispensable du placard pour une cuisine de tous les jours\u2026 ou des grandes occasions.<\/p>\n<p data-start=\"1142\" data-end=\"1530\">Parfaite pour la cuisson des pommes de terre sarladaises, le confit, les l\u00e9gumes r\u00f4tis ou encore les plats mijot\u00e9s, elle r\u00e9v\u00e8le les ar\u00f4mes des aliments et leur donne une belle coloration dor\u00e9e.<\/p>\n<p data-start=\"1142\" data-end=\"1530\">Avant ouverture : conserver dans un endroit frais, sec et \u00e0 l\u2019abri de la lumi\u00e8re<\/p>\n<p><strong><span style=\"color: #f29400;\">CONDITIONNEMENT<\/span><\/strong> : Bocal de 320g<\/p>\n","protected":false},"excerpt":{"rendered":"<p><span class=\"notion-enable-hover\" data-token-index=\"0\">La graisse de canard sera votre alli\u00e9e pour la cuisine de tous les jours, elle donnera du go\u00fbt \u00e0 toutes vos pr\u00e9parations, les rendront gourmandes et g\u00e9n\u00e9reuses \u00e0 l&rsquo;image de la cuisine du Sud-Ouest.<\/span><\/p>\n","protected":false},"featured_media":4260,"comment_status":"open","ping_status":"closed","template":"","meta":{"_acf_changed":false},"product_cat":[775,790],"product_tag":[],"origines":[798],"labels-qualite":[],"class_list":{"0":"post-3500","1":"product","2":"type-product","3":"status-publish","4":"has-post-thumbnail","6":"product_brand-maison-occitane","7":"product_cat-epicerie-fine","8":"product_cat-huiles-et-graisses","9":"product_origine-france","11":"first","12":"instock","13":"taxable","14":"shipping-taxable","15":"purchasable","16":"product-type-simple","17":"add-to-wishlist-before_image"},"acf":[],"yoast_head":"<!-- This site is optimized with the Yoast SEO plugin v24.9 - https:\/\/yoast.com\/wordpress\/plugins\/seo\/ -->\n<title>GRAISSE DE CANARD FRANCE - Maison Occitane<\/title>\n<meta name=\"description\" content=\"Graisse de canard 100%. Origine France. Pour une cuisine savoureuse au go\u00fbt du Sud-Ouest. Id\u00e9ale pour r\u00f4tir, confire ou sublimer vos plats. Direct Producteurs.\" \/>\n<meta name=\"robots\" content=\"index, follow, max-snippet:-1, max-image-preview:large, max-video-preview:-1\" \/>\n<link rel=\"canonical\" href=\"https:\/\/www.maison-occitane.com\/fr\/produit\/graisse-de-canard-france-verrine-320g\/\" \/>\n<meta property=\"og:locale\" content=\"fr_FR\" \/>\n<meta property=\"og:type\" content=\"article\" \/>\n<meta property=\"og:title\" content=\"GRAISSE DE CANARD FRANCE - Maison Occitane\" \/>\n<meta property=\"og:description\" content=\"Graisse de canard 100%. Origine France. Pour une cuisine savoureuse au go\u00fbt du Sud-Ouest. Id\u00e9ale pour r\u00f4tir, confire ou sublimer vos plats. Direct Producteurs.\" \/>\n<meta property=\"og:url\" content=\"https:\/\/www.maison-occitane.com\/fr\/produit\/graisse-de-canard-france-verrine-320g\/\" \/>\n<meta property=\"og:site_name\" content=\"Maison Occitane\" \/>\n<meta property=\"article:modified_time\" content=\"2026-03-10T16:58:01+00:00\" \/>\n<meta property=\"og:image\" content=\"https:\/\/www.maison-occitane.com\/app\/uploads\/2025\/05\/8141_520px.jpg\" \/>\n\t<meta property=\"og:image:width\" content=\"520\" \/>\n\t<meta property=\"og:image:height\" content=\"420\" \/>\n\t<meta property=\"og:image:type\" content=\"image\/jpeg\" \/>\n<meta name=\"twitter:card\" content=\"summary_large_image\" \/>\n<meta name=\"twitter:label1\" content=\"Dur\u00e9e de lecture estim\u00e9e\" \/>\n\t<meta name=\"twitter:data1\" content=\"2 minutes\" \/>\n<script type=\"application\/ld+json\" class=\"yoast-schema-graph\">{\"@context\":\"https:\/\/schema.org\",\"@graph\":[{\"@type\":\"WebPage\",\"@id\":\"https:\/\/www.maison-occitane.com\/fr\/produit\/graisse-de-canard-france-verrine-320g\/\",\"url\":\"https:\/\/www.maison-occitane.com\/fr\/produit\/graisse-de-canard-france-verrine-320g\/\",\"name\":\"GRAISSE DE CANARD FRANCE - Maison Occitane\",\"isPartOf\":{\"@id\":\"https:\/\/www.maison-occitane.com\/fr\/#website\"},\"primaryImageOfPage\":{\"@id\":\"https:\/\/www.maison-occitane.com\/fr\/produit\/graisse-de-canard-france-verrine-320g\/#primaryimage\"},\"image\":{\"@id\":\"https:\/\/www.maison-occitane.com\/fr\/produit\/graisse-de-canard-france-verrine-320g\/#primaryimage\"},\"thumbnailUrl\":\"https:\/\/www.maison-occitane.com\/app\/uploads\/2025\/05\/8141_520px.jpg\",\"datePublished\":\"2025-05-05T06:50:34+00:00\",\"dateModified\":\"2026-03-10T16:58:01+00:00\",\"description\":\"Graisse de canard 100%. Origine France. Pour une cuisine savoureuse au go\u00fbt du Sud-Ouest. Id\u00e9ale pour r\u00f4tir, confire ou sublimer vos plats. Direct Producteurs.\",\"breadcrumb\":{\"@id\":\"https:\/\/www.maison-occitane.com\/fr\/produit\/graisse-de-canard-france-verrine-320g\/#breadcrumb\"},\"inLanguage\":\"fr-FR\",\"potentialAction\":[{\"@type\":\"ReadAction\",\"target\":[\"https:\/\/www.maison-occitane.com\/fr\/produit\/graisse-de-canard-france-verrine-320g\/\"]}]},{\"@type\":\"ImageObject\",\"inLanguage\":\"fr-FR\",\"@id\":\"https:\/\/www.maison-occitane.com\/fr\/produit\/graisse-de-canard-france-verrine-320g\/#primaryimage\",\"url\":\"https:\/\/www.maison-occitane.com\/app\/uploads\/2025\/05\/8141_520px.jpg\",\"contentUrl\":\"https:\/\/www.maison-occitane.com\/app\/uploads\/2025\/05\/8141_520px.jpg\",\"width\":520,\"height\":420,\"caption\":\"Graisse de canard\"},{\"@type\":\"BreadcrumbList\",\"@id\":\"https:\/\/www.maison-occitane.com\/fr\/produit\/graisse-de-canard-france-verrine-320g\/#breadcrumb\",\"itemListElement\":[{\"@type\":\"ListItem\",\"position\":1,\"name\":\"Accueil\",\"item\":\"https:\/\/www.maison-occitane.com\/fr\/\"},{\"@type\":\"ListItem\",\"position\":2,\"name\":\"Produits\",\"item\":\"https:\/\/www.maison-occitane.com\/fr\/shop\/\"},{\"@type\":\"ListItem\",\"position\":3,\"name\":\"\u00c9picerie fine\",\"item\":\"https:\/\/www.maison-occitane.com\/fr\/boutique\/epicerie-fine\/\"},{\"@type\":\"ListItem\",\"position\":4,\"name\":\"Huiles et graisses\",\"item\":\"https:\/\/www.maison-occitane.com\/fr\/boutique\/epicerie-fine\/huiles-et-graisses\/\"},{\"@type\":\"ListItem\",\"position\":5,\"name\":\"GRAISSE DE CANARD FRANCE\"}]},{\"@type\":\"WebSite\",\"@id\":\"https:\/\/www.maison-occitane.com\/fr\/#website\",\"url\":\"https:\/\/www.maison-occitane.com\/fr\/\",\"name\":\"Maison Occitane\",\"description\":\"\",\"potentialAction\":[{\"@type\":\"SearchAction\",\"target\":{\"@type\":\"EntryPoint\",\"urlTemplate\":\"https:\/\/www.maison-occitane.com\/fr\/?s={search_term_string}\"},\"query-input\":{\"@type\":\"PropertyValueSpecification\",\"valueRequired\":true,\"valueName\":\"search_term_string\"}}],\"inLanguage\":\"fr-FR\"}]}<\/script>\n<!-- \/ Yoast SEO plugin. -->","yoast_head_json":{"title":"GRAISSE DE CANARD FRANCE - Maison Occitane","description":"Graisse de canard 100%. Origine France. Pour une cuisine savoureuse au go\u00fbt du Sud-Ouest. Id\u00e9ale pour r\u00f4tir, confire ou sublimer vos plats. Direct Producteurs.","robots":{"index":"index","follow":"follow","max-snippet":"max-snippet:-1","max-image-preview":"max-image-preview:large","max-video-preview":"max-video-preview:-1"},"canonical":"https:\/\/www.maison-occitane.com\/fr\/produit\/graisse-de-canard-france-verrine-320g\/","og_locale":"fr_FR","og_type":"article","og_title":"GRAISSE DE CANARD FRANCE - Maison Occitane","og_description":"Graisse de canard 100%. Origine France. Pour une cuisine savoureuse au go\u00fbt du Sud-Ouest. Id\u00e9ale pour r\u00f4tir, confire ou sublimer vos plats. Direct Producteurs.","og_url":"https:\/\/www.maison-occitane.com\/fr\/produit\/graisse-de-canard-france-verrine-320g\/","og_site_name":"Maison Occitane","article_modified_time":"2026-03-10T16:58:01+00:00","og_image":[{"width":520,"height":420,"url":"https:\/\/www.maison-occitane.com\/app\/uploads\/2025\/05\/8141_520px.jpg","type":"image\/jpeg"}],"twitter_card":"summary_large_image","twitter_misc":{"Dur\u00e9e de lecture estim\u00e9e":"2 minutes"},"schema":{"@context":"https:\/\/schema.org","@graph":[{"@type":"WebPage","@id":"https:\/\/www.maison-occitane.com\/fr\/produit\/graisse-de-canard-france-verrine-320g\/","url":"https:\/\/www.maison-occitane.com\/fr\/produit\/graisse-de-canard-france-verrine-320g\/","name":"GRAISSE DE CANARD FRANCE - Maison Occitane","isPartOf":{"@id":"https:\/\/www.maison-occitane.com\/fr\/#website"},"primaryImageOfPage":{"@id":"https:\/\/www.maison-occitane.com\/fr\/produit\/graisse-de-canard-france-verrine-320g\/#primaryimage"},"image":{"@id":"https:\/\/www.maison-occitane.com\/fr\/produit\/graisse-de-canard-france-verrine-320g\/#primaryimage"},"thumbnailUrl":"https:\/\/www.maison-occitane.com\/app\/uploads\/2025\/05\/8141_520px.jpg","datePublished":"2025-05-05T06:50:34+00:00","dateModified":"2026-03-10T16:58:01+00:00","description":"Graisse de canard 100%. Origine France. Pour une cuisine savoureuse au go\u00fbt du Sud-Ouest. Id\u00e9ale pour r\u00f4tir, confire ou sublimer vos plats. Direct Producteurs.","breadcrumb":{"@id":"https:\/\/www.maison-occitane.com\/fr\/produit\/graisse-de-canard-france-verrine-320g\/#breadcrumb"},"inLanguage":"fr-FR","potentialAction":[{"@type":"ReadAction","target":["https:\/\/www.maison-occitane.com\/fr\/produit\/graisse-de-canard-france-verrine-320g\/"]}]},{"@type":"ImageObject","inLanguage":"fr-FR","@id":"https:\/\/www.maison-occitane.com\/fr\/produit\/graisse-de-canard-france-verrine-320g\/#primaryimage","url":"https:\/\/www.maison-occitane.com\/app\/uploads\/2025\/05\/8141_520px.jpg","contentUrl":"https:\/\/www.maison-occitane.com\/app\/uploads\/2025\/05\/8141_520px.jpg","width":520,"height":420,"caption":"Graisse de canard"},{"@type":"BreadcrumbList","@id":"https:\/\/www.maison-occitane.com\/fr\/produit\/graisse-de-canard-france-verrine-320g\/#breadcrumb","itemListElement":[{"@type":"ListItem","position":1,"name":"Accueil","item":"https:\/\/www.maison-occitane.com\/fr\/"},{"@type":"ListItem","position":2,"name":"Produits","item":"https:\/\/www.maison-occitane.com\/fr\/shop\/"},{"@type":"ListItem","position":3,"name":"\u00c9picerie fine","item":"https:\/\/www.maison-occitane.com\/fr\/boutique\/epicerie-fine\/"},{"@type":"ListItem","position":4,"name":"Huiles et graisses","item":"https:\/\/www.maison-occitane.com\/fr\/boutique\/epicerie-fine\/huiles-et-graisses\/"},{"@type":"ListItem","position":5,"name":"GRAISSE DE CANARD FRANCE"}]},{"@type":"WebSite","@id":"https:\/\/www.maison-occitane.com\/fr\/#website","url":"https:\/\/www.maison-occitane.com\/fr\/","name":"Maison Occitane","description":"","potentialAction":[{"@type":"SearchAction","target":{"@type":"EntryPoint","urlTemplate":"https:\/\/www.maison-occitane.com\/fr\/?s={search_term_string}"},"query-input":{"@type":"PropertyValueSpecification","valueRequired":true,"valueName":"search_term_string"}}],"inLanguage":"fr-FR"}]}},"_links":{"self":[{"href":"https:\/\/www.maison-occitane.com\/fr\/wp-json\/wp\/v2\/product\/3500","targetHints":{"allow":["GET"]}}],"collection":[{"href":"https:\/\/www.maison-occitane.com\/fr\/wp-json\/wp\/v2\/product"}],"about":[{"href":"https:\/\/www.maison-occitane.com\/fr\/wp-json\/wp\/v2\/types\/product"}],"replies":[{"embeddable":true,"href":"https:\/\/www.maison-occitane.com\/fr\/wp-json\/wp\/v2\/comments?post=3500"}],"wp:featuredmedia":[{"embeddable":true,"href":"https:\/\/www.maison-occitane.com\/fr\/wp-json\/wp\/v2\/media\/4260"}],"wp:attachment":[{"href":"https:\/\/www.maison-occitane.com\/fr\/wp-json\/wp\/v2\/media?parent=3500"}],"wp:term":[{"taxonomy":"product_cat","embeddable":true,"href":"https:\/\/www.maison-occitane.com\/fr\/wp-json\/wp\/v2\/product_cat?post=3500"},{"taxonomy":"product_tag","embeddable":true,"href":"https:\/\/www.maison-occitane.com\/fr\/wp-json\/wp\/v2\/product_tag?post=3500"},{"taxonomy":"product_origine","embeddable":true,"href":"https:\/\/www.maison-occitane.com\/fr\/wp-json\/wp\/v2\/origines?post=3500"},{"taxonomy":"label_qualite","embeddable":true,"href":"https:\/\/www.maison-occitane.com\/fr\/wp-json\/wp\/v2\/labels-qualite?post=3500"}],"curies":[{"name":"wp","href":"https:\/\/api.w.org\/{rel}","templated":true}]}}