{"id":3497,"date":"2025-05-05T08:50:34","date_gmt":"2025-05-05T06:50:34","guid":{"rendered":"http:\/\/localhost:8080\/non%20class\u00e9\/bloc-de-foie-gras-de-canard-igp-sud-ouest-boite\/"},"modified":"2026-04-20T16:29:44","modified_gmt":"2026-04-20T14:29:44","slug":"bloc-de-foie-gras-de-canard-igp-sud-ouest-boite","status":"publish","type":"product","link":"https:\/\/www.maison-occitane.com\/fr\/produit\/bloc-de-foie-gras-de-canard-igp-sud-ouest-boite\/","title":{"rendered":"BLOC DE FOIE GRAS DE CANARD IGP SUD-OUEST BOCAL"},"content":{"rendered":"<p>Cette recette est id\u00e9ale pour \u00eatre servi en entr\u00e9e ou sur des toasts en ap\u00e9ritif accompagn\u00e9 de confitures ou d&rsquo;un chutney. Il est souvent accompagn\u00e9 d&rsquo;un vin blanc moelleux.<\/p>\n<p>Appr\u00e9ci\u00e9 pour sa texture lisse et son go\u00fbt raffin\u00e9, typiques des produits du Sud-Ouest.<\/p>\n<p>Nous le recommandons \u00e9galement pour des pr\u00e9parations culinaires au foie gras. Avec les diff\u00e9rents conditionnements disponibles, il s&rsquo;adapte \u00e0 toutes les occasions.<\/p>\n<p>L&rsquo;IGP vous garantit un produit de terroir \u00e9labor\u00e9 selon les r\u00e8gles d&rsquo;un cahier des charges. Elle certifie la production, la transformation et l&rsquo;\u00e9laboration de nos produits et producteurs.<\/p>\n<p><strong><span style=\"color: #f29400;\">Nombre de part : <\/span><\/strong>65g \u2192 1 part \/ 90g \u2192 2 part \/ 140g \u2192 3 parts \/ 200g \u2192 3 \u00e0 4 parts<\/p>\n<div class=\"section-tabs\">\n<div class=\"container\">\n<div class=\"row\">\n<div class=\"col-xs-12\">\n<div class=\"encart-tabs\">\n<div class=\"tab-content\">\n<div id=\"description\" class=\"tab-pane fade in active\" role=\"tabpanel\">\n<p>\u00c0 conserver \u00e0 temp\u00e9rature ambiante dans un endroit frais et sec. Apr\u00e8s ouverture \u00e0 conserver au frais et \u00e0 consommer rapidement.<\/p>\n<\/div>\n<\/div>\n<\/div>\n<\/div>\n<\/div>\n<\/div>\n<\/div>\n","protected":false},"excerpt":{"rendered":"<p>Toute la saveur du Sud-Ouest dans ce bloc de foie gras de canard. Son go\u00fbt et sa saveur en s\u00e9duiront plus d\u2019un. Nos blocs de foie gras \u00e0 la texture d\u00e9licatement fondante son pr\u00e9par\u00e9s \u00e0 partir de foie gras provenant de notre groupement de producteurs.90g, 130g, 180g et 300g<\/p>\n","protected":false},"featured_media":4246,"comment_status":"open","ping_status":"closed","template":"","meta":{"_acf_changed":false},"product_cat":[770,779],"product_tag":[],"origines":[797],"labels-qualite":[],"class_list":{"0":"post-3497","1":"product","2":"type-product","3":"status-publish","4":"has-post-thumbnail","6":"product_brand-maison-occitane","7":"product_cat-foie-gras","8":"product_cat-bloc-de-foie-gras-en-conserve","9":"product_origine-igp-du-sud-ouest","11":"first","12":"instock","13":"taxable","14":"shipping-taxable","15":"purchasable","16":"product-type-variable","17":"add-to-wishlist-before_image"},"acf":[],"yoast_head":"<!-- This site is optimized with the Yoast SEO plugin v24.9 - https:\/\/yoast.com\/wordpress\/plugins\/seo\/ -->\n<title>Bloc de Foie gras de canard IGP Sud-Ouest- Vente directe - Maison Occitane<\/title>\n<meta name=\"description\" content=\"Nos blocs de foie gras de canard sont pr\u00e9par\u00e9s \u00e0 partir de foie gras de canard de notre groupement de producteurs. Certifi\u00e9 IGP du Sud-Ouest. En vente direct de nos producteurs.\" \/>\n<meta name=\"robots\" content=\"index, follow, max-snippet:-1, max-image-preview:large, max-video-preview:-1\" \/>\n<link rel=\"canonical\" href=\"https:\/\/www.maison-occitane.com\/fr\/produit\/bloc-de-foie-gras-de-canard-igp-sud-ouest-boite\/\" \/>\n<meta property=\"og:locale\" content=\"fr_FR\" \/>\n<meta property=\"og:type\" content=\"article\" \/>\n<meta property=\"og:title\" content=\"Bloc de Foie gras de canard IGP Sud-Ouest- Vente directe - Maison Occitane\" \/>\n<meta property=\"og:description\" content=\"Nos blocs de foie gras de canard sont pr\u00e9par\u00e9s \u00e0 partir de foie gras de canard de notre groupement de producteurs. Certifi\u00e9 IGP du Sud-Ouest. En vente direct de nos producteurs.\" \/>\n<meta property=\"og:url\" content=\"https:\/\/www.maison-occitane.com\/fr\/produit\/bloc-de-foie-gras-de-canard-igp-sud-ouest-boite\/\" \/>\n<meta property=\"og:site_name\" content=\"Maison Occitane\" \/>\n<meta property=\"article:modified_time\" content=\"2026-04-20T14:29:44+00:00\" \/>\n<meta property=\"og:image\" content=\"https:\/\/www.maison-occitane.com\/app\/uploads\/2025\/05\/8829_520px.jpg\" \/>\n\t<meta property=\"og:image:width\" content=\"520\" \/>\n\t<meta property=\"og:image:height\" content=\"450\" \/>\n\t<meta property=\"og:image:type\" content=\"image\/jpeg\" \/>\n<meta name=\"twitter:card\" content=\"summary_large_image\" \/>\n<meta name=\"twitter:label1\" content=\"Dur\u00e9e de lecture estim\u00e9e\" \/>\n\t<meta name=\"twitter:data1\" content=\"1 minute\" \/>\n<script type=\"application\/ld+json\" class=\"yoast-schema-graph\">{\"@context\":\"https:\/\/schema.org\",\"@graph\":[{\"@type\":\"WebPage\",\"@id\":\"https:\/\/www.maison-occitane.com\/fr\/produit\/bloc-de-foie-gras-de-canard-igp-sud-ouest-boite\/\",\"url\":\"https:\/\/www.maison-occitane.com\/fr\/produit\/bloc-de-foie-gras-de-canard-igp-sud-ouest-boite\/\",\"name\":\"Bloc de Foie gras de canard IGP Sud-Ouest- Vente directe - Maison Occitane\",\"isPartOf\":{\"@id\":\"https:\/\/www.maison-occitane.com\/fr\/#website\"},\"primaryImageOfPage\":{\"@id\":\"https:\/\/www.maison-occitane.com\/fr\/produit\/bloc-de-foie-gras-de-canard-igp-sud-ouest-boite\/#primaryimage\"},\"image\":{\"@id\":\"https:\/\/www.maison-occitane.com\/fr\/produit\/bloc-de-foie-gras-de-canard-igp-sud-ouest-boite\/#primaryimage\"},\"thumbnailUrl\":\"https:\/\/www.maison-occitane.com\/app\/uploads\/2025\/05\/8829_520px.jpg\",\"datePublished\":\"2025-05-05T06:50:34+00:00\",\"dateModified\":\"2026-04-20T14:29:44+00:00\",\"description\":\"Nos blocs de foie gras de canard sont pr\u00e9par\u00e9s \u00e0 partir de foie gras de canard de notre groupement de producteurs. Certifi\u00e9 IGP du Sud-Ouest. En vente direct de nos producteurs.\",\"breadcrumb\":{\"@id\":\"https:\/\/www.maison-occitane.com\/fr\/produit\/bloc-de-foie-gras-de-canard-igp-sud-ouest-boite\/#breadcrumb\"},\"inLanguage\":\"fr-FR\",\"potentialAction\":[{\"@type\":\"ReadAction\",\"target\":[\"https:\/\/www.maison-occitane.com\/fr\/produit\/bloc-de-foie-gras-de-canard-igp-sud-ouest-boite\/\"]}]},{\"@type\":\"ImageObject\",\"inLanguage\":\"fr-FR\",\"@id\":\"https:\/\/www.maison-occitane.com\/fr\/produit\/bloc-de-foie-gras-de-canard-igp-sud-ouest-boite\/#primaryimage\",\"url\":\"https:\/\/www.maison-occitane.com\/app\/uploads\/2025\/05\/8829_520px.jpg\",\"contentUrl\":\"https:\/\/www.maison-occitane.com\/app\/uploads\/2025\/05\/8829_520px.jpg\",\"width\":520,\"height\":450,\"caption\":\"Bloc de Foie Gras de canard du Sud-Ouest\"},{\"@type\":\"BreadcrumbList\",\"@id\":\"https:\/\/www.maison-occitane.com\/fr\/produit\/bloc-de-foie-gras-de-canard-igp-sud-ouest-boite\/#breadcrumb\",\"itemListElement\":[{\"@type\":\"ListItem\",\"position\":1,\"name\":\"Accueil\",\"item\":\"https:\/\/www.maison-occitane.com\/fr\/\"},{\"@type\":\"ListItem\",\"position\":2,\"name\":\"Produits\",\"item\":\"https:\/\/www.maison-occitane.com\/fr\/shop\/\"},{\"@type\":\"ListItem\",\"position\":3,\"name\":\"Foie gras\",\"item\":\"https:\/\/www.maison-occitane.com\/fr\/boutique\/foie-gras\/\"},{\"@type\":\"ListItem\",\"position\":4,\"name\":\"Bloc de foie gras en conserve\",\"item\":\"https:\/\/www.maison-occitane.com\/fr\/boutique\/foie-gras\/bloc-de-foie-gras-en-conserve\/\"},{\"@type\":\"ListItem\",\"position\":5,\"name\":\"BLOC DE FOIE GRAS DE CANARD IGP SUD-OUEST BOCAL\"}]},{\"@type\":\"WebSite\",\"@id\":\"https:\/\/www.maison-occitane.com\/fr\/#website\",\"url\":\"https:\/\/www.maison-occitane.com\/fr\/\",\"name\":\"Maison Occitane\",\"description\":\"\",\"potentialAction\":[{\"@type\":\"SearchAction\",\"target\":{\"@type\":\"EntryPoint\",\"urlTemplate\":\"https:\/\/www.maison-occitane.com\/fr\/?s={search_term_string}\"},\"query-input\":{\"@type\":\"PropertyValueSpecification\",\"valueRequired\":true,\"valueName\":\"search_term_string\"}}],\"inLanguage\":\"fr-FR\"}]}<\/script>\n<!-- \/ Yoast SEO plugin. -->","yoast_head_json":{"title":"Bloc de Foie gras de canard IGP Sud-Ouest- Vente directe - Maison Occitane","description":"Nos blocs de foie gras de canard sont pr\u00e9par\u00e9s \u00e0 partir de foie gras de canard de notre groupement de producteurs. Certifi\u00e9 IGP du Sud-Ouest. En vente direct de nos producteurs.","robots":{"index":"index","follow":"follow","max-snippet":"max-snippet:-1","max-image-preview":"max-image-preview:large","max-video-preview":"max-video-preview:-1"},"canonical":"https:\/\/www.maison-occitane.com\/fr\/produit\/bloc-de-foie-gras-de-canard-igp-sud-ouest-boite\/","og_locale":"fr_FR","og_type":"article","og_title":"Bloc de Foie gras de canard IGP Sud-Ouest- Vente directe - Maison Occitane","og_description":"Nos blocs de foie gras de canard sont pr\u00e9par\u00e9s \u00e0 partir de foie gras de canard de notre groupement de producteurs. Certifi\u00e9 IGP du Sud-Ouest. En vente direct de nos producteurs.","og_url":"https:\/\/www.maison-occitane.com\/fr\/produit\/bloc-de-foie-gras-de-canard-igp-sud-ouest-boite\/","og_site_name":"Maison Occitane","article_modified_time":"2026-04-20T14:29:44+00:00","og_image":[{"width":520,"height":450,"url":"https:\/\/www.maison-occitane.com\/app\/uploads\/2025\/05\/8829_520px.jpg","type":"image\/jpeg"}],"twitter_card":"summary_large_image","twitter_misc":{"Dur\u00e9e de lecture estim\u00e9e":"1 minute"},"schema":{"@context":"https:\/\/schema.org","@graph":[{"@type":"WebPage","@id":"https:\/\/www.maison-occitane.com\/fr\/produit\/bloc-de-foie-gras-de-canard-igp-sud-ouest-boite\/","url":"https:\/\/www.maison-occitane.com\/fr\/produit\/bloc-de-foie-gras-de-canard-igp-sud-ouest-boite\/","name":"Bloc de Foie gras de canard IGP Sud-Ouest- Vente directe - Maison Occitane","isPartOf":{"@id":"https:\/\/www.maison-occitane.com\/fr\/#website"},"primaryImageOfPage":{"@id":"https:\/\/www.maison-occitane.com\/fr\/produit\/bloc-de-foie-gras-de-canard-igp-sud-ouest-boite\/#primaryimage"},"image":{"@id":"https:\/\/www.maison-occitane.com\/fr\/produit\/bloc-de-foie-gras-de-canard-igp-sud-ouest-boite\/#primaryimage"},"thumbnailUrl":"https:\/\/www.maison-occitane.com\/app\/uploads\/2025\/05\/8829_520px.jpg","datePublished":"2025-05-05T06:50:34+00:00","dateModified":"2026-04-20T14:29:44+00:00","description":"Nos blocs de foie gras de canard sont pr\u00e9par\u00e9s \u00e0 partir de foie gras de canard de notre groupement de producteurs. Certifi\u00e9 IGP du Sud-Ouest. En vente direct de nos producteurs.","breadcrumb":{"@id":"https:\/\/www.maison-occitane.com\/fr\/produit\/bloc-de-foie-gras-de-canard-igp-sud-ouest-boite\/#breadcrumb"},"inLanguage":"fr-FR","potentialAction":[{"@type":"ReadAction","target":["https:\/\/www.maison-occitane.com\/fr\/produit\/bloc-de-foie-gras-de-canard-igp-sud-ouest-boite\/"]}]},{"@type":"ImageObject","inLanguage":"fr-FR","@id":"https:\/\/www.maison-occitane.com\/fr\/produit\/bloc-de-foie-gras-de-canard-igp-sud-ouest-boite\/#primaryimage","url":"https:\/\/www.maison-occitane.com\/app\/uploads\/2025\/05\/8829_520px.jpg","contentUrl":"https:\/\/www.maison-occitane.com\/app\/uploads\/2025\/05\/8829_520px.jpg","width":520,"height":450,"caption":"Bloc de Foie Gras de canard du Sud-Ouest"},{"@type":"BreadcrumbList","@id":"https:\/\/www.maison-occitane.com\/fr\/produit\/bloc-de-foie-gras-de-canard-igp-sud-ouest-boite\/#breadcrumb","itemListElement":[{"@type":"ListItem","position":1,"name":"Accueil","item":"https:\/\/www.maison-occitane.com\/fr\/"},{"@type":"ListItem","position":2,"name":"Produits","item":"https:\/\/www.maison-occitane.com\/fr\/shop\/"},{"@type":"ListItem","position":3,"name":"Foie gras","item":"https:\/\/www.maison-occitane.com\/fr\/boutique\/foie-gras\/"},{"@type":"ListItem","position":4,"name":"Bloc de foie gras en conserve","item":"https:\/\/www.maison-occitane.com\/fr\/boutique\/foie-gras\/bloc-de-foie-gras-en-conserve\/"},{"@type":"ListItem","position":5,"name":"BLOC DE FOIE GRAS DE CANARD IGP SUD-OUEST BOCAL"}]},{"@type":"WebSite","@id":"https:\/\/www.maison-occitane.com\/fr\/#website","url":"https:\/\/www.maison-occitane.com\/fr\/","name":"Maison Occitane","description":"","potentialAction":[{"@type":"SearchAction","target":{"@type":"EntryPoint","urlTemplate":"https:\/\/www.maison-occitane.com\/fr\/?s={search_term_string}"},"query-input":{"@type":"PropertyValueSpecification","valueRequired":true,"valueName":"search_term_string"}}],"inLanguage":"fr-FR"}]}},"_links":{"self":[{"href":"https:\/\/www.maison-occitane.com\/fr\/wp-json\/wp\/v2\/product\/3497","targetHints":{"allow":["GET"]}}],"collection":[{"href":"https:\/\/www.maison-occitane.com\/fr\/wp-json\/wp\/v2\/product"}],"about":[{"href":"https:\/\/www.maison-occitane.com\/fr\/wp-json\/wp\/v2\/types\/product"}],"replies":[{"embeddable":true,"href":"https:\/\/www.maison-occitane.com\/fr\/wp-json\/wp\/v2\/comments?post=3497"}],"wp:featuredmedia":[{"embeddable":true,"href":"https:\/\/www.maison-occitane.com\/fr\/wp-json\/wp\/v2\/media\/4246"}],"wp:attachment":[{"href":"https:\/\/www.maison-occitane.com\/fr\/wp-json\/wp\/v2\/media?parent=3497"}],"wp:term":[{"taxonomy":"product_cat","embeddable":true,"href":"https:\/\/www.maison-occitane.com\/fr\/wp-json\/wp\/v2\/product_cat?post=3497"},{"taxonomy":"product_tag","embeddable":true,"href":"https:\/\/www.maison-occitane.com\/fr\/wp-json\/wp\/v2\/product_tag?post=3497"},{"taxonomy":"product_origine","embeddable":true,"href":"https:\/\/www.maison-occitane.com\/fr\/wp-json\/wp\/v2\/origines?post=3497"},{"taxonomy":"label_qualite","embeddable":true,"href":"https:\/\/www.maison-occitane.com\/fr\/wp-json\/wp\/v2\/labels-qualite?post=3497"}],"curies":[{"name":"wp","href":"https:\/\/api.w.org\/{rel}","templated":true}]}}