{"id":3496,"date":"2025-05-05T08:50:33","date_gmt":"2025-05-05T06:50:33","guid":{"rendered":"http:\/\/localhost:8080\/non%20class\u00e9\/fritons-de-canard-du-sud-ouest-verrine-180g\/"},"modified":"2026-04-13T09:57:50","modified_gmt":"2026-04-13T07:57:50","slug":"fritons-de-canard-du-sud-ouest-verrine-180g","status":"publish","type":"product","link":"https:\/\/www.maison-occitane.com\/fr\/produit\/fritons-de-canard-du-sud-ouest-verrine-180g\/","title":{"rendered":"FRITONS DE CANARD DU SUD-OUEST"},"content":{"rendered":"<p data-start=\"337\" data-end=\"796\">Plongez au c\u0153ur de la tradition du Sud-Ouest avec notre Friton de canard. Notre fritons est \u00e9labor\u00e9 \u00e0 partir de <strong data-start=\"515\" data-end=\"545\">morceaux viande de canard. <\/strong>Les fritons est une sp\u00e9cialit\u00e9 charcuti\u00e8re typique de notre terroir. Cette recette rustique et authentique d\u00e9voile une texture fondante et un go\u00fbt prononc\u00e9, fid\u00e8le \u00e0 l\u2019esprit g\u00e9n\u00e9reux de la cuisine du Sud-Ouest.<\/p>\n<p data-start=\"798\" data-end=\"1085\">100 % canard, sans colorant ni conservateur, cette pr\u00e9paration est simplement assaisonn\u00e9e de <strong data-start=\"891\" data-end=\"911\">sel et de poivre<\/strong>, comme le faisaient nos anciens. Les morceaux proviennent de <strong data-start=\"973\" data-end=\"1021\">canards \u00e0 foie gras \u00e9lev\u00e9s dans le Sud-Ouest<\/strong>, garantissant une viande savoureuse et de qualit\u00e9 sup\u00e9rieure.<\/p>\n<p data-start=\"1087\" data-end=\"1282\">Pr\u00e9par\u00e9s dans notre atelier, au c\u0153ur du Parc Naturel des Causses du Quercy, notre friton incarnent notre attachement au <strong data-start=\"1206\" data-end=\"1279\">fait-maison, au go\u00fbt du vrai, et au respect des traditions culinaires<\/strong>.<\/p>\n<p><strong><span style=\"color: #f29400;\">Nombre de parts :<\/span><\/strong> 4 \u00e0 5 parts<\/p>\n","protected":false},"excerpt":{"rendered":"<p><span class=\"notion-enable-hover\" data-token-index=\"0\">Cette recette ancestrale r\u00e9alis\u00e9e dans le plus grand des respects de la tradition du Sud-Ouest va donner un c\u00f4t\u00e9 authentique \u00e0 vos ap\u00e9ritifs et vos entr\u00e9es.<\/span><\/p>\n","protected":false},"featured_media":4158,"comment_status":"open","ping_status":"closed","template":"","meta":{"_acf_changed":false},"product_cat":[773,784],"product_tag":[],"origines":[799],"labels-qualite":[],"class_list":{"0":"post-3496","1":"product","2":"type-product","3":"status-publish","4":"has-post-thumbnail","6":"product_brand-maison-occitane","7":"product_cat-specialites-du-sud-ouest","8":"product_cat-entrees-du-terroir","9":"product_origine-sud-ouest","11":"first","12":"instock","13":"taxable","14":"shipping-taxable","15":"purchasable","16":"product-type-simple","17":"add-to-wishlist-before_image"},"acf":[],"yoast_head":"<!-- This site is optimized with the Yoast SEO plugin v24.9 - https:\/\/yoast.com\/wordpress\/plugins\/seo\/ -->\n<title>FRITONS DE CANARD DU SUD-OUEST - Maison Occitane<\/title>\n<meta name=\"description\" content=\"Friton pur canard du Sud-Ouest, fondant et savoureux. Cuisin\u00e9e dans le Quercy avec de la viande de canard du Sud-Ouest issue de nos canards. \u00c0 tartiner sans mod\u00e9ration.\" \/>\n<meta name=\"robots\" content=\"index, follow, max-snippet:-1, max-image-preview:large, max-video-preview:-1\" \/>\n<link rel=\"canonical\" href=\"https:\/\/www.maison-occitane.com\/produit\/fritons-de-canard-du-sud-ouest-verrine-180g\/\" \/>\n<meta property=\"og:locale\" content=\"fr_FR\" \/>\n<meta property=\"og:type\" content=\"article\" \/>\n<meta property=\"og:title\" content=\"FRITONS DE CANARD DU SUD-OUEST - Maison Occitane\" \/>\n<meta property=\"og:description\" content=\"Friton pur canard du Sud-Ouest, fondant et savoureux. Cuisin\u00e9e dans le Quercy avec de la viande de canard du Sud-Ouest issue de nos canards. \u00c0 tartiner sans mod\u00e9ration.\" \/>\n<meta property=\"og:url\" content=\"https:\/\/www.maison-occitane.com\/produit\/fritons-de-canard-du-sud-ouest-verrine-180g\/\" \/>\n<meta property=\"og:site_name\" content=\"Maison Occitane\" \/>\n<meta property=\"article:modified_time\" content=\"2026-04-13T07:57:50+00:00\" \/>\n<meta property=\"og:image\" content=\"https:\/\/www.maison-occitane.com\/app\/uploads\/2025\/05\/8135_520px.png\" \/>\n\t<meta property=\"og:image:width\" content=\"520\" \/>\n\t<meta property=\"og:image:height\" content=\"450\" \/>\n\t<meta property=\"og:image:type\" content=\"image\/png\" \/>\n<meta name=\"twitter:card\" content=\"summary_large_image\" \/>\n<meta name=\"twitter:label1\" content=\"Dur\u00e9e de lecture estim\u00e9e\" \/>\n\t<meta name=\"twitter:data1\" content=\"1 minute\" \/>\n<script type=\"application\/ld+json\" class=\"yoast-schema-graph\">{\"@context\":\"https:\/\/schema.org\",\"@graph\":[{\"@type\":\"WebPage\",\"@id\":\"https:\/\/www.maison-occitane.com\/produit\/fritons-de-canard-du-sud-ouest-verrine-180g\/\",\"url\":\"https:\/\/www.maison-occitane.com\/produit\/fritons-de-canard-du-sud-ouest-verrine-180g\/\",\"name\":\"FRITONS DE CANARD DU SUD-OUEST - Maison Occitane\",\"isPartOf\":{\"@id\":\"https:\/\/www.maison-occitane.com\/fr\/#website\"},\"primaryImageOfPage\":{\"@id\":\"https:\/\/www.maison-occitane.com\/produit\/fritons-de-canard-du-sud-ouest-verrine-180g\/#primaryimage\"},\"image\":{\"@id\":\"https:\/\/www.maison-occitane.com\/produit\/fritons-de-canard-du-sud-ouest-verrine-180g\/#primaryimage\"},\"thumbnailUrl\":\"https:\/\/www.maison-occitane.com\/app\/uploads\/2025\/05\/8135_520px.png\",\"datePublished\":\"2025-05-05T06:50:33+00:00\",\"dateModified\":\"2026-04-13T07:57:50+00:00\",\"description\":\"Friton pur canard du Sud-Ouest, fondant et savoureux. Cuisin\u00e9e dans le Quercy avec de la viande de canard du Sud-Ouest issue de nos canards. \u00c0 tartiner sans mod\u00e9ration.\",\"breadcrumb\":{\"@id\":\"https:\/\/www.maison-occitane.com\/produit\/fritons-de-canard-du-sud-ouest-verrine-180g\/#breadcrumb\"},\"inLanguage\":\"fr-FR\",\"potentialAction\":[{\"@type\":\"ReadAction\",\"target\":[\"https:\/\/www.maison-occitane.com\/produit\/fritons-de-canard-du-sud-ouest-verrine-180g\/\"]}]},{\"@type\":\"ImageObject\",\"inLanguage\":\"fr-FR\",\"@id\":\"https:\/\/www.maison-occitane.com\/produit\/fritons-de-canard-du-sud-ouest-verrine-180g\/#primaryimage\",\"url\":\"https:\/\/www.maison-occitane.com\/app\/uploads\/2025\/05\/8135_520px.png\",\"contentUrl\":\"https:\/\/www.maison-occitane.com\/app\/uploads\/2025\/05\/8135_520px.png\",\"width\":520,\"height\":450,\"caption\":\"Fritons de canard du Sud-Ouest\"},{\"@type\":\"BreadcrumbList\",\"@id\":\"https:\/\/www.maison-occitane.com\/produit\/fritons-de-canard-du-sud-ouest-verrine-180g\/#breadcrumb\",\"itemListElement\":[{\"@type\":\"ListItem\",\"position\":1,\"name\":\"Accueil\",\"item\":\"https:\/\/www.maison-occitane.com\/fr\/\"},{\"@type\":\"ListItem\",\"position\":2,\"name\":\"Produits\",\"item\":\"https:\/\/www.maison-occitane.com\/fr\/shop\/\"},{\"@type\":\"ListItem\",\"position\":3,\"name\":\"Sp\u00e9cialit\u00e9s du Sud-Ouest\",\"item\":\"https:\/\/www.maison-occitane.com\/fr\/boutique\/specialites-du-sud-ouest\/\"},{\"@type\":\"ListItem\",\"position\":4,\"name\":\"Entr\u00e9es du terroir\",\"item\":\"https:\/\/www.maison-occitane.com\/fr\/boutique\/specialites-du-sud-ouest\/entrees-du-terroir\/\"},{\"@type\":\"ListItem\",\"position\":5,\"name\":\"FRITONS DE CANARD DU SUD-OUEST\"}]},{\"@type\":\"WebSite\",\"@id\":\"https:\/\/www.maison-occitane.com\/fr\/#website\",\"url\":\"https:\/\/www.maison-occitane.com\/fr\/\",\"name\":\"Maison Occitane\",\"description\":\"\",\"potentialAction\":[{\"@type\":\"SearchAction\",\"target\":{\"@type\":\"EntryPoint\",\"urlTemplate\":\"https:\/\/www.maison-occitane.com\/fr\/?s={search_term_string}\"},\"query-input\":{\"@type\":\"PropertyValueSpecification\",\"valueRequired\":true,\"valueName\":\"search_term_string\"}}],\"inLanguage\":\"fr-FR\"}]}<\/script>\n<!-- \/ Yoast SEO plugin. -->","yoast_head_json":{"title":"FRITONS DE CANARD DU SUD-OUEST - Maison Occitane","description":"Friton pur canard du Sud-Ouest, fondant et savoureux. Cuisin\u00e9e dans le Quercy avec de la viande de canard du Sud-Ouest issue de nos canards. \u00c0 tartiner sans mod\u00e9ration.","robots":{"index":"index","follow":"follow","max-snippet":"max-snippet:-1","max-image-preview":"max-image-preview:large","max-video-preview":"max-video-preview:-1"},"canonical":"https:\/\/www.maison-occitane.com\/produit\/fritons-de-canard-du-sud-ouest-verrine-180g\/","og_locale":"fr_FR","og_type":"article","og_title":"FRITONS DE CANARD DU SUD-OUEST - Maison Occitane","og_description":"Friton pur canard du Sud-Ouest, fondant et savoureux. Cuisin\u00e9e dans le Quercy avec de la viande de canard du Sud-Ouest issue de nos canards. \u00c0 tartiner sans mod\u00e9ration.","og_url":"https:\/\/www.maison-occitane.com\/produit\/fritons-de-canard-du-sud-ouest-verrine-180g\/","og_site_name":"Maison Occitane","article_modified_time":"2026-04-13T07:57:50+00:00","og_image":[{"width":520,"height":450,"url":"https:\/\/www.maison-occitane.com\/app\/uploads\/2025\/05\/8135_520px.png","type":"image\/png"}],"twitter_card":"summary_large_image","twitter_misc":{"Dur\u00e9e de lecture estim\u00e9e":"1 minute"},"schema":{"@context":"https:\/\/schema.org","@graph":[{"@type":"WebPage","@id":"https:\/\/www.maison-occitane.com\/produit\/fritons-de-canard-du-sud-ouest-verrine-180g\/","url":"https:\/\/www.maison-occitane.com\/produit\/fritons-de-canard-du-sud-ouest-verrine-180g\/","name":"FRITONS DE CANARD DU SUD-OUEST - Maison Occitane","isPartOf":{"@id":"https:\/\/www.maison-occitane.com\/fr\/#website"},"primaryImageOfPage":{"@id":"https:\/\/www.maison-occitane.com\/produit\/fritons-de-canard-du-sud-ouest-verrine-180g\/#primaryimage"},"image":{"@id":"https:\/\/www.maison-occitane.com\/produit\/fritons-de-canard-du-sud-ouest-verrine-180g\/#primaryimage"},"thumbnailUrl":"https:\/\/www.maison-occitane.com\/app\/uploads\/2025\/05\/8135_520px.png","datePublished":"2025-05-05T06:50:33+00:00","dateModified":"2026-04-13T07:57:50+00:00","description":"Friton pur canard du Sud-Ouest, fondant et savoureux. Cuisin\u00e9e dans le Quercy avec de la viande de canard du Sud-Ouest issue de nos canards. \u00c0 tartiner sans mod\u00e9ration.","breadcrumb":{"@id":"https:\/\/www.maison-occitane.com\/produit\/fritons-de-canard-du-sud-ouest-verrine-180g\/#breadcrumb"},"inLanguage":"fr-FR","potentialAction":[{"@type":"ReadAction","target":["https:\/\/www.maison-occitane.com\/produit\/fritons-de-canard-du-sud-ouest-verrine-180g\/"]}]},{"@type":"ImageObject","inLanguage":"fr-FR","@id":"https:\/\/www.maison-occitane.com\/produit\/fritons-de-canard-du-sud-ouest-verrine-180g\/#primaryimage","url":"https:\/\/www.maison-occitane.com\/app\/uploads\/2025\/05\/8135_520px.png","contentUrl":"https:\/\/www.maison-occitane.com\/app\/uploads\/2025\/05\/8135_520px.png","width":520,"height":450,"caption":"Fritons de canard du Sud-Ouest"},{"@type":"BreadcrumbList","@id":"https:\/\/www.maison-occitane.com\/produit\/fritons-de-canard-du-sud-ouest-verrine-180g\/#breadcrumb","itemListElement":[{"@type":"ListItem","position":1,"name":"Accueil","item":"https:\/\/www.maison-occitane.com\/fr\/"},{"@type":"ListItem","position":2,"name":"Produits","item":"https:\/\/www.maison-occitane.com\/fr\/shop\/"},{"@type":"ListItem","position":3,"name":"Sp\u00e9cialit\u00e9s du Sud-Ouest","item":"https:\/\/www.maison-occitane.com\/fr\/boutique\/specialites-du-sud-ouest\/"},{"@type":"ListItem","position":4,"name":"Entr\u00e9es du terroir","item":"https:\/\/www.maison-occitane.com\/fr\/boutique\/specialites-du-sud-ouest\/entrees-du-terroir\/"},{"@type":"ListItem","position":5,"name":"FRITONS DE CANARD DU SUD-OUEST"}]},{"@type":"WebSite","@id":"https:\/\/www.maison-occitane.com\/fr\/#website","url":"https:\/\/www.maison-occitane.com\/fr\/","name":"Maison Occitane","description":"","potentialAction":[{"@type":"SearchAction","target":{"@type":"EntryPoint","urlTemplate":"https:\/\/www.maison-occitane.com\/fr\/?s={search_term_string}"},"query-input":{"@type":"PropertyValueSpecification","valueRequired":true,"valueName":"search_term_string"}}],"inLanguage":"fr-FR"}]}},"_links":{"self":[{"href":"https:\/\/www.maison-occitane.com\/fr\/wp-json\/wp\/v2\/product\/3496","targetHints":{"allow":["GET"]}}],"collection":[{"href":"https:\/\/www.maison-occitane.com\/fr\/wp-json\/wp\/v2\/product"}],"about":[{"href":"https:\/\/www.maison-occitane.com\/fr\/wp-json\/wp\/v2\/types\/product"}],"replies":[{"embeddable":true,"href":"https:\/\/www.maison-occitane.com\/fr\/wp-json\/wp\/v2\/comments?post=3496"}],"wp:featuredmedia":[{"embeddable":true,"href":"https:\/\/www.maison-occitane.com\/fr\/wp-json\/wp\/v2\/media\/4158"}],"wp:attachment":[{"href":"https:\/\/www.maison-occitane.com\/fr\/wp-json\/wp\/v2\/media?parent=3496"}],"wp:term":[{"taxonomy":"product_cat","embeddable":true,"href":"https:\/\/www.maison-occitane.com\/fr\/wp-json\/wp\/v2\/product_cat?post=3496"},{"taxonomy":"product_tag","embeddable":true,"href":"https:\/\/www.maison-occitane.com\/fr\/wp-json\/wp\/v2\/product_tag?post=3496"},{"taxonomy":"product_origine","embeddable":true,"href":"https:\/\/www.maison-occitane.com\/fr\/wp-json\/wp\/v2\/origines?post=3496"},{"taxonomy":"label_qualite","embeddable":true,"href":"https:\/\/www.maison-occitane.com\/fr\/wp-json\/wp\/v2\/labels-qualite?post=3496"}],"curies":[{"name":"wp","href":"https:\/\/api.w.org\/{rel}","templated":true}]}}