{"id":3491,"date":"2025-05-05T08:50:33","date_gmt":"2025-05-05T06:50:33","guid":{"rendered":"http:\/\/localhost:8080\/non%20class\u00e9\/pate-au-foie-canard-du-sud-ouest-20-foie-gras-boite-130g\/"},"modified":"2026-04-23T15:39:31","modified_gmt":"2026-04-23T13:39:31","slug":"pate-au-foie-canard-du-sud-ouest-20-foie-gras-boite-130g","status":"publish","type":"product","link":"https:\/\/www.maison-occitane.com\/fr\/produit\/pate-au-foie-canard-du-sud-ouest-20-foie-gras-boite-130g\/","title":{"rendered":"PATE AU FOIE CANARD DU SUD OUEST (20% FOIE GRAS)"},"content":{"rendered":"<p data-start=\"524\" data-end=\"943\">Plongez dans l&rsquo;authenticit\u00e9 du Sud-Ouest avec notre <strong data-start=\"576\" data-end=\"613\">P\u00e2t\u00e9 au Foie Gras de Canard du Sud-Ouest (20%)<\/strong>, une recette de caract\u00e8re \u00e9labor\u00e9e dans la plus pure tradition du terroir. Chez <strong data-start=\"694\" data-end=\"713\">Maison Occitane<\/strong>, nous s\u00e9lectionnons uniquement de la viande de porc 100% fran\u00e7aise et du foie gras de canard issu de notre propre groupement d\u2019\u00e9leveurs. Nos canards sont \u00e9lev\u00e9s et transform\u00e9s dans le Sud-Ouest, gage de qualit\u00e9 et de tra\u00e7abilit\u00e9.<\/p>\n<p data-start=\"945\" data-end=\"1207\">Onctueux, g\u00e9n\u00e9reux, <strong data-start=\"965\" data-end=\"999\">sans additifs ni conservateurs<\/strong>, ce p\u00e2t\u00e9 r\u00e9v\u00e8le toute la richesse et la finesse du foie gras, subtilement m\u00eal\u00e9e \u00e0 une chair de porc fondante. \u00c0 tartiner, \u00e0 partager, \u00e0 savourer\u2026 il incarne tout l\u2019esprit gourmand et sinc\u00e8re de notre r\u00e9gion.<\/p>\n<p data-start=\"844\" data-end=\"1101\">D\u00e9couvrez notre gamme de p\u00e2t\u00e9 au foie gras de canard:<\/p>\n<ul>\n<li data-start=\"844\" data-end=\"1101\"><a href=\"https:\/\/www.maison-occitane.com\/fr\/produit\/pate-de-foie-de-canard-du-sud-ouest-50foie-gras\/\">P\u00e2t\u00e9 au foie gras de canard du Sud-Ouest 50% de foie gras<\/a><\/li>\n<li data-start=\"844\" data-end=\"1101\"><a href=\"https:\/\/www.maison-occitane.com\/specialites-du-sud-ouest\/pate-au-foie-de-canard-du-sud-ouest-40-de-foie-gras-200g\/\">Marbr\u00e9 au foie gras de canard du Sud-Ouest 40% de bloc de foie gras<\/a><\/li>\n<li><a href=\"https:\/\/www.maison-occitane.com\/fr\/produit\/papiton-de-canard-au-foie-gras-et-vin-de-gascogne-180g\/\">Papiton de canard au foie gras et vin doux de Gascogne 20% de foie gras<\/a><\/li>\n<\/ul>\n<p><strong><span style=\"color: #f29400;\">Nombre de parts : <\/span><\/strong>2 \u00e0 3 parts<\/p>\n","protected":false},"excerpt":{"rendered":"<p><span class=\"notion-enable-hover\" data-token-index=\"0\">Un d\u00e9licieux mariage entre le traditionnel p\u00e2t\u00e9 et le foie gras de canard du Sud-Ouest, id\u00e9al pour agr\u00e9menter vos ap\u00e9ritifs ou vos entr\u00e9es.<\/span><\/p>\n","protected":false},"featured_media":4170,"comment_status":"open","ping_status":"closed","template":"","meta":{"_acf_changed":false},"product_cat":[773,785],"product_tag":[],"origines":[799],"labels-qualite":[],"class_list":{"0":"post-3491","1":"product","2":"type-product","3":"status-publish","4":"has-post-thumbnail","6":"product_brand-maison-occitane","7":"product_cat-specialites-du-sud-ouest","8":"product_cat-pates-au-foie-gras-du-sud-ouest","9":"product_origine-sud-ouest","11":"first","12":"instock","13":"taxable","14":"shipping-taxable","15":"purchasable","16":"product-type-simple","17":"add-to-wishlist-before_image"},"acf":[],"yoast_head":"<!-- This site is optimized with the Yoast SEO plugin v24.9 - https:\/\/yoast.com\/wordpress\/plugins\/seo\/ -->\n<title>PATE AU FOIE CANARD DU SUD OUEST (20% FOIE GRAS) - Maison Occitane<\/title>\n<meta name=\"description\" content=\"P\u00e2t\u00e9 au foie gras de canard du Sud-Ouest (20% de foie gras), une recette authentique, savoureuse et sans additifs, \u00e0 d\u00e9guster \u00e0 l&#039;ap\u00e9ritif ou en entr\u00e9e. Direct Producteurs.\" \/>\n<meta name=\"robots\" content=\"index, follow, max-snippet:-1, max-image-preview:large, max-video-preview:-1\" \/>\n<link rel=\"canonical\" href=\"https:\/\/www.maison-occitane.com\/fr\/produit\/pate-au-foie-canard-du-sud-ouest-20-foie-gras-boite-130g\/\" \/>\n<meta property=\"og:locale\" content=\"fr_FR\" \/>\n<meta property=\"og:type\" content=\"article\" \/>\n<meta property=\"og:title\" content=\"PATE AU FOIE CANARD DU SUD OUEST (20% FOIE GRAS) - Maison Occitane\" \/>\n<meta property=\"og:description\" content=\"P\u00e2t\u00e9 au foie gras de canard du Sud-Ouest (20% de foie gras), une recette authentique, savoureuse et sans additifs, \u00e0 d\u00e9guster \u00e0 l&#039;ap\u00e9ritif ou en entr\u00e9e. Direct Producteurs.\" \/>\n<meta property=\"og:url\" content=\"https:\/\/www.maison-occitane.com\/fr\/produit\/pate-au-foie-canard-du-sud-ouest-20-foie-gras-boite-130g\/\" \/>\n<meta property=\"og:site_name\" content=\"Maison Occitane\" \/>\n<meta property=\"article:modified_time\" content=\"2026-04-23T13:39:31+00:00\" \/>\n<meta property=\"og:image\" content=\"https:\/\/www.maison-occitane.com\/app\/uploads\/2025\/05\/8130_520px.png\" \/>\n\t<meta property=\"og:image:width\" content=\"520\" \/>\n\t<meta property=\"og:image:height\" content=\"451\" \/>\n\t<meta property=\"og:image:type\" content=\"image\/png\" \/>\n<meta name=\"twitter:card\" content=\"summary_large_image\" \/>\n<meta name=\"twitter:label1\" content=\"Dur\u00e9e de lecture estim\u00e9e\" \/>\n\t<meta name=\"twitter:data1\" content=\"2 minutes\" \/>\n<script type=\"application\/ld+json\" class=\"yoast-schema-graph\">{\"@context\":\"https:\/\/schema.org\",\"@graph\":[{\"@type\":\"WebPage\",\"@id\":\"https:\/\/www.maison-occitane.com\/fr\/produit\/pate-au-foie-canard-du-sud-ouest-20-foie-gras-boite-130g\/\",\"url\":\"https:\/\/www.maison-occitane.com\/fr\/produit\/pate-au-foie-canard-du-sud-ouest-20-foie-gras-boite-130g\/\",\"name\":\"PATE AU FOIE CANARD DU SUD OUEST (20% FOIE GRAS) - Maison Occitane\",\"isPartOf\":{\"@id\":\"https:\/\/www.maison-occitane.com\/fr\/#website\"},\"primaryImageOfPage\":{\"@id\":\"https:\/\/www.maison-occitane.com\/fr\/produit\/pate-au-foie-canard-du-sud-ouest-20-foie-gras-boite-130g\/#primaryimage\"},\"image\":{\"@id\":\"https:\/\/www.maison-occitane.com\/fr\/produit\/pate-au-foie-canard-du-sud-ouest-20-foie-gras-boite-130g\/#primaryimage\"},\"thumbnailUrl\":\"https:\/\/www.maison-occitane.com\/app\/uploads\/2025\/05\/8130_520px.png\",\"datePublished\":\"2025-05-05T06:50:33+00:00\",\"dateModified\":\"2026-04-23T13:39:31+00:00\",\"description\":\"P\u00e2t\u00e9 au foie gras de canard du Sud-Ouest (20% de foie gras), une recette authentique, savoureuse et sans additifs, \u00e0 d\u00e9guster \u00e0 l'ap\u00e9ritif ou en entr\u00e9e. Direct Producteurs.\",\"breadcrumb\":{\"@id\":\"https:\/\/www.maison-occitane.com\/fr\/produit\/pate-au-foie-canard-du-sud-ouest-20-foie-gras-boite-130g\/#breadcrumb\"},\"inLanguage\":\"fr-FR\",\"potentialAction\":[{\"@type\":\"ReadAction\",\"target\":[\"https:\/\/www.maison-occitane.com\/fr\/produit\/pate-au-foie-canard-du-sud-ouest-20-foie-gras-boite-130g\/\"]}]},{\"@type\":\"ImageObject\",\"inLanguage\":\"fr-FR\",\"@id\":\"https:\/\/www.maison-occitane.com\/fr\/produit\/pate-au-foie-canard-du-sud-ouest-20-foie-gras-boite-130g\/#primaryimage\",\"url\":\"https:\/\/www.maison-occitane.com\/app\/uploads\/2025\/05\/8130_520px.png\",\"contentUrl\":\"https:\/\/www.maison-occitane.com\/app\/uploads\/2025\/05\/8130_520px.png\",\"width\":520,\"height\":451,\"caption\":\"P\u00e2t\u00e9 au foie de canard du Sud-Ouest\"},{\"@type\":\"BreadcrumbList\",\"@id\":\"https:\/\/www.maison-occitane.com\/fr\/produit\/pate-au-foie-canard-du-sud-ouest-20-foie-gras-boite-130g\/#breadcrumb\",\"itemListElement\":[{\"@type\":\"ListItem\",\"position\":1,\"name\":\"Accueil\",\"item\":\"https:\/\/www.maison-occitane.com\/fr\/\"},{\"@type\":\"ListItem\",\"position\":2,\"name\":\"Produits\",\"item\":\"https:\/\/www.maison-occitane.com\/fr\/shop\/\"},{\"@type\":\"ListItem\",\"position\":3,\"name\":\"Sp\u00e9cialit\u00e9s du Sud-Ouest\",\"item\":\"https:\/\/www.maison-occitane.com\/fr\/boutique\/specialites-du-sud-ouest\/\"},{\"@type\":\"ListItem\",\"position\":4,\"name\":\"P\u00e2t\u00e9s au foie gras du Sud-Ouest\",\"item\":\"https:\/\/www.maison-occitane.com\/fr\/boutique\/specialites-du-sud-ouest\/pates-au-foie-gras-du-sud-ouest\/\"},{\"@type\":\"ListItem\",\"position\":5,\"name\":\"PATE AU FOIE CANARD DU SUD OUEST (20% FOIE GRAS)\"}]},{\"@type\":\"WebSite\",\"@id\":\"https:\/\/www.maison-occitane.com\/fr\/#website\",\"url\":\"https:\/\/www.maison-occitane.com\/fr\/\",\"name\":\"Maison Occitane\",\"description\":\"\",\"potentialAction\":[{\"@type\":\"SearchAction\",\"target\":{\"@type\":\"EntryPoint\",\"urlTemplate\":\"https:\/\/www.maison-occitane.com\/fr\/?s={search_term_string}\"},\"query-input\":{\"@type\":\"PropertyValueSpecification\",\"valueRequired\":true,\"valueName\":\"search_term_string\"}}],\"inLanguage\":\"fr-FR\"}]}<\/script>\n<!-- \/ Yoast SEO plugin. -->","yoast_head_json":{"title":"PATE AU FOIE CANARD DU SUD OUEST (20% FOIE GRAS) - Maison Occitane","description":"P\u00e2t\u00e9 au foie gras de canard du Sud-Ouest (20% de foie gras), une recette authentique, savoureuse et sans additifs, \u00e0 d\u00e9guster \u00e0 l'ap\u00e9ritif ou en entr\u00e9e. Direct Producteurs.","robots":{"index":"index","follow":"follow","max-snippet":"max-snippet:-1","max-image-preview":"max-image-preview:large","max-video-preview":"max-video-preview:-1"},"canonical":"https:\/\/www.maison-occitane.com\/fr\/produit\/pate-au-foie-canard-du-sud-ouest-20-foie-gras-boite-130g\/","og_locale":"fr_FR","og_type":"article","og_title":"PATE AU FOIE CANARD DU SUD OUEST (20% FOIE GRAS) - Maison Occitane","og_description":"P\u00e2t\u00e9 au foie gras de canard du Sud-Ouest (20% de foie gras), une recette authentique, savoureuse et sans additifs, \u00e0 d\u00e9guster \u00e0 l'ap\u00e9ritif ou en entr\u00e9e. Direct Producteurs.","og_url":"https:\/\/www.maison-occitane.com\/fr\/produit\/pate-au-foie-canard-du-sud-ouest-20-foie-gras-boite-130g\/","og_site_name":"Maison Occitane","article_modified_time":"2026-04-23T13:39:31+00:00","og_image":[{"width":520,"height":451,"url":"https:\/\/www.maison-occitane.com\/app\/uploads\/2025\/05\/8130_520px.png","type":"image\/png"}],"twitter_card":"summary_large_image","twitter_misc":{"Dur\u00e9e de lecture estim\u00e9e":"2 minutes"},"schema":{"@context":"https:\/\/schema.org","@graph":[{"@type":"WebPage","@id":"https:\/\/www.maison-occitane.com\/fr\/produit\/pate-au-foie-canard-du-sud-ouest-20-foie-gras-boite-130g\/","url":"https:\/\/www.maison-occitane.com\/fr\/produit\/pate-au-foie-canard-du-sud-ouest-20-foie-gras-boite-130g\/","name":"PATE AU FOIE CANARD DU SUD OUEST (20% FOIE GRAS) - Maison Occitane","isPartOf":{"@id":"https:\/\/www.maison-occitane.com\/fr\/#website"},"primaryImageOfPage":{"@id":"https:\/\/www.maison-occitane.com\/fr\/produit\/pate-au-foie-canard-du-sud-ouest-20-foie-gras-boite-130g\/#primaryimage"},"image":{"@id":"https:\/\/www.maison-occitane.com\/fr\/produit\/pate-au-foie-canard-du-sud-ouest-20-foie-gras-boite-130g\/#primaryimage"},"thumbnailUrl":"https:\/\/www.maison-occitane.com\/app\/uploads\/2025\/05\/8130_520px.png","datePublished":"2025-05-05T06:50:33+00:00","dateModified":"2026-04-23T13:39:31+00:00","description":"P\u00e2t\u00e9 au foie gras de canard du Sud-Ouest (20% de foie gras), une recette authentique, savoureuse et sans additifs, \u00e0 d\u00e9guster \u00e0 l'ap\u00e9ritif ou en entr\u00e9e. Direct Producteurs.","breadcrumb":{"@id":"https:\/\/www.maison-occitane.com\/fr\/produit\/pate-au-foie-canard-du-sud-ouest-20-foie-gras-boite-130g\/#breadcrumb"},"inLanguage":"fr-FR","potentialAction":[{"@type":"ReadAction","target":["https:\/\/www.maison-occitane.com\/fr\/produit\/pate-au-foie-canard-du-sud-ouest-20-foie-gras-boite-130g\/"]}]},{"@type":"ImageObject","inLanguage":"fr-FR","@id":"https:\/\/www.maison-occitane.com\/fr\/produit\/pate-au-foie-canard-du-sud-ouest-20-foie-gras-boite-130g\/#primaryimage","url":"https:\/\/www.maison-occitane.com\/app\/uploads\/2025\/05\/8130_520px.png","contentUrl":"https:\/\/www.maison-occitane.com\/app\/uploads\/2025\/05\/8130_520px.png","width":520,"height":451,"caption":"P\u00e2t\u00e9 au foie de canard du Sud-Ouest"},{"@type":"BreadcrumbList","@id":"https:\/\/www.maison-occitane.com\/fr\/produit\/pate-au-foie-canard-du-sud-ouest-20-foie-gras-boite-130g\/#breadcrumb","itemListElement":[{"@type":"ListItem","position":1,"name":"Accueil","item":"https:\/\/www.maison-occitane.com\/fr\/"},{"@type":"ListItem","position":2,"name":"Produits","item":"https:\/\/www.maison-occitane.com\/fr\/shop\/"},{"@type":"ListItem","position":3,"name":"Sp\u00e9cialit\u00e9s du Sud-Ouest","item":"https:\/\/www.maison-occitane.com\/fr\/boutique\/specialites-du-sud-ouest\/"},{"@type":"ListItem","position":4,"name":"P\u00e2t\u00e9s au foie gras du Sud-Ouest","item":"https:\/\/www.maison-occitane.com\/fr\/boutique\/specialites-du-sud-ouest\/pates-au-foie-gras-du-sud-ouest\/"},{"@type":"ListItem","position":5,"name":"PATE AU FOIE CANARD DU SUD OUEST (20% FOIE GRAS)"}]},{"@type":"WebSite","@id":"https:\/\/www.maison-occitane.com\/fr\/#website","url":"https:\/\/www.maison-occitane.com\/fr\/","name":"Maison Occitane","description":"","potentialAction":[{"@type":"SearchAction","target":{"@type":"EntryPoint","urlTemplate":"https:\/\/www.maison-occitane.com\/fr\/?s={search_term_string}"},"query-input":{"@type":"PropertyValueSpecification","valueRequired":true,"valueName":"search_term_string"}}],"inLanguage":"fr-FR"}]}},"_links":{"self":[{"href":"https:\/\/www.maison-occitane.com\/fr\/wp-json\/wp\/v2\/product\/3491","targetHints":{"allow":["GET"]}}],"collection":[{"href":"https:\/\/www.maison-occitane.com\/fr\/wp-json\/wp\/v2\/product"}],"about":[{"href":"https:\/\/www.maison-occitane.com\/fr\/wp-json\/wp\/v2\/types\/product"}],"replies":[{"embeddable":true,"href":"https:\/\/www.maison-occitane.com\/fr\/wp-json\/wp\/v2\/comments?post=3491"}],"wp:featuredmedia":[{"embeddable":true,"href":"https:\/\/www.maison-occitane.com\/fr\/wp-json\/wp\/v2\/media\/4170"}],"wp:attachment":[{"href":"https:\/\/www.maison-occitane.com\/fr\/wp-json\/wp\/v2\/media?parent=3491"}],"wp:term":[{"taxonomy":"product_cat","embeddable":true,"href":"https:\/\/www.maison-occitane.com\/fr\/wp-json\/wp\/v2\/product_cat?post=3491"},{"taxonomy":"product_tag","embeddable":true,"href":"https:\/\/www.maison-occitane.com\/fr\/wp-json\/wp\/v2\/product_tag?post=3491"},{"taxonomy":"product_origine","embeddable":true,"href":"https:\/\/www.maison-occitane.com\/fr\/wp-json\/wp\/v2\/origines?post=3491"},{"taxonomy":"label_qualite","embeddable":true,"href":"https:\/\/www.maison-occitane.com\/fr\/wp-json\/wp\/v2\/labels-qualite?post=3491"}],"curies":[{"name":"wp","href":"https:\/\/api.w.org\/{rel}","templated":true}]}}