{"id":3488,"date":"2025-05-05T08:50:32","date_gmt":"2025-05-05T06:50:32","guid":{"rendered":"http:\/\/localhost:8080\/non%20class\u00e9\/cou-canard-farci-au-foie-canard-20-foie-gras-bte-380g-france\/"},"modified":"2026-04-11T09:12:21","modified_gmt":"2026-04-11T07:12:21","slug":"cou-canard-farci-au-foie-canard-20-foie-gras-bte-380g-france","status":"publish","type":"product","link":"https:\/\/www.maison-occitane.com\/fr\/produit\/cou-canard-farci-au-foie-canard-20-foie-gras-bte-380g-france\/","title":{"rendered":"COU DE CANARD FARCI AU FOIE GRAS DE CANARD 20% FOIE GRAS"},"content":{"rendered":"<p data-start=\"237\" data-end=\"292\"><strong data-start=\"237\" data-end=\"292\">Une sp\u00e9cialit\u00e9 raffin\u00e9e et authentique du Sud-Ouest<\/strong><\/p>\n<p data-start=\"294\" data-end=\"675\">Plongez dans la richesse de notre terroir avec ce met d\u2019exception : le cou de canard farci au foie gras de canard. Notre cou de canard farci au foie gras est cuisin\u00e9 dans notre atelier \u00e0 partir de canard gras issu de notre groupement de producteurs. Cette entr\u00e9e embl\u00e9matique du Sud-Ouest allie la g\u00e9n\u00e9rosit\u00e9 d&rsquo;une farce traditionnelle \u00e0 la finesse du foie gras de canard, pour un \u00e9quilibre parfait entre caract\u00e8re et douceur.<\/p>\n<p data-start=\"677\" data-end=\"1066\">Cette pr\u00e9paration gourmande m\u00eale maigre et gras de porc, foie gras fondant et un assaisonnement simple, pour offrir une exp\u00e9rience gustative authentique et gourmande. Notre cou de canard a \u00e9t\u00e9 farci avec une viande de porc 100% fran\u00e7aise, \u00e0 laquelle a \u00e9t\u00e9 ajout\u00e9 du foie gras, pas d&rsquo;additifs ni de conservateurs !<\/p>\n<p><strong><span style=\"color: #f29400;\">Nombre de parts : <\/span><\/strong>3 \u00e0 4 parts<\/p>\n","protected":false},"excerpt":{"rendered":"<p><span class=\"notion-enable-hover\" data-token-index=\"0\">Une entr\u00e9e traditionnelle et gourmande du Sud-Ouest agr\u00e9ment\u00e9e de viande et de foie gras de canard.<\/span><\/p>\n","protected":false},"featured_media":4146,"comment_status":"open","ping_status":"closed","template":"","meta":{"_acf_changed":false},"product_cat":[773,784],"product_tag":[],"origines":[798],"labels-qualite":[],"class_list":{"0":"post-3488","1":"product","2":"type-product","3":"status-publish","4":"has-post-thumbnail","6":"product_brand-maison-occitane","7":"product_cat-specialites-du-sud-ouest","8":"product_cat-entrees-du-terroir","9":"product_origine-france","11":"first","12":"outofstock","13":"taxable","14":"shipping-taxable","15":"purchasable","16":"product-type-simple","17":"add-to-wishlist-before_image"},"acf":[],"yoast_head":"<!-- This site is optimized with the Yoast SEO plugin v24.9 - https:\/\/yoast.com\/wordpress\/plugins\/seo\/ -->\n<title>COU DE CANARD FARCI AU FOIE GRAS - Maison Occitane<\/title>\n<meta name=\"description\" content=\"Savourez notre cou de canard farci au foie gras de canard : une entr\u00e9e gourmande et raffin\u00e9e du Sud-Ouest, parfaite \u00e0 l\u2019ap\u00e9ritif ou en salade gourmande. Direct Producteurs.\" \/>\n<meta name=\"robots\" content=\"index, follow, max-snippet:-1, max-image-preview:large, max-video-preview:-1\" \/>\n<link rel=\"canonical\" href=\"https:\/\/www.maison-occitane.com\/produit\/cou-canard-farci-au-foie-canard-20-foie-gras-bte-380g-france\/\" \/>\n<meta property=\"og:locale\" content=\"fr_FR\" \/>\n<meta property=\"og:type\" content=\"article\" \/>\n<meta property=\"og:title\" content=\"COU DE CANARD FARCI AU FOIE GRAS - Maison Occitane\" \/>\n<meta property=\"og:description\" content=\"Savourez notre cou de canard farci au foie gras de canard : une entr\u00e9e gourmande et raffin\u00e9e du Sud-Ouest, parfaite \u00e0 l\u2019ap\u00e9ritif ou en salade gourmande. Direct Producteurs.\" \/>\n<meta property=\"og:url\" content=\"https:\/\/www.maison-occitane.com\/produit\/cou-canard-farci-au-foie-canard-20-foie-gras-bte-380g-france\/\" \/>\n<meta property=\"og:site_name\" content=\"Maison Occitane\" \/>\n<meta property=\"article:modified_time\" content=\"2026-04-11T07:12:21+00:00\" \/>\n<meta property=\"og:image\" content=\"https:\/\/www.maison-occitane.com\/app\/uploads\/2025\/05\/8127_520px.jpg\" \/>\n\t<meta property=\"og:image:width\" content=\"520\" \/>\n\t<meta property=\"og:image:height\" content=\"450\" \/>\n\t<meta property=\"og:image:type\" content=\"image\/jpeg\" \/>\n<meta name=\"twitter:card\" content=\"summary_large_image\" \/>\n<meta name=\"twitter:label1\" content=\"Dur\u00e9e de lecture estim\u00e9e\" \/>\n\t<meta name=\"twitter:data1\" content=\"1 minute\" \/>\n<script type=\"application\/ld+json\" class=\"yoast-schema-graph\">{\"@context\":\"https:\/\/schema.org\",\"@graph\":[{\"@type\":\"WebPage\",\"@id\":\"https:\/\/www.maison-occitane.com\/produit\/cou-canard-farci-au-foie-canard-20-foie-gras-bte-380g-france\/\",\"url\":\"https:\/\/www.maison-occitane.com\/produit\/cou-canard-farci-au-foie-canard-20-foie-gras-bte-380g-france\/\",\"name\":\"COU DE CANARD FARCI AU FOIE GRAS - Maison Occitane\",\"isPartOf\":{\"@id\":\"https:\/\/www.maison-occitane.com\/fr\/#website\"},\"primaryImageOfPage\":{\"@id\":\"https:\/\/www.maison-occitane.com\/produit\/cou-canard-farci-au-foie-canard-20-foie-gras-bte-380g-france\/#primaryimage\"},\"image\":{\"@id\":\"https:\/\/www.maison-occitane.com\/produit\/cou-canard-farci-au-foie-canard-20-foie-gras-bte-380g-france\/#primaryimage\"},\"thumbnailUrl\":\"https:\/\/www.maison-occitane.com\/app\/uploads\/2025\/05\/8127_520px.jpg\",\"datePublished\":\"2025-05-05T06:50:32+00:00\",\"dateModified\":\"2026-04-11T07:12:21+00:00\",\"description\":\"Savourez notre cou de canard farci au foie gras de canard : une entr\u00e9e gourmande et raffin\u00e9e du Sud-Ouest, parfaite \u00e0 l\u2019ap\u00e9ritif ou en salade gourmande. Direct Producteurs.\",\"breadcrumb\":{\"@id\":\"https:\/\/www.maison-occitane.com\/produit\/cou-canard-farci-au-foie-canard-20-foie-gras-bte-380g-france\/#breadcrumb\"},\"inLanguage\":\"fr-FR\",\"potentialAction\":[{\"@type\":\"ReadAction\",\"target\":[\"https:\/\/www.maison-occitane.com\/produit\/cou-canard-farci-au-foie-canard-20-foie-gras-bte-380g-france\/\"]}]},{\"@type\":\"ImageObject\",\"inLanguage\":\"fr-FR\",\"@id\":\"https:\/\/www.maison-occitane.com\/produit\/cou-canard-farci-au-foie-canard-20-foie-gras-bte-380g-france\/#primaryimage\",\"url\":\"https:\/\/www.maison-occitane.com\/app\/uploads\/2025\/05\/8127_520px.jpg\",\"contentUrl\":\"https:\/\/www.maison-occitane.com\/app\/uploads\/2025\/05\/8127_520px.jpg\",\"width\":520,\"height\":450,\"caption\":\"Cou de canard farci au foie de canard\"},{\"@type\":\"BreadcrumbList\",\"@id\":\"https:\/\/www.maison-occitane.com\/produit\/cou-canard-farci-au-foie-canard-20-foie-gras-bte-380g-france\/#breadcrumb\",\"itemListElement\":[{\"@type\":\"ListItem\",\"position\":1,\"name\":\"Accueil\",\"item\":\"https:\/\/www.maison-occitane.com\/fr\/\"},{\"@type\":\"ListItem\",\"position\":2,\"name\":\"Produits\",\"item\":\"https:\/\/www.maison-occitane.com\/fr\/shop\/\"},{\"@type\":\"ListItem\",\"position\":3,\"name\":\"Sp\u00e9cialit\u00e9s du Sud-Ouest\",\"item\":\"https:\/\/www.maison-occitane.com\/fr\/boutique\/specialites-du-sud-ouest\/\"},{\"@type\":\"ListItem\",\"position\":4,\"name\":\"Entr\u00e9es du terroir\",\"item\":\"https:\/\/www.maison-occitane.com\/fr\/boutique\/specialites-du-sud-ouest\/entrees-du-terroir\/\"},{\"@type\":\"ListItem\",\"position\":5,\"name\":\"COU DE CANARD FARCI AU FOIE GRAS DE CANARD 20% FOIE GRAS\"}]},{\"@type\":\"WebSite\",\"@id\":\"https:\/\/www.maison-occitane.com\/fr\/#website\",\"url\":\"https:\/\/www.maison-occitane.com\/fr\/\",\"name\":\"Maison Occitane\",\"description\":\"\",\"potentialAction\":[{\"@type\":\"SearchAction\",\"target\":{\"@type\":\"EntryPoint\",\"urlTemplate\":\"https:\/\/www.maison-occitane.com\/fr\/?s={search_term_string}\"},\"query-input\":{\"@type\":\"PropertyValueSpecification\",\"valueRequired\":true,\"valueName\":\"search_term_string\"}}],\"inLanguage\":\"fr-FR\"}]}<\/script>\n<!-- \/ Yoast SEO plugin. -->","yoast_head_json":{"title":"COU DE CANARD FARCI AU FOIE GRAS - Maison Occitane","description":"Savourez notre cou de canard farci au foie gras de canard : une entr\u00e9e gourmande et raffin\u00e9e du Sud-Ouest, parfaite \u00e0 l\u2019ap\u00e9ritif ou en salade gourmande. Direct Producteurs.","robots":{"index":"index","follow":"follow","max-snippet":"max-snippet:-1","max-image-preview":"max-image-preview:large","max-video-preview":"max-video-preview:-1"},"canonical":"https:\/\/www.maison-occitane.com\/produit\/cou-canard-farci-au-foie-canard-20-foie-gras-bte-380g-france\/","og_locale":"fr_FR","og_type":"article","og_title":"COU DE CANARD FARCI AU FOIE GRAS - Maison Occitane","og_description":"Savourez notre cou de canard farci au foie gras de canard : une entr\u00e9e gourmande et raffin\u00e9e du Sud-Ouest, parfaite \u00e0 l\u2019ap\u00e9ritif ou en salade gourmande. Direct Producteurs.","og_url":"https:\/\/www.maison-occitane.com\/produit\/cou-canard-farci-au-foie-canard-20-foie-gras-bte-380g-france\/","og_site_name":"Maison Occitane","article_modified_time":"2026-04-11T07:12:21+00:00","og_image":[{"width":520,"height":450,"url":"https:\/\/www.maison-occitane.com\/app\/uploads\/2025\/05\/8127_520px.jpg","type":"image\/jpeg"}],"twitter_card":"summary_large_image","twitter_misc":{"Dur\u00e9e de lecture estim\u00e9e":"1 minute"},"schema":{"@context":"https:\/\/schema.org","@graph":[{"@type":"WebPage","@id":"https:\/\/www.maison-occitane.com\/produit\/cou-canard-farci-au-foie-canard-20-foie-gras-bte-380g-france\/","url":"https:\/\/www.maison-occitane.com\/produit\/cou-canard-farci-au-foie-canard-20-foie-gras-bte-380g-france\/","name":"COU DE CANARD FARCI AU FOIE GRAS - Maison Occitane","isPartOf":{"@id":"https:\/\/www.maison-occitane.com\/fr\/#website"},"primaryImageOfPage":{"@id":"https:\/\/www.maison-occitane.com\/produit\/cou-canard-farci-au-foie-canard-20-foie-gras-bte-380g-france\/#primaryimage"},"image":{"@id":"https:\/\/www.maison-occitane.com\/produit\/cou-canard-farci-au-foie-canard-20-foie-gras-bte-380g-france\/#primaryimage"},"thumbnailUrl":"https:\/\/www.maison-occitane.com\/app\/uploads\/2025\/05\/8127_520px.jpg","datePublished":"2025-05-05T06:50:32+00:00","dateModified":"2026-04-11T07:12:21+00:00","description":"Savourez notre cou de canard farci au foie gras de canard : une entr\u00e9e gourmande et raffin\u00e9e du Sud-Ouest, parfaite \u00e0 l\u2019ap\u00e9ritif ou en salade gourmande. Direct Producteurs.","breadcrumb":{"@id":"https:\/\/www.maison-occitane.com\/produit\/cou-canard-farci-au-foie-canard-20-foie-gras-bte-380g-france\/#breadcrumb"},"inLanguage":"fr-FR","potentialAction":[{"@type":"ReadAction","target":["https:\/\/www.maison-occitane.com\/produit\/cou-canard-farci-au-foie-canard-20-foie-gras-bte-380g-france\/"]}]},{"@type":"ImageObject","inLanguage":"fr-FR","@id":"https:\/\/www.maison-occitane.com\/produit\/cou-canard-farci-au-foie-canard-20-foie-gras-bte-380g-france\/#primaryimage","url":"https:\/\/www.maison-occitane.com\/app\/uploads\/2025\/05\/8127_520px.jpg","contentUrl":"https:\/\/www.maison-occitane.com\/app\/uploads\/2025\/05\/8127_520px.jpg","width":520,"height":450,"caption":"Cou de canard farci au foie de canard"},{"@type":"BreadcrumbList","@id":"https:\/\/www.maison-occitane.com\/produit\/cou-canard-farci-au-foie-canard-20-foie-gras-bte-380g-france\/#breadcrumb","itemListElement":[{"@type":"ListItem","position":1,"name":"Accueil","item":"https:\/\/www.maison-occitane.com\/fr\/"},{"@type":"ListItem","position":2,"name":"Produits","item":"https:\/\/www.maison-occitane.com\/fr\/shop\/"},{"@type":"ListItem","position":3,"name":"Sp\u00e9cialit\u00e9s du Sud-Ouest","item":"https:\/\/www.maison-occitane.com\/fr\/boutique\/specialites-du-sud-ouest\/"},{"@type":"ListItem","position":4,"name":"Entr\u00e9es du terroir","item":"https:\/\/www.maison-occitane.com\/fr\/boutique\/specialites-du-sud-ouest\/entrees-du-terroir\/"},{"@type":"ListItem","position":5,"name":"COU DE CANARD FARCI AU FOIE GRAS DE CANARD 20% FOIE GRAS"}]},{"@type":"WebSite","@id":"https:\/\/www.maison-occitane.com\/fr\/#website","url":"https:\/\/www.maison-occitane.com\/fr\/","name":"Maison Occitane","description":"","potentialAction":[{"@type":"SearchAction","target":{"@type":"EntryPoint","urlTemplate":"https:\/\/www.maison-occitane.com\/fr\/?s={search_term_string}"},"query-input":{"@type":"PropertyValueSpecification","valueRequired":true,"valueName":"search_term_string"}}],"inLanguage":"fr-FR"}]}},"_links":{"self":[{"href":"https:\/\/www.maison-occitane.com\/fr\/wp-json\/wp\/v2\/product\/3488","targetHints":{"allow":["GET"]}}],"collection":[{"href":"https:\/\/www.maison-occitane.com\/fr\/wp-json\/wp\/v2\/product"}],"about":[{"href":"https:\/\/www.maison-occitane.com\/fr\/wp-json\/wp\/v2\/types\/product"}],"replies":[{"embeddable":true,"href":"https:\/\/www.maison-occitane.com\/fr\/wp-json\/wp\/v2\/comments?post=3488"}],"wp:featuredmedia":[{"embeddable":true,"href":"https:\/\/www.maison-occitane.com\/fr\/wp-json\/wp\/v2\/media\/4146"}],"wp:attachment":[{"href":"https:\/\/www.maison-occitane.com\/fr\/wp-json\/wp\/v2\/media?parent=3488"}],"wp:term":[{"taxonomy":"product_cat","embeddable":true,"href":"https:\/\/www.maison-occitane.com\/fr\/wp-json\/wp\/v2\/product_cat?post=3488"},{"taxonomy":"product_tag","embeddable":true,"href":"https:\/\/www.maison-occitane.com\/fr\/wp-json\/wp\/v2\/product_tag?post=3488"},{"taxonomy":"product_origine","embeddable":true,"href":"https:\/\/www.maison-occitane.com\/fr\/wp-json\/wp\/v2\/origines?post=3488"},{"taxonomy":"label_qualite","embeddable":true,"href":"https:\/\/www.maison-occitane.com\/fr\/wp-json\/wp\/v2\/labels-qualite?post=3488"}],"curies":[{"name":"wp","href":"https:\/\/api.w.org\/{rel}","templated":true}]}}