{"id":3487,"date":"2025-05-05T08:50:32","date_gmt":"2025-05-05T06:50:32","guid":{"rendered":"http:\/\/localhost:8080\/non%20class\u00e9\/confits-de-canard-igp-sud-ouest-6-manchons-boite-760g\/"},"modified":"2026-04-24T18:34:19","modified_gmt":"2026-04-24T16:34:19","slug":"confits-de-canard-igp-sud-ouest-6-manchons-boite-760g","status":"publish","type":"product","link":"https:\/\/www.maison-occitane.com\/fr\/produit\/confits-de-canard-igp-sud-ouest-6-manchons-boite-760g\/","title":{"rendered":"CONFITS DE CANARD IGP DU SUD-OUEST 6 MANCHONS"},"content":{"rendered":"<p>Cette recette est id\u00e9ale pour \u00eatre servi en entr\u00e9e ou sur des toasts en ap\u00e9ritif accompagn\u00e9 de confitures ou d&rsquo;un chutney. Il est souvent accompagn\u00e9 d&rsquo;un vin blanc moelleux.<\/p>\n<p>Les manchons de canard confits \u00e0 la graisse de canard sont une bonne alternative aux traditionnelles cuisses de canard confites : moins volumineux, ils sont id\u00e9als pour les petites faims. Les manchons de canard s\u2019accordent en toute saison.<\/p>\n<p><strong><span style=\"color: #f29400;\">Conditionnement<\/span><\/strong> : Bo\u00eete 760g<\/p>\n<p><strong><span style=\"color: #f29400;\">Nombre de parts : <\/span><\/strong>3 parts<\/p>\n<p data-path-to-node=\"5,0\">Retrouvez nos manchons de canard dans la derni\u00e8re cr\u00e9ation culinaire de <b data-path-to-node=\"5,0\" data-index-in-node=\"89\">Guillaumine Therond<\/b>. Une alliance 100% lotoise pour un repas de P\u00e2ques original et gourmand.<\/p>\n<p data-path-to-node=\"5,1\"><a href=\"https:\/\/www.maison-occitane.com\/fr\/monmag\/fiches-conseils\/tourte-au-confit-de-canard-et-carottes-au-cumin\/\">\u2728 Je d\u00e9couvre la recette\u00a0<\/a><\/p>\n<p data-path-to-node=\"5,1\"><b data-path-to-node=\"2,0\" data-index-in-node=\"0\">Envie de plus d&rsquo;inspiration ?<\/b> Retrouvez les coulisses et toutes nos recettes en vid\u00e9o avec <b data-path-to-node=\"2,0\" data-index-in-node=\"94\">Guillaumine<\/b> sur notre compte Instagram <a href=\"https:\/\/www.instagram.com\/laquercynoise_maisonoccitane\/\"><b data-path-to-node=\"2,0\" data-index-in-node=\"133\">@laquercynoise_maisonoccitane<\/b><\/a>. Abonnez-vous pour ne rien manquer de nos cr\u00e9ations gourmandes ! \u2728<\/p>\n","protected":false},"excerpt":{"rendered":"<p><span class=\"notion-enable-hover\" data-token-index=\"0\">Les manchons de canard sont confits de fa\u00e7on traditionnelle dans la graisse de canard afin de leur donner ce fondant et cette saveur inimitables.<\/span><\/p>\n","protected":false},"featured_media":4013,"comment_status":"open","ping_status":"closed","template":"","meta":{"_acf_changed":false},"product_cat":[774],"product_tag":[],"origines":[797],"labels-qualite":[],"class_list":{"0":"post-3487","1":"product","2":"type-product","3":"status-publish","4":"has-post-thumbnail","6":"product_brand-maison-occitane","7":"product_cat-confits-de-canard","8":"product_origine-igp-du-sud-ouest","10":"first","11":"instock","12":"taxable","13":"shipping-taxable","14":"purchasable","15":"product-type-simple","16":"add-to-wishlist-before_image"},"acf":[],"yoast_head":"<!-- This site is optimized with the Yoast SEO plugin v24.9 - https:\/\/yoast.com\/wordpress\/plugins\/seo\/ -->\n<title>CONFITS DE CANARD IGP DU SUD-OUEST 6 MANCHONS - Maison Occitane<\/title>\n<meta name=\"robots\" content=\"index, follow, max-snippet:-1, max-image-preview:large, max-video-preview:-1\" \/>\n<link rel=\"canonical\" href=\"https:\/\/www.maison-occitane.com\/fr\/produit\/confits-de-canard-igp-sud-ouest-6-manchons-boite-760g\/\" \/>\n<meta property=\"og:locale\" content=\"fr_FR\" \/>\n<meta property=\"og:type\" content=\"article\" \/>\n<meta property=\"og:title\" content=\"CONFITS DE CANARD IGP DU SUD-OUEST 6 MANCHONS - Maison Occitane\" \/>\n<meta property=\"og:description\" content=\"Les manchons de canard sont confits de fa\u00e7on traditionnelle dans la graisse de canard afin de leur donner ce fondant et cette saveur inimitables.\" \/>\n<meta property=\"og:url\" content=\"https:\/\/www.maison-occitane.com\/fr\/produit\/confits-de-canard-igp-sud-ouest-6-manchons-boite-760g\/\" \/>\n<meta property=\"og:site_name\" content=\"Maison Occitane\" \/>\n<meta property=\"article:modified_time\" content=\"2026-04-24T16:34:19+00:00\" \/>\n<meta property=\"og:image\" content=\"https:\/\/www.maison-occitane.com\/app\/uploads\/2025\/05\/8125_520px.jpg\" \/>\n\t<meta property=\"og:image:width\" content=\"520\" \/>\n\t<meta property=\"og:image:height\" content=\"520\" \/>\n\t<meta property=\"og:image:type\" content=\"image\/jpeg\" \/>\n<meta name=\"twitter:card\" content=\"summary_large_image\" \/>\n<meta name=\"twitter:label1\" content=\"Dur\u00e9e de lecture estim\u00e9e\" \/>\n\t<meta name=\"twitter:data1\" content=\"1 minute\" \/>\n<script type=\"application\/ld+json\" class=\"yoast-schema-graph\">{\"@context\":\"https:\/\/schema.org\",\"@graph\":[{\"@type\":\"WebPage\",\"@id\":\"https:\/\/www.maison-occitane.com\/fr\/produit\/confits-de-canard-igp-sud-ouest-6-manchons-boite-760g\/\",\"url\":\"https:\/\/www.maison-occitane.com\/fr\/produit\/confits-de-canard-igp-sud-ouest-6-manchons-boite-760g\/\",\"name\":\"CONFITS DE CANARD IGP DU SUD-OUEST 6 MANCHONS - Maison Occitane\",\"isPartOf\":{\"@id\":\"https:\/\/www.maison-occitane.com\/fr\/#website\"},\"primaryImageOfPage\":{\"@id\":\"https:\/\/www.maison-occitane.com\/fr\/produit\/confits-de-canard-igp-sud-ouest-6-manchons-boite-760g\/#primaryimage\"},\"image\":{\"@id\":\"https:\/\/www.maison-occitane.com\/fr\/produit\/confits-de-canard-igp-sud-ouest-6-manchons-boite-760g\/#primaryimage\"},\"thumbnailUrl\":\"https:\/\/www.maison-occitane.com\/app\/uploads\/2025\/05\/8125_520px.jpg\",\"datePublished\":\"2025-05-05T06:50:32+00:00\",\"dateModified\":\"2026-04-24T16:34:19+00:00\",\"breadcrumb\":{\"@id\":\"https:\/\/www.maison-occitane.com\/fr\/produit\/confits-de-canard-igp-sud-ouest-6-manchons-boite-760g\/#breadcrumb\"},\"inLanguage\":\"fr-FR\",\"potentialAction\":[{\"@type\":\"ReadAction\",\"target\":[\"https:\/\/www.maison-occitane.com\/fr\/produit\/confits-de-canard-igp-sud-ouest-6-manchons-boite-760g\/\"]}]},{\"@type\":\"ImageObject\",\"inLanguage\":\"fr-FR\",\"@id\":\"https:\/\/www.maison-occitane.com\/fr\/produit\/confits-de-canard-igp-sud-ouest-6-manchons-boite-760g\/#primaryimage\",\"url\":\"https:\/\/www.maison-occitane.com\/app\/uploads\/2025\/05\/8125_520px.jpg\",\"contentUrl\":\"https:\/\/www.maison-occitane.com\/app\/uploads\/2025\/05\/8125_520px.jpg\",\"width\":520,\"height\":520,\"caption\":\"Confit de manchons de canard du Sud Ouest 6 manchons\"},{\"@type\":\"BreadcrumbList\",\"@id\":\"https:\/\/www.maison-occitane.com\/fr\/produit\/confits-de-canard-igp-sud-ouest-6-manchons-boite-760g\/#breadcrumb\",\"itemListElement\":[{\"@type\":\"ListItem\",\"position\":1,\"name\":\"Accueil\",\"item\":\"https:\/\/www.maison-occitane.com\/fr\/\"},{\"@type\":\"ListItem\",\"position\":2,\"name\":\"Produits\",\"item\":\"https:\/\/www.maison-occitane.com\/fr\/shop\/\"},{\"@type\":\"ListItem\",\"position\":3,\"name\":\"Confits de canard\",\"item\":\"https:\/\/www.maison-occitane.com\/fr\/boutique\/confits-de-canard\/\"},{\"@type\":\"ListItem\",\"position\":4,\"name\":\"CONFITS DE CANARD IGP DU SUD-OUEST 6 MANCHONS\"}]},{\"@type\":\"WebSite\",\"@id\":\"https:\/\/www.maison-occitane.com\/fr\/#website\",\"url\":\"https:\/\/www.maison-occitane.com\/fr\/\",\"name\":\"Maison Occitane\",\"description\":\"\",\"potentialAction\":[{\"@type\":\"SearchAction\",\"target\":{\"@type\":\"EntryPoint\",\"urlTemplate\":\"https:\/\/www.maison-occitane.com\/fr\/?s={search_term_string}\"},\"query-input\":{\"@type\":\"PropertyValueSpecification\",\"valueRequired\":true,\"valueName\":\"search_term_string\"}}],\"inLanguage\":\"fr-FR\"}]}<\/script>\n<!-- \/ Yoast SEO plugin. -->","yoast_head_json":{"title":"CONFITS DE CANARD IGP DU SUD-OUEST 6 MANCHONS - Maison Occitane","robots":{"index":"index","follow":"follow","max-snippet":"max-snippet:-1","max-image-preview":"max-image-preview:large","max-video-preview":"max-video-preview:-1"},"canonical":"https:\/\/www.maison-occitane.com\/fr\/produit\/confits-de-canard-igp-sud-ouest-6-manchons-boite-760g\/","og_locale":"fr_FR","og_type":"article","og_title":"CONFITS DE CANARD IGP DU SUD-OUEST 6 MANCHONS - Maison Occitane","og_description":"Les manchons de canard sont confits de fa\u00e7on traditionnelle dans la graisse de canard afin de leur donner ce fondant et cette saveur inimitables.","og_url":"https:\/\/www.maison-occitane.com\/fr\/produit\/confits-de-canard-igp-sud-ouest-6-manchons-boite-760g\/","og_site_name":"Maison Occitane","article_modified_time":"2026-04-24T16:34:19+00:00","og_image":[{"width":520,"height":520,"url":"https:\/\/www.maison-occitane.com\/app\/uploads\/2025\/05\/8125_520px.jpg","type":"image\/jpeg"}],"twitter_card":"summary_large_image","twitter_misc":{"Dur\u00e9e de lecture estim\u00e9e":"1 minute"},"schema":{"@context":"https:\/\/schema.org","@graph":[{"@type":"WebPage","@id":"https:\/\/www.maison-occitane.com\/fr\/produit\/confits-de-canard-igp-sud-ouest-6-manchons-boite-760g\/","url":"https:\/\/www.maison-occitane.com\/fr\/produit\/confits-de-canard-igp-sud-ouest-6-manchons-boite-760g\/","name":"CONFITS DE CANARD IGP DU SUD-OUEST 6 MANCHONS - Maison Occitane","isPartOf":{"@id":"https:\/\/www.maison-occitane.com\/fr\/#website"},"primaryImageOfPage":{"@id":"https:\/\/www.maison-occitane.com\/fr\/produit\/confits-de-canard-igp-sud-ouest-6-manchons-boite-760g\/#primaryimage"},"image":{"@id":"https:\/\/www.maison-occitane.com\/fr\/produit\/confits-de-canard-igp-sud-ouest-6-manchons-boite-760g\/#primaryimage"},"thumbnailUrl":"https:\/\/www.maison-occitane.com\/app\/uploads\/2025\/05\/8125_520px.jpg","datePublished":"2025-05-05T06:50:32+00:00","dateModified":"2026-04-24T16:34:19+00:00","breadcrumb":{"@id":"https:\/\/www.maison-occitane.com\/fr\/produit\/confits-de-canard-igp-sud-ouest-6-manchons-boite-760g\/#breadcrumb"},"inLanguage":"fr-FR","potentialAction":[{"@type":"ReadAction","target":["https:\/\/www.maison-occitane.com\/fr\/produit\/confits-de-canard-igp-sud-ouest-6-manchons-boite-760g\/"]}]},{"@type":"ImageObject","inLanguage":"fr-FR","@id":"https:\/\/www.maison-occitane.com\/fr\/produit\/confits-de-canard-igp-sud-ouest-6-manchons-boite-760g\/#primaryimage","url":"https:\/\/www.maison-occitane.com\/app\/uploads\/2025\/05\/8125_520px.jpg","contentUrl":"https:\/\/www.maison-occitane.com\/app\/uploads\/2025\/05\/8125_520px.jpg","width":520,"height":520,"caption":"Confit de manchons de canard du Sud Ouest 6 manchons"},{"@type":"BreadcrumbList","@id":"https:\/\/www.maison-occitane.com\/fr\/produit\/confits-de-canard-igp-sud-ouest-6-manchons-boite-760g\/#breadcrumb","itemListElement":[{"@type":"ListItem","position":1,"name":"Accueil","item":"https:\/\/www.maison-occitane.com\/fr\/"},{"@type":"ListItem","position":2,"name":"Produits","item":"https:\/\/www.maison-occitane.com\/fr\/shop\/"},{"@type":"ListItem","position":3,"name":"Confits de canard","item":"https:\/\/www.maison-occitane.com\/fr\/boutique\/confits-de-canard\/"},{"@type":"ListItem","position":4,"name":"CONFITS DE CANARD IGP DU SUD-OUEST 6 MANCHONS"}]},{"@type":"WebSite","@id":"https:\/\/www.maison-occitane.com\/fr\/#website","url":"https:\/\/www.maison-occitane.com\/fr\/","name":"Maison Occitane","description":"","potentialAction":[{"@type":"SearchAction","target":{"@type":"EntryPoint","urlTemplate":"https:\/\/www.maison-occitane.com\/fr\/?s={search_term_string}"},"query-input":{"@type":"PropertyValueSpecification","valueRequired":true,"valueName":"search_term_string"}}],"inLanguage":"fr-FR"}]}},"_links":{"self":[{"href":"https:\/\/www.maison-occitane.com\/fr\/wp-json\/wp\/v2\/product\/3487","targetHints":{"allow":["GET"]}}],"collection":[{"href":"https:\/\/www.maison-occitane.com\/fr\/wp-json\/wp\/v2\/product"}],"about":[{"href":"https:\/\/www.maison-occitane.com\/fr\/wp-json\/wp\/v2\/types\/product"}],"replies":[{"embeddable":true,"href":"https:\/\/www.maison-occitane.com\/fr\/wp-json\/wp\/v2\/comments?post=3487"}],"wp:featuredmedia":[{"embeddable":true,"href":"https:\/\/www.maison-occitane.com\/fr\/wp-json\/wp\/v2\/media\/4013"}],"wp:attachment":[{"href":"https:\/\/www.maison-occitane.com\/fr\/wp-json\/wp\/v2\/media?parent=3487"}],"wp:term":[{"taxonomy":"product_cat","embeddable":true,"href":"https:\/\/www.maison-occitane.com\/fr\/wp-json\/wp\/v2\/product_cat?post=3487"},{"taxonomy":"product_tag","embeddable":true,"href":"https:\/\/www.maison-occitane.com\/fr\/wp-json\/wp\/v2\/product_tag?post=3487"},{"taxonomy":"product_origine","embeddable":true,"href":"https:\/\/www.maison-occitane.com\/fr\/wp-json\/wp\/v2\/origines?post=3487"},{"taxonomy":"label_qualite","embeddable":true,"href":"https:\/\/www.maison-occitane.com\/fr\/wp-json\/wp\/v2\/labels-qualite?post=3487"}],"curies":[{"name":"wp","href":"https:\/\/api.w.org\/{rel}","templated":true}]}}