{"id":3483,"date":"2025-05-05T08:50:31","date_gmt":"2025-05-05T06:50:31","guid":{"rendered":"http:\/\/localhost:8080\/non%20class\u00e9\/miel-de-fleurs-cremeux-bocal-250g\/"},"modified":"2026-03-27T00:00:03","modified_gmt":"2026-03-26T23:00:03","slug":"miel-de-fleurs-cremeux-bocal-250g","status":"publish","type":"product","link":"https:\/\/www.maison-occitane.com\/fr\/produit\/miel-de-fleurs-cremeux-bocal-250g\/","title":{"rendered":"MIEL CREMEUX"},"content":{"rendered":"<p data-start=\"656\" data-end=\"929\">Succombez \u00e0 la douceur naturelle de notre <strong data-start=\"698\" data-end=\"728\">miel cr\u00e9meux toutes fleurs<\/strong>, soigneusement r\u00e9colt\u00e9 en France. Sa texture velout\u00e9e, due \u00e0 une cristallisation naturelle du glucose, en fait un produit d\u2019exception, facile \u00e0 tartiner et \u00e0 int\u00e9grer dans toutes vos pr\u00e9parations. Ce miel se distingue par ses ar\u00f4mes floraux d\u00e9licats et sa saveur peu fruit\u00e9e, id\u00e9ale pour les amateurs de produits authentiques et subtils. Il doit sa d\u00e9nomination \u00e0 sa consistance onctueuse, signature d\u2019un savoir-faire apicole ma\u00eetris\u00e9.<\/p>\n<p data-start=\"1183\" data-end=\"1513\">Parfait pour vos petits-d\u00e9jeuners, vos desserts maison, vos tisanes du soir ou vos recettes sucr\u00e9es-sal\u00e9es, il est aussi un cadeau raffin\u00e9 \u00e0 glisser dans un panier gourmand.<\/p>\n<p data-start=\"1183\" data-end=\"1513\">Bien plus qu\u2019une simple douceur, le miel est aussi un rem\u00e8de naturel reconnu depuis des g\u00e9n\u00e9rations. Il est r\u00e9put\u00e9 pour ses bienfaits sur la sant\u00e9, notamment pour apaiser une gorge irrit\u00e9e, adoucir les voies respiratoires ou encore booster le syst\u00e8me immunitaire, gr\u00e2ce \u00e0 ses propri\u00e9t\u00e9s antimicrobiennes et antioxydantes naturelles.<\/p>\n<p data-start=\"1183\" data-end=\"1513\">S\u00e9lectionn\u00e9 par notre <strong data-start=\"1205\" data-end=\"1226\">cercle de talents<\/strong>, ce miel refl\u00e8te la richesse de notre terroir et accompagnera avec douceur chaque moment de la journ\u00e9e.<\/p>\n","protected":false},"excerpt":{"rendered":"<p>Un miel cr\u00e9meux, floral et onctueux. \u00c0 savourer au petit-d\u00e9jeuner, dans vos boissons chaudes ou en cuisine. Un incontournable pour les amateurs de produits du terroir.<\/p>\n","protected":false},"featured_media":3673,"comment_status":"open","ping_status":"closed","template":"","meta":{"_acf_changed":false},"product_cat":[775,787],"product_tag":[],"origines":[798],"labels-qualite":[],"class_list":{"0":"post-3483","1":"product","2":"type-product","3":"status-publish","4":"has-post-thumbnail","6":"product_brand-selection-gourmande","7":"product_cat-epicerie-fine","8":"product_cat-douceurs-sucrees-et-chocolats","9":"product_origine-france","11":"first","12":"instock","13":"taxable","14":"shipping-taxable","15":"purchasable","16":"product-type-simple","17":"add-to-wishlist-before_image"},"acf":[],"yoast_head":"<!-- This site is optimized with the Yoast SEO plugin v24.9 - https:\/\/yoast.com\/wordpress\/plugins\/seo\/ -->\n<title>MIEL CREMEUX - Maison Occitane<\/title>\n<meta name=\"description\" content=\"Savourez le miel cr\u00e9meux au go\u00fbt d\u00e9licatement floral. Une texture onctueuse, id\u00e9ale au petit-d\u00e9jeuner, en cuisine ou dans une boisson chaude.\" \/>\n<meta name=\"robots\" content=\"index, follow, max-snippet:-1, max-image-preview:large, max-video-preview:-1\" \/>\n<link rel=\"canonical\" href=\"https:\/\/www.maison-occitane.com\/fr\/produit\/miel-de-fleurs-cremeux-bocal-250g\/\" \/>\n<meta property=\"og:locale\" content=\"fr_FR\" \/>\n<meta property=\"og:type\" content=\"article\" \/>\n<meta property=\"og:title\" content=\"MIEL CREMEUX - Maison Occitane\" \/>\n<meta property=\"og:description\" content=\"Savourez le miel cr\u00e9meux au go\u00fbt d\u00e9licatement floral. Une texture onctueuse, id\u00e9ale au petit-d\u00e9jeuner, en cuisine ou dans une boisson chaude.\" \/>\n<meta property=\"og:url\" content=\"https:\/\/www.maison-occitane.com\/fr\/produit\/miel-de-fleurs-cremeux-bocal-250g\/\" \/>\n<meta property=\"og:site_name\" content=\"Maison Occitane\" \/>\n<meta property=\"article:modified_time\" content=\"2026-03-26T23:00:03+00:00\" \/>\n<meta property=\"og:image\" content=\"https:\/\/www.maison-occitane.com\/app\/uploads\/2025\/05\/6884.jpg\" \/>\n\t<meta property=\"og:image:width\" content=\"375\" \/>\n\t<meta property=\"og:image:height\" content=\"300\" \/>\n\t<meta property=\"og:image:type\" content=\"image\/jpeg\" \/>\n<meta name=\"twitter:card\" content=\"summary_large_image\" \/>\n<meta name=\"twitter:label1\" content=\"Dur\u00e9e de lecture estim\u00e9e\" \/>\n\t<meta name=\"twitter:data1\" content=\"2 minutes\" \/>\n<script type=\"application\/ld+json\" class=\"yoast-schema-graph\">{\"@context\":\"https:\/\/schema.org\",\"@graph\":[{\"@type\":\"WebPage\",\"@id\":\"https:\/\/www.maison-occitane.com\/fr\/produit\/miel-de-fleurs-cremeux-bocal-250g\/\",\"url\":\"https:\/\/www.maison-occitane.com\/fr\/produit\/miel-de-fleurs-cremeux-bocal-250g\/\",\"name\":\"MIEL CREMEUX - Maison Occitane\",\"isPartOf\":{\"@id\":\"https:\/\/www.maison-occitane.com\/fr\/#website\"},\"primaryImageOfPage\":{\"@id\":\"https:\/\/www.maison-occitane.com\/fr\/produit\/miel-de-fleurs-cremeux-bocal-250g\/#primaryimage\"},\"image\":{\"@id\":\"https:\/\/www.maison-occitane.com\/fr\/produit\/miel-de-fleurs-cremeux-bocal-250g\/#primaryimage\"},\"thumbnailUrl\":\"https:\/\/www.maison-occitane.com\/app\/uploads\/2025\/05\/6884.jpg\",\"datePublished\":\"2025-05-05T06:50:31+00:00\",\"dateModified\":\"2026-03-26T23:00:03+00:00\",\"description\":\"Savourez le miel cr\u00e9meux au go\u00fbt d\u00e9licatement floral. Une texture onctueuse, id\u00e9ale au petit-d\u00e9jeuner, en cuisine ou dans une boisson chaude.\",\"breadcrumb\":{\"@id\":\"https:\/\/www.maison-occitane.com\/fr\/produit\/miel-de-fleurs-cremeux-bocal-250g\/#breadcrumb\"},\"inLanguage\":\"fr-FR\",\"potentialAction\":[{\"@type\":\"ReadAction\",\"target\":[\"https:\/\/www.maison-occitane.com\/fr\/produit\/miel-de-fleurs-cremeux-bocal-250g\/\"]}]},{\"@type\":\"ImageObject\",\"inLanguage\":\"fr-FR\",\"@id\":\"https:\/\/www.maison-occitane.com\/fr\/produit\/miel-de-fleurs-cremeux-bocal-250g\/#primaryimage\",\"url\":\"https:\/\/www.maison-occitane.com\/app\/uploads\/2025\/05\/6884.jpg\",\"contentUrl\":\"https:\/\/www.maison-occitane.com\/app\/uploads\/2025\/05\/6884.jpg\",\"width\":375,\"height\":300,\"caption\":\"Miel de Fleurs cr\u00e9meux\"},{\"@type\":\"BreadcrumbList\",\"@id\":\"https:\/\/www.maison-occitane.com\/fr\/produit\/miel-de-fleurs-cremeux-bocal-250g\/#breadcrumb\",\"itemListElement\":[{\"@type\":\"ListItem\",\"position\":1,\"name\":\"Accueil\",\"item\":\"https:\/\/www.maison-occitane.com\/fr\/\"},{\"@type\":\"ListItem\",\"position\":2,\"name\":\"Produits\",\"item\":\"https:\/\/www.maison-occitane.com\/fr\/shop\/\"},{\"@type\":\"ListItem\",\"position\":3,\"name\":\"\u00c9picerie fine\",\"item\":\"https:\/\/www.maison-occitane.com\/fr\/boutique\/epicerie-fine\/\"},{\"@type\":\"ListItem\",\"position\":4,\"name\":\"Douceurs sucr\u00e9es et chocolats\",\"item\":\"https:\/\/www.maison-occitane.com\/fr\/boutique\/epicerie-fine\/douceurs-sucrees-et-chocolats\/\"},{\"@type\":\"ListItem\",\"position\":5,\"name\":\"MIEL CREMEUX\"}]},{\"@type\":\"WebSite\",\"@id\":\"https:\/\/www.maison-occitane.com\/fr\/#website\",\"url\":\"https:\/\/www.maison-occitane.com\/fr\/\",\"name\":\"Maison Occitane\",\"description\":\"\",\"potentialAction\":[{\"@type\":\"SearchAction\",\"target\":{\"@type\":\"EntryPoint\",\"urlTemplate\":\"https:\/\/www.maison-occitane.com\/fr\/?s={search_term_string}\"},\"query-input\":{\"@type\":\"PropertyValueSpecification\",\"valueRequired\":true,\"valueName\":\"search_term_string\"}}],\"inLanguage\":\"fr-FR\"}]}<\/script>\n<!-- \/ Yoast SEO plugin. -->","yoast_head_json":{"title":"MIEL CREMEUX - Maison Occitane","description":"Savourez le miel cr\u00e9meux au go\u00fbt d\u00e9licatement floral. Une texture onctueuse, id\u00e9ale au petit-d\u00e9jeuner, en cuisine ou dans une boisson chaude.","robots":{"index":"index","follow":"follow","max-snippet":"max-snippet:-1","max-image-preview":"max-image-preview:large","max-video-preview":"max-video-preview:-1"},"canonical":"https:\/\/www.maison-occitane.com\/fr\/produit\/miel-de-fleurs-cremeux-bocal-250g\/","og_locale":"fr_FR","og_type":"article","og_title":"MIEL CREMEUX - Maison Occitane","og_description":"Savourez le miel cr\u00e9meux au go\u00fbt d\u00e9licatement floral. Une texture onctueuse, id\u00e9ale au petit-d\u00e9jeuner, en cuisine ou dans une boisson chaude.","og_url":"https:\/\/www.maison-occitane.com\/fr\/produit\/miel-de-fleurs-cremeux-bocal-250g\/","og_site_name":"Maison Occitane","article_modified_time":"2026-03-26T23:00:03+00:00","og_image":[{"width":375,"height":300,"url":"https:\/\/www.maison-occitane.com\/app\/uploads\/2025\/05\/6884.jpg","type":"image\/jpeg"}],"twitter_card":"summary_large_image","twitter_misc":{"Dur\u00e9e de lecture estim\u00e9e":"2 minutes"},"schema":{"@context":"https:\/\/schema.org","@graph":[{"@type":"WebPage","@id":"https:\/\/www.maison-occitane.com\/fr\/produit\/miel-de-fleurs-cremeux-bocal-250g\/","url":"https:\/\/www.maison-occitane.com\/fr\/produit\/miel-de-fleurs-cremeux-bocal-250g\/","name":"MIEL CREMEUX - Maison Occitane","isPartOf":{"@id":"https:\/\/www.maison-occitane.com\/fr\/#website"},"primaryImageOfPage":{"@id":"https:\/\/www.maison-occitane.com\/fr\/produit\/miel-de-fleurs-cremeux-bocal-250g\/#primaryimage"},"image":{"@id":"https:\/\/www.maison-occitane.com\/fr\/produit\/miel-de-fleurs-cremeux-bocal-250g\/#primaryimage"},"thumbnailUrl":"https:\/\/www.maison-occitane.com\/app\/uploads\/2025\/05\/6884.jpg","datePublished":"2025-05-05T06:50:31+00:00","dateModified":"2026-03-26T23:00:03+00:00","description":"Savourez le miel cr\u00e9meux au go\u00fbt d\u00e9licatement floral. Une texture onctueuse, id\u00e9ale au petit-d\u00e9jeuner, en cuisine ou dans une boisson chaude.","breadcrumb":{"@id":"https:\/\/www.maison-occitane.com\/fr\/produit\/miel-de-fleurs-cremeux-bocal-250g\/#breadcrumb"},"inLanguage":"fr-FR","potentialAction":[{"@type":"ReadAction","target":["https:\/\/www.maison-occitane.com\/fr\/produit\/miel-de-fleurs-cremeux-bocal-250g\/"]}]},{"@type":"ImageObject","inLanguage":"fr-FR","@id":"https:\/\/www.maison-occitane.com\/fr\/produit\/miel-de-fleurs-cremeux-bocal-250g\/#primaryimage","url":"https:\/\/www.maison-occitane.com\/app\/uploads\/2025\/05\/6884.jpg","contentUrl":"https:\/\/www.maison-occitane.com\/app\/uploads\/2025\/05\/6884.jpg","width":375,"height":300,"caption":"Miel de Fleurs cr\u00e9meux"},{"@type":"BreadcrumbList","@id":"https:\/\/www.maison-occitane.com\/fr\/produit\/miel-de-fleurs-cremeux-bocal-250g\/#breadcrumb","itemListElement":[{"@type":"ListItem","position":1,"name":"Accueil","item":"https:\/\/www.maison-occitane.com\/fr\/"},{"@type":"ListItem","position":2,"name":"Produits","item":"https:\/\/www.maison-occitane.com\/fr\/shop\/"},{"@type":"ListItem","position":3,"name":"\u00c9picerie fine","item":"https:\/\/www.maison-occitane.com\/fr\/boutique\/epicerie-fine\/"},{"@type":"ListItem","position":4,"name":"Douceurs sucr\u00e9es et chocolats","item":"https:\/\/www.maison-occitane.com\/fr\/boutique\/epicerie-fine\/douceurs-sucrees-et-chocolats\/"},{"@type":"ListItem","position":5,"name":"MIEL CREMEUX"}]},{"@type":"WebSite","@id":"https:\/\/www.maison-occitane.com\/fr\/#website","url":"https:\/\/www.maison-occitane.com\/fr\/","name":"Maison Occitane","description":"","potentialAction":[{"@type":"SearchAction","target":{"@type":"EntryPoint","urlTemplate":"https:\/\/www.maison-occitane.com\/fr\/?s={search_term_string}"},"query-input":{"@type":"PropertyValueSpecification","valueRequired":true,"valueName":"search_term_string"}}],"inLanguage":"fr-FR"}]}},"_links":{"self":[{"href":"https:\/\/www.maison-occitane.com\/fr\/wp-json\/wp\/v2\/product\/3483","targetHints":{"allow":["GET"]}}],"collection":[{"href":"https:\/\/www.maison-occitane.com\/fr\/wp-json\/wp\/v2\/product"}],"about":[{"href":"https:\/\/www.maison-occitane.com\/fr\/wp-json\/wp\/v2\/types\/product"}],"replies":[{"embeddable":true,"href":"https:\/\/www.maison-occitane.com\/fr\/wp-json\/wp\/v2\/comments?post=3483"}],"wp:featuredmedia":[{"embeddable":true,"href":"https:\/\/www.maison-occitane.com\/fr\/wp-json\/wp\/v2\/media\/3673"}],"wp:attachment":[{"href":"https:\/\/www.maison-occitane.com\/fr\/wp-json\/wp\/v2\/media?parent=3483"}],"wp:term":[{"taxonomy":"product_cat","embeddable":true,"href":"https:\/\/www.maison-occitane.com\/fr\/wp-json\/wp\/v2\/product_cat?post=3483"},{"taxonomy":"product_tag","embeddable":true,"href":"https:\/\/www.maison-occitane.com\/fr\/wp-json\/wp\/v2\/product_tag?post=3483"},{"taxonomy":"product_origine","embeddable":true,"href":"https:\/\/www.maison-occitane.com\/fr\/wp-json\/wp\/v2\/origines?post=3483"},{"taxonomy":"label_qualite","embeddable":true,"href":"https:\/\/www.maison-occitane.com\/fr\/wp-json\/wp\/v2\/labels-qualite?post=3483"}],"curies":[{"name":"wp","href":"https:\/\/api.w.org\/{rel}","templated":true}]}}