{"id":3482,"date":"2025-05-05T08:50:31","date_gmt":"2025-05-05T06:50:31","guid":{"rendered":"http:\/\/localhost:8080\/non%20class\u00e9\/confit-doignons-bocal-de-40g\/"},"modified":"2026-04-10T16:57:52","modified_gmt":"2026-04-10T14:57:52","slug":"confit-doignons-bocal-de-40g","status":"publish","type":"product","link":"https:\/\/www.maison-occitane.com\/fr\/produit\/confit-doignons-bocal-de-40g\/","title":{"rendered":"CONFIT D&rsquo;OIGNONS 40G"},"content":{"rendered":"<p data-start=\"517\" data-end=\"655\">Ajoutez une note sucr\u00e9e-sal\u00e9e raffin\u00e9e \u00e0 vos plats avec ce <strong data-start=\"576\" data-end=\"613\">confit d\u2019oignons en bocal de 40g<\/strong>, un incontournable des moments gourmands.<\/p>\n<p data-start=\"657\" data-end=\"956\">Pr\u00e9par\u00e9 avec soin \u00e0 partir d\u2019oignons doux, de sucre, de vinaigre d\u2019alcool et de vin blanc, ce confit r\u00e9v\u00e8le une texture fondante et un <strong data-start=\"792\" data-end=\"837\">go\u00fbt sucr\u00e9-acidul\u00e9 parfaitement \u00e9quilibr\u00e9<\/strong>. Il sublime le <strong data-start=\"853\" data-end=\"866\">foie gras<\/strong>, bien s\u00fbr, mais aussi les rillettes, p\u00e2t\u00e9s, terrines, fromages et m\u00eame certaines viandes.<\/p>\n<p data-start=\"958\" data-end=\"1107\">Propos\u00e9 en petit format, ce bocal est id\u00e9al pour vos repas de f\u00eate, vos ap\u00e9ritifs entre amis ou pour donner une touche d\u2019originalit\u00e9 \u00e0 vos assiettes.<\/p>\n<p data-start=\"958\" data-end=\"1107\">D\u00e9couvrez notre gamme pour accompagner le foie gras :<\/p>\n<ul>\n<li data-start=\"958\" data-end=\"1107\"><a href=\"https:\/\/www.maison-occitane.com\/fr\/produit\/confit-de-figues-bocal-de-40g\/\"><strong>Confit de figues 40g<\/strong><\/a><\/li>\n<li data-start=\"958\" data-end=\"1107\"><a href=\"https:\/\/www.maison-occitane.com\/fr\/produit\/confit-de-figues-bocal-100g\/\"><strong>Confit de figues 100g<\/strong><\/a><\/li>\n<li data-start=\"958\" data-end=\"1107\"><a href=\"https:\/\/www.maison-occitane.com\/fr\/produit\/confit-de-mangue-bocal-100g\/\"><strong>Confit de mangue 100g<\/strong><\/a><\/li>\n<li data-start=\"958\" data-end=\"1107\"><strong><a href=\"https:\/\/www.maison-occitane.com\/fr\/produit\/confit-doignons-bocal-100g\/\">Confit d&rsquo;oignons 100g<\/a><\/strong><\/li>\n<\/ul>\n","protected":false},"excerpt":{"rendered":"<p><span class=\"notion-enable-hover\" data-token-index=\"0\">Le confit d&rsquo;oignons accompagne \u00e0 merveille le foie gras, son fondant en bouche et son petit go\u00fbt acidul\u00e9 agr\u00e9mentent vos plats d\u2019une note gourmande et festive. C&rsquo;est un partenaire incontournable du foie gras.<\/span><\/p>\n","protected":false},"featured_media":4329,"comment_status":"open","ping_status":"closed","template":"","meta":{"_acf_changed":false},"product_cat":[770,781],"product_tag":[],"origines":[],"labels-qualite":[],"class_list":{"0":"post-3482","1":"product","2":"type-product","3":"status-publish","4":"has-post-thumbnail","6":"product_brand-selection-gourmande","7":"product_cat-foie-gras","8":"product_cat-accompagnement-de-foie-gras","10":"first","11":"instock","12":"taxable","13":"shipping-taxable","14":"purchasable","15":"product-type-simple","16":"add-to-wishlist-before_image"},"acf":[],"yoast_head":"<!-- This site is optimized with the Yoast SEO plugin v24.9 - https:\/\/yoast.com\/wordpress\/plugins\/seo\/ -->\n<title>CONFIT D&#039;OIGNONS - Maison Occitane<\/title>\n<meta name=\"description\" content=\"Confit d\u2019oignons 40g \u2013 L\u2019accompagnement sucr\u00e9-acidul\u00e9 parfait pour sublimer nos foies gras, rillettes et fromages. Id\u00e9al pour les f\u00eates et ap\u00e9ritifs gourmands !\" \/>\n<meta name=\"robots\" content=\"index, follow, max-snippet:-1, max-image-preview:large, max-video-preview:-1\" \/>\n<link rel=\"canonical\" href=\"https:\/\/www.maison-occitane.com\/fr\/produit\/confit-doignons-bocal-de-40g\/\" \/>\n<meta property=\"og:locale\" content=\"fr_FR\" \/>\n<meta property=\"og:type\" content=\"article\" \/>\n<meta property=\"og:title\" content=\"CONFIT D&#039;OIGNONS - Maison Occitane\" \/>\n<meta property=\"og:description\" content=\"Confit d\u2019oignons 40g \u2013 L\u2019accompagnement sucr\u00e9-acidul\u00e9 parfait pour sublimer nos foies gras, rillettes et fromages. Id\u00e9al pour les f\u00eates et ap\u00e9ritifs gourmands !\" \/>\n<meta property=\"og:url\" content=\"https:\/\/www.maison-occitane.com\/fr\/produit\/confit-doignons-bocal-de-40g\/\" \/>\n<meta property=\"og:site_name\" content=\"Maison Occitane\" \/>\n<meta property=\"article:modified_time\" content=\"2026-04-10T14:57:52+00:00\" \/>\n<meta property=\"og:image\" content=\"https:\/\/www.maison-occitane.com\/app\/uploads\/2025\/05\/5750_520px.jpg\" \/>\n\t<meta property=\"og:image:width\" content=\"520\" \/>\n\t<meta property=\"og:image:height\" content=\"451\" \/>\n\t<meta property=\"og:image:type\" content=\"image\/jpeg\" \/>\n<meta name=\"twitter:card\" content=\"summary_large_image\" \/>\n<meta name=\"twitter:label1\" content=\"Dur\u00e9e de lecture estim\u00e9e\" \/>\n\t<meta name=\"twitter:data1\" content=\"1 minute\" \/>\n<script type=\"application\/ld+json\" class=\"yoast-schema-graph\">{\"@context\":\"https:\/\/schema.org\",\"@graph\":[{\"@type\":\"WebPage\",\"@id\":\"https:\/\/www.maison-occitane.com\/fr\/produit\/confit-doignons-bocal-de-40g\/\",\"url\":\"https:\/\/www.maison-occitane.com\/fr\/produit\/confit-doignons-bocal-de-40g\/\",\"name\":\"CONFIT D'OIGNONS - Maison Occitane\",\"isPartOf\":{\"@id\":\"https:\/\/www.maison-occitane.com\/fr\/#website\"},\"primaryImageOfPage\":{\"@id\":\"https:\/\/www.maison-occitane.com\/fr\/produit\/confit-doignons-bocal-de-40g\/#primaryimage\"},\"image\":{\"@id\":\"https:\/\/www.maison-occitane.com\/fr\/produit\/confit-doignons-bocal-de-40g\/#primaryimage\"},\"thumbnailUrl\":\"https:\/\/www.maison-occitane.com\/app\/uploads\/2025\/05\/5750_520px.jpg\",\"datePublished\":\"2025-05-05T06:50:31+00:00\",\"dateModified\":\"2026-04-10T14:57:52+00:00\",\"description\":\"Confit d\u2019oignons 40g \u2013 L\u2019accompagnement sucr\u00e9-acidul\u00e9 parfait pour sublimer nos foies gras, rillettes et fromages. Id\u00e9al pour les f\u00eates et ap\u00e9ritifs gourmands !\",\"breadcrumb\":{\"@id\":\"https:\/\/www.maison-occitane.com\/fr\/produit\/confit-doignons-bocal-de-40g\/#breadcrumb\"},\"inLanguage\":\"fr-FR\",\"potentialAction\":[{\"@type\":\"ReadAction\",\"target\":[\"https:\/\/www.maison-occitane.com\/fr\/produit\/confit-doignons-bocal-de-40g\/\"]}]},{\"@type\":\"ImageObject\",\"inLanguage\":\"fr-FR\",\"@id\":\"https:\/\/www.maison-occitane.com\/fr\/produit\/confit-doignons-bocal-de-40g\/#primaryimage\",\"url\":\"https:\/\/www.maison-occitane.com\/app\/uploads\/2025\/05\/5750_520px.jpg\",\"contentUrl\":\"https:\/\/www.maison-occitane.com\/app\/uploads\/2025\/05\/5750_520px.jpg\",\"width\":520,\"height\":451,\"caption\":\"Confit d'Oignons\"},{\"@type\":\"BreadcrumbList\",\"@id\":\"https:\/\/www.maison-occitane.com\/fr\/produit\/confit-doignons-bocal-de-40g\/#breadcrumb\",\"itemListElement\":[{\"@type\":\"ListItem\",\"position\":1,\"name\":\"Accueil\",\"item\":\"https:\/\/www.maison-occitane.com\/fr\/\"},{\"@type\":\"ListItem\",\"position\":2,\"name\":\"Produits\",\"item\":\"https:\/\/www.maison-occitane.com\/fr\/shop\/\"},{\"@type\":\"ListItem\",\"position\":3,\"name\":\"Foie gras\",\"item\":\"https:\/\/www.maison-occitane.com\/fr\/boutique\/foie-gras\/\"},{\"@type\":\"ListItem\",\"position\":4,\"name\":\"Accompagnement de foie gras\",\"item\":\"https:\/\/www.maison-occitane.com\/fr\/boutique\/foie-gras\/accompagnement-de-foie-gras\/\"},{\"@type\":\"ListItem\",\"position\":5,\"name\":\"CONFIT D&rsquo;OIGNONS 40G\"}]},{\"@type\":\"WebSite\",\"@id\":\"https:\/\/www.maison-occitane.com\/fr\/#website\",\"url\":\"https:\/\/www.maison-occitane.com\/fr\/\",\"name\":\"Maison Occitane\",\"description\":\"\",\"potentialAction\":[{\"@type\":\"SearchAction\",\"target\":{\"@type\":\"EntryPoint\",\"urlTemplate\":\"https:\/\/www.maison-occitane.com\/fr\/?s={search_term_string}\"},\"query-input\":{\"@type\":\"PropertyValueSpecification\",\"valueRequired\":true,\"valueName\":\"search_term_string\"}}],\"inLanguage\":\"fr-FR\"}]}<\/script>\n<!-- \/ Yoast SEO plugin. -->","yoast_head_json":{"title":"CONFIT D'OIGNONS - Maison Occitane","description":"Confit d\u2019oignons 40g \u2013 L\u2019accompagnement sucr\u00e9-acidul\u00e9 parfait pour sublimer nos foies gras, rillettes et fromages. Id\u00e9al pour les f\u00eates et ap\u00e9ritifs gourmands !","robots":{"index":"index","follow":"follow","max-snippet":"max-snippet:-1","max-image-preview":"max-image-preview:large","max-video-preview":"max-video-preview:-1"},"canonical":"https:\/\/www.maison-occitane.com\/fr\/produit\/confit-doignons-bocal-de-40g\/","og_locale":"fr_FR","og_type":"article","og_title":"CONFIT D'OIGNONS - Maison Occitane","og_description":"Confit d\u2019oignons 40g \u2013 L\u2019accompagnement sucr\u00e9-acidul\u00e9 parfait pour sublimer nos foies gras, rillettes et fromages. Id\u00e9al pour les f\u00eates et ap\u00e9ritifs gourmands !","og_url":"https:\/\/www.maison-occitane.com\/fr\/produit\/confit-doignons-bocal-de-40g\/","og_site_name":"Maison Occitane","article_modified_time":"2026-04-10T14:57:52+00:00","og_image":[{"width":520,"height":451,"url":"https:\/\/www.maison-occitane.com\/app\/uploads\/2025\/05\/5750_520px.jpg","type":"image\/jpeg"}],"twitter_card":"summary_large_image","twitter_misc":{"Dur\u00e9e de lecture estim\u00e9e":"1 minute"},"schema":{"@context":"https:\/\/schema.org","@graph":[{"@type":"WebPage","@id":"https:\/\/www.maison-occitane.com\/fr\/produit\/confit-doignons-bocal-de-40g\/","url":"https:\/\/www.maison-occitane.com\/fr\/produit\/confit-doignons-bocal-de-40g\/","name":"CONFIT D'OIGNONS - Maison Occitane","isPartOf":{"@id":"https:\/\/www.maison-occitane.com\/fr\/#website"},"primaryImageOfPage":{"@id":"https:\/\/www.maison-occitane.com\/fr\/produit\/confit-doignons-bocal-de-40g\/#primaryimage"},"image":{"@id":"https:\/\/www.maison-occitane.com\/fr\/produit\/confit-doignons-bocal-de-40g\/#primaryimage"},"thumbnailUrl":"https:\/\/www.maison-occitane.com\/app\/uploads\/2025\/05\/5750_520px.jpg","datePublished":"2025-05-05T06:50:31+00:00","dateModified":"2026-04-10T14:57:52+00:00","description":"Confit d\u2019oignons 40g \u2013 L\u2019accompagnement sucr\u00e9-acidul\u00e9 parfait pour sublimer nos foies gras, rillettes et fromages. Id\u00e9al pour les f\u00eates et ap\u00e9ritifs gourmands !","breadcrumb":{"@id":"https:\/\/www.maison-occitane.com\/fr\/produit\/confit-doignons-bocal-de-40g\/#breadcrumb"},"inLanguage":"fr-FR","potentialAction":[{"@type":"ReadAction","target":["https:\/\/www.maison-occitane.com\/fr\/produit\/confit-doignons-bocal-de-40g\/"]}]},{"@type":"ImageObject","inLanguage":"fr-FR","@id":"https:\/\/www.maison-occitane.com\/fr\/produit\/confit-doignons-bocal-de-40g\/#primaryimage","url":"https:\/\/www.maison-occitane.com\/app\/uploads\/2025\/05\/5750_520px.jpg","contentUrl":"https:\/\/www.maison-occitane.com\/app\/uploads\/2025\/05\/5750_520px.jpg","width":520,"height":451,"caption":"Confit d'Oignons"},{"@type":"BreadcrumbList","@id":"https:\/\/www.maison-occitane.com\/fr\/produit\/confit-doignons-bocal-de-40g\/#breadcrumb","itemListElement":[{"@type":"ListItem","position":1,"name":"Accueil","item":"https:\/\/www.maison-occitane.com\/fr\/"},{"@type":"ListItem","position":2,"name":"Produits","item":"https:\/\/www.maison-occitane.com\/fr\/shop\/"},{"@type":"ListItem","position":3,"name":"Foie gras","item":"https:\/\/www.maison-occitane.com\/fr\/boutique\/foie-gras\/"},{"@type":"ListItem","position":4,"name":"Accompagnement de foie gras","item":"https:\/\/www.maison-occitane.com\/fr\/boutique\/foie-gras\/accompagnement-de-foie-gras\/"},{"@type":"ListItem","position":5,"name":"CONFIT D&rsquo;OIGNONS 40G"}]},{"@type":"WebSite","@id":"https:\/\/www.maison-occitane.com\/fr\/#website","url":"https:\/\/www.maison-occitane.com\/fr\/","name":"Maison Occitane","description":"","potentialAction":[{"@type":"SearchAction","target":{"@type":"EntryPoint","urlTemplate":"https:\/\/www.maison-occitane.com\/fr\/?s={search_term_string}"},"query-input":{"@type":"PropertyValueSpecification","valueRequired":true,"valueName":"search_term_string"}}],"inLanguage":"fr-FR"}]}},"_links":{"self":[{"href":"https:\/\/www.maison-occitane.com\/fr\/wp-json\/wp\/v2\/product\/3482","targetHints":{"allow":["GET"]}}],"collection":[{"href":"https:\/\/www.maison-occitane.com\/fr\/wp-json\/wp\/v2\/product"}],"about":[{"href":"https:\/\/www.maison-occitane.com\/fr\/wp-json\/wp\/v2\/types\/product"}],"replies":[{"embeddable":true,"href":"https:\/\/www.maison-occitane.com\/fr\/wp-json\/wp\/v2\/comments?post=3482"}],"wp:featuredmedia":[{"embeddable":true,"href":"https:\/\/www.maison-occitane.com\/fr\/wp-json\/wp\/v2\/media\/4329"}],"wp:attachment":[{"href":"https:\/\/www.maison-occitane.com\/fr\/wp-json\/wp\/v2\/media?parent=3482"}],"wp:term":[{"taxonomy":"product_cat","embeddable":true,"href":"https:\/\/www.maison-occitane.com\/fr\/wp-json\/wp\/v2\/product_cat?post=3482"},{"taxonomy":"product_tag","embeddable":true,"href":"https:\/\/www.maison-occitane.com\/fr\/wp-json\/wp\/v2\/product_tag?post=3482"},{"taxonomy":"product_origine","embeddable":true,"href":"https:\/\/www.maison-occitane.com\/fr\/wp-json\/wp\/v2\/origines?post=3482"},{"taxonomy":"label_qualite","embeddable":true,"href":"https:\/\/www.maison-occitane.com\/fr\/wp-json\/wp\/v2\/labels-qualite?post=3482"}],"curies":[{"name":"wp","href":"https:\/\/api.w.org\/{rel}","templated":true}]}}