{"id":3481,"date":"2025-05-05T08:50:31","date_gmt":"2025-05-05T06:50:31","guid":{"rendered":"http:\/\/localhost:8080\/non%20class\u00e9\/confit-de-figues-bocal-de-40g\/"},"modified":"2026-04-10T16:55:19","modified_gmt":"2026-04-10T14:55:19","slug":"confit-de-figues-bocal-de-40g","status":"publish","type":"product","link":"https:\/\/www.maison-occitane.com\/fr\/produit\/confit-de-figues-bocal-de-40g\/","title":{"rendered":"CONFIT DE FIGUES 40G"},"content":{"rendered":"<p data-start=\"335\" data-end=\"518\">Vous cherchez une alternative gourmande au traditionnel confit d\u2019oignons ? D\u00e9couvrez notre confit de figues en bocal de 40g, l\u2019alli\u00e9 incontournable pour sublimer vos foies gras !<\/p>\n<p data-start=\"520\" data-end=\"872\">Ce confit est un concentr\u00e9 de douceur et de gourmandise : charnu, fondant, il r\u00e9v\u00e8le toute la richesse sucr\u00e9e et l\u00e9g\u00e8rement acidul\u00e9e de la figue, pour une <strong data-start=\"675\" data-end=\"727\">association parfaite avec un foie gras de canard<\/strong>. Que vous proposiez un foie gras entier, un mi-cuit ou un bloc, ce confit apporte la touche qui fera toute la diff\u00e9rence sur vos tables de f\u00eate.<\/p>\n<p data-start=\"874\" data-end=\"1136\">La saveur naturelle de la figue vient rehausser le go\u00fbt noble du foie gras avec \u00e9l\u00e9gance, pour un accord \u00e0 la fois subtil et intense. Une fine cuill\u00e8re suffit \u00e0 \u00e9veiller les papilles et \u00e0 transformer une simple entr\u00e9e en un moment de d\u00e9gustation inoubliable.<\/p>\n<p data-start=\"958\" data-end=\"1107\">D\u00e9couvrez notre gamme pour accompagner le foie gras :<\/p>\n<ul>\n<li data-start=\"958\" data-end=\"1107\"><a href=\"https:\/\/www.maison-occitane.com\/fr\/produit\/confit-de-figues-bocal-100g\/\"><strong>Confit de figues 100g<\/strong><\/a><\/li>\n<li data-start=\"958\" data-end=\"1107\"><a href=\"https:\/\/www.maison-occitane.com\/fr\/produit\/confit-de-mangue-bocal-100g\/\"><strong>Confit de mangue 100g<\/strong><\/a><\/li>\n<li data-start=\"958\" data-end=\"1107\"><a href=\"https:\/\/www.maison-occitane.com\/fr\/produit\/confit-doignons-bocal-de-40g\/\"><strong>Confit d&rsquo;oignons 40g<\/strong><\/a><\/li>\n<li data-start=\"958\" data-end=\"1107\"><strong><a href=\"https:\/\/www.maison-occitane.com\/fr\/produit\/confit-doignons-bocal-100g\/\">Confit d&rsquo;oignons 100g<\/a><\/strong><\/li>\n<\/ul>\n","protected":false},"excerpt":{"rendered":"<p>Ce confit de figues est l&rsquo;accompagnement id\u00e9al du foie gras. Sa texture fondante et son go\u00fbt sucr\u00e9-acidul\u00e9 subliment toutes vos entr\u00e9es festives. Une alternative raffin\u00e9e au confit d\u2019oignons pour un accord parfait avec le foie gras de canard.<\/p>\n","protected":false},"featured_media":4327,"comment_status":"open","ping_status":"closed","template":"","meta":{"_acf_changed":false},"product_cat":[770,781],"product_tag":[],"origines":[],"labels-qualite":[],"class_list":{"0":"post-3481","1":"product","2":"type-product","3":"status-publish","4":"has-post-thumbnail","6":"product_brand-selection-gourmande","7":"product_cat-foie-gras","8":"product_cat-accompagnement-de-foie-gras","10":"first","11":"instock","12":"taxable","13":"shipping-taxable","14":"purchasable","15":"product-type-simple","16":"add-to-wishlist-before_image"},"acf":[],"yoast_head":"<!-- This site is optimized with the Yoast SEO plugin v24.9 - https:\/\/yoast.com\/wordpress\/plugins\/seo\/ -->\n<title>CONFIT DE FIGUES - Maison Occitane<\/title>\n<meta name=\"description\" content=\"Confit de figues 40g \u2013 L&#039;accompagnement id\u00e9al du foie gras de Canard du Sud-Ouest. Doux, fondant et sucr\u00e9, il sublime toutes vos entr\u00e9es festives !\" \/>\n<meta name=\"robots\" content=\"index, follow, max-snippet:-1, max-image-preview:large, max-video-preview:-1\" \/>\n<link rel=\"canonical\" href=\"https:\/\/www.maison-occitane.com\/fr\/produit\/confit-de-figues-bocal-de-40g\/\" \/>\n<meta property=\"og:locale\" content=\"fr_FR\" \/>\n<meta property=\"og:type\" content=\"article\" \/>\n<meta property=\"og:title\" content=\"CONFIT DE FIGUES - Maison Occitane\" \/>\n<meta property=\"og:description\" content=\"Confit de figues 40g \u2013 L&#039;accompagnement id\u00e9al du foie gras de Canard du Sud-Ouest. Doux, fondant et sucr\u00e9, il sublime toutes vos entr\u00e9es festives !\" \/>\n<meta property=\"og:url\" content=\"https:\/\/www.maison-occitane.com\/fr\/produit\/confit-de-figues-bocal-de-40g\/\" \/>\n<meta property=\"og:site_name\" content=\"Maison Occitane\" \/>\n<meta property=\"article:modified_time\" content=\"2026-04-10T14:55:19+00:00\" \/>\n<meta property=\"og:image\" content=\"https:\/\/www.maison-occitane.com\/app\/uploads\/2025\/05\/5749_520px.jpg\" \/>\n\t<meta property=\"og:image:width\" content=\"520\" \/>\n\t<meta property=\"og:image:height\" content=\"450\" \/>\n\t<meta property=\"og:image:type\" content=\"image\/jpeg\" \/>\n<meta name=\"twitter:card\" content=\"summary_large_image\" \/>\n<meta name=\"twitter:label1\" content=\"Dur\u00e9e de lecture estim\u00e9e\" \/>\n\t<meta name=\"twitter:data1\" content=\"1 minute\" \/>\n<script type=\"application\/ld+json\" class=\"yoast-schema-graph\">{\"@context\":\"https:\/\/schema.org\",\"@graph\":[{\"@type\":\"WebPage\",\"@id\":\"https:\/\/www.maison-occitane.com\/fr\/produit\/confit-de-figues-bocal-de-40g\/\",\"url\":\"https:\/\/www.maison-occitane.com\/fr\/produit\/confit-de-figues-bocal-de-40g\/\",\"name\":\"CONFIT DE FIGUES - Maison Occitane\",\"isPartOf\":{\"@id\":\"https:\/\/www.maison-occitane.com\/fr\/#website\"},\"primaryImageOfPage\":{\"@id\":\"https:\/\/www.maison-occitane.com\/fr\/produit\/confit-de-figues-bocal-de-40g\/#primaryimage\"},\"image\":{\"@id\":\"https:\/\/www.maison-occitane.com\/fr\/produit\/confit-de-figues-bocal-de-40g\/#primaryimage\"},\"thumbnailUrl\":\"https:\/\/www.maison-occitane.com\/app\/uploads\/2025\/05\/5749_520px.jpg\",\"datePublished\":\"2025-05-05T06:50:31+00:00\",\"dateModified\":\"2026-04-10T14:55:19+00:00\",\"description\":\"Confit de figues 40g \u2013 L'accompagnement id\u00e9al du foie gras de Canard du Sud-Ouest. Doux, fondant et sucr\u00e9, il sublime toutes vos entr\u00e9es festives !\",\"breadcrumb\":{\"@id\":\"https:\/\/www.maison-occitane.com\/fr\/produit\/confit-de-figues-bocal-de-40g\/#breadcrumb\"},\"inLanguage\":\"fr-FR\",\"potentialAction\":[{\"@type\":\"ReadAction\",\"target\":[\"https:\/\/www.maison-occitane.com\/fr\/produit\/confit-de-figues-bocal-de-40g\/\"]}]},{\"@type\":\"ImageObject\",\"inLanguage\":\"fr-FR\",\"@id\":\"https:\/\/www.maison-occitane.com\/fr\/produit\/confit-de-figues-bocal-de-40g\/#primaryimage\",\"url\":\"https:\/\/www.maison-occitane.com\/app\/uploads\/2025\/05\/5749_520px.jpg\",\"contentUrl\":\"https:\/\/www.maison-occitane.com\/app\/uploads\/2025\/05\/5749_520px.jpg\",\"width\":520,\"height\":450,\"caption\":\"Confit de Figues\"},{\"@type\":\"BreadcrumbList\",\"@id\":\"https:\/\/www.maison-occitane.com\/fr\/produit\/confit-de-figues-bocal-de-40g\/#breadcrumb\",\"itemListElement\":[{\"@type\":\"ListItem\",\"position\":1,\"name\":\"Accueil\",\"item\":\"https:\/\/www.maison-occitane.com\/fr\/\"},{\"@type\":\"ListItem\",\"position\":2,\"name\":\"Produits\",\"item\":\"https:\/\/www.maison-occitane.com\/fr\/shop\/\"},{\"@type\":\"ListItem\",\"position\":3,\"name\":\"Foie gras\",\"item\":\"https:\/\/www.maison-occitane.com\/fr\/boutique\/foie-gras\/\"},{\"@type\":\"ListItem\",\"position\":4,\"name\":\"Accompagnement de foie gras\",\"item\":\"https:\/\/www.maison-occitane.com\/fr\/boutique\/foie-gras\/accompagnement-de-foie-gras\/\"},{\"@type\":\"ListItem\",\"position\":5,\"name\":\"CONFIT DE FIGUES 40G\"}]},{\"@type\":\"WebSite\",\"@id\":\"https:\/\/www.maison-occitane.com\/fr\/#website\",\"url\":\"https:\/\/www.maison-occitane.com\/fr\/\",\"name\":\"Maison Occitane\",\"description\":\"\",\"potentialAction\":[{\"@type\":\"SearchAction\",\"target\":{\"@type\":\"EntryPoint\",\"urlTemplate\":\"https:\/\/www.maison-occitane.com\/fr\/?s={search_term_string}\"},\"query-input\":{\"@type\":\"PropertyValueSpecification\",\"valueRequired\":true,\"valueName\":\"search_term_string\"}}],\"inLanguage\":\"fr-FR\"}]}<\/script>\n<!-- \/ Yoast SEO plugin. -->","yoast_head_json":{"title":"CONFIT DE FIGUES - Maison Occitane","description":"Confit de figues 40g \u2013 L'accompagnement id\u00e9al du foie gras de Canard du Sud-Ouest. Doux, fondant et sucr\u00e9, il sublime toutes vos entr\u00e9es festives !","robots":{"index":"index","follow":"follow","max-snippet":"max-snippet:-1","max-image-preview":"max-image-preview:large","max-video-preview":"max-video-preview:-1"},"canonical":"https:\/\/www.maison-occitane.com\/fr\/produit\/confit-de-figues-bocal-de-40g\/","og_locale":"fr_FR","og_type":"article","og_title":"CONFIT DE FIGUES - Maison Occitane","og_description":"Confit de figues 40g \u2013 L'accompagnement id\u00e9al du foie gras de Canard du Sud-Ouest. Doux, fondant et sucr\u00e9, il sublime toutes vos entr\u00e9es festives !","og_url":"https:\/\/www.maison-occitane.com\/fr\/produit\/confit-de-figues-bocal-de-40g\/","og_site_name":"Maison Occitane","article_modified_time":"2026-04-10T14:55:19+00:00","og_image":[{"width":520,"height":450,"url":"https:\/\/www.maison-occitane.com\/app\/uploads\/2025\/05\/5749_520px.jpg","type":"image\/jpeg"}],"twitter_card":"summary_large_image","twitter_misc":{"Dur\u00e9e de lecture estim\u00e9e":"1 minute"},"schema":{"@context":"https:\/\/schema.org","@graph":[{"@type":"WebPage","@id":"https:\/\/www.maison-occitane.com\/fr\/produit\/confit-de-figues-bocal-de-40g\/","url":"https:\/\/www.maison-occitane.com\/fr\/produit\/confit-de-figues-bocal-de-40g\/","name":"CONFIT DE FIGUES - Maison Occitane","isPartOf":{"@id":"https:\/\/www.maison-occitane.com\/fr\/#website"},"primaryImageOfPage":{"@id":"https:\/\/www.maison-occitane.com\/fr\/produit\/confit-de-figues-bocal-de-40g\/#primaryimage"},"image":{"@id":"https:\/\/www.maison-occitane.com\/fr\/produit\/confit-de-figues-bocal-de-40g\/#primaryimage"},"thumbnailUrl":"https:\/\/www.maison-occitane.com\/app\/uploads\/2025\/05\/5749_520px.jpg","datePublished":"2025-05-05T06:50:31+00:00","dateModified":"2026-04-10T14:55:19+00:00","description":"Confit de figues 40g \u2013 L'accompagnement id\u00e9al du foie gras de Canard du Sud-Ouest. Doux, fondant et sucr\u00e9, il sublime toutes vos entr\u00e9es festives !","breadcrumb":{"@id":"https:\/\/www.maison-occitane.com\/fr\/produit\/confit-de-figues-bocal-de-40g\/#breadcrumb"},"inLanguage":"fr-FR","potentialAction":[{"@type":"ReadAction","target":["https:\/\/www.maison-occitane.com\/fr\/produit\/confit-de-figues-bocal-de-40g\/"]}]},{"@type":"ImageObject","inLanguage":"fr-FR","@id":"https:\/\/www.maison-occitane.com\/fr\/produit\/confit-de-figues-bocal-de-40g\/#primaryimage","url":"https:\/\/www.maison-occitane.com\/app\/uploads\/2025\/05\/5749_520px.jpg","contentUrl":"https:\/\/www.maison-occitane.com\/app\/uploads\/2025\/05\/5749_520px.jpg","width":520,"height":450,"caption":"Confit de Figues"},{"@type":"BreadcrumbList","@id":"https:\/\/www.maison-occitane.com\/fr\/produit\/confit-de-figues-bocal-de-40g\/#breadcrumb","itemListElement":[{"@type":"ListItem","position":1,"name":"Accueil","item":"https:\/\/www.maison-occitane.com\/fr\/"},{"@type":"ListItem","position":2,"name":"Produits","item":"https:\/\/www.maison-occitane.com\/fr\/shop\/"},{"@type":"ListItem","position":3,"name":"Foie gras","item":"https:\/\/www.maison-occitane.com\/fr\/boutique\/foie-gras\/"},{"@type":"ListItem","position":4,"name":"Accompagnement de foie gras","item":"https:\/\/www.maison-occitane.com\/fr\/boutique\/foie-gras\/accompagnement-de-foie-gras\/"},{"@type":"ListItem","position":5,"name":"CONFIT DE FIGUES 40G"}]},{"@type":"WebSite","@id":"https:\/\/www.maison-occitane.com\/fr\/#website","url":"https:\/\/www.maison-occitane.com\/fr\/","name":"Maison Occitane","description":"","potentialAction":[{"@type":"SearchAction","target":{"@type":"EntryPoint","urlTemplate":"https:\/\/www.maison-occitane.com\/fr\/?s={search_term_string}"},"query-input":{"@type":"PropertyValueSpecification","valueRequired":true,"valueName":"search_term_string"}}],"inLanguage":"fr-FR"}]}},"_links":{"self":[{"href":"https:\/\/www.maison-occitane.com\/fr\/wp-json\/wp\/v2\/product\/3481","targetHints":{"allow":["GET"]}}],"collection":[{"href":"https:\/\/www.maison-occitane.com\/fr\/wp-json\/wp\/v2\/product"}],"about":[{"href":"https:\/\/www.maison-occitane.com\/fr\/wp-json\/wp\/v2\/types\/product"}],"replies":[{"embeddable":true,"href":"https:\/\/www.maison-occitane.com\/fr\/wp-json\/wp\/v2\/comments?post=3481"}],"wp:featuredmedia":[{"embeddable":true,"href":"https:\/\/www.maison-occitane.com\/fr\/wp-json\/wp\/v2\/media\/4327"}],"wp:attachment":[{"href":"https:\/\/www.maison-occitane.com\/fr\/wp-json\/wp\/v2\/media?parent=3481"}],"wp:term":[{"taxonomy":"product_cat","embeddable":true,"href":"https:\/\/www.maison-occitane.com\/fr\/wp-json\/wp\/v2\/product_cat?post=3481"},{"taxonomy":"product_tag","embeddable":true,"href":"https:\/\/www.maison-occitane.com\/fr\/wp-json\/wp\/v2\/product_tag?post=3481"},{"taxonomy":"product_origine","embeddable":true,"href":"https:\/\/www.maison-occitane.com\/fr\/wp-json\/wp\/v2\/origines?post=3481"},{"taxonomy":"label_qualite","embeddable":true,"href":"https:\/\/www.maison-occitane.com\/fr\/wp-json\/wp\/v2\/labels-qualite?post=3481"}],"curies":[{"name":"wp","href":"https:\/\/api.w.org\/{rel}","templated":true}]}}