{"id":3479,"date":"2025-05-05T08:50:31","date_gmt":"2025-05-05T06:50:31","guid":{"rendered":"http:\/\/localhost:8080\/non%20class\u00e9\/tariquet-premieres-grives-bouteille-de-75cl\/"},"modified":"2026-03-01T09:50:01","modified_gmt":"2026-03-01T08:50:01","slug":"tariquet-premieres-grives-bouteille-de-75cl","status":"publish","type":"product","link":"https:\/\/www.maison-occitane.com\/fr\/produit\/tariquet-premieres-grives-bouteille-de-75cl\/","title":{"rendered":"C\u00f4tes de Gascogne IGP Tariquet Premi\u00e8res Grives"},"content":{"rendered":"<p data-start=\"720\" data-end=\"1077\"><strong data-start=\"720\" data-end=\"751\">C\u00f4tes de Gascogne IGP Tariquet \u00ab\u00a0Premi\u00e8res Grives\u00a0\u00bb<\/strong>, c\u2019est la promesse d\u2019un vin blanc demi-sec, fruit\u00e9 et d\u00e9licieusement gourmand, n\u00e9 sur les terres ensoleill\u00e9es de Gascogne. Issu \u00e0 100 % de Gros Manseng, ce vin s\u00e9duit par sa robe dor\u00e9e, ses parfums d\u2019agrumes et de fruits exotiques comme l\u2019ananas ou la mangue, et sa finale d\u2019une fra\u00eecheur remarquable.<\/p>\n<p data-start=\"1079\" data-end=\"1330\">Au palais, la douceur des fruits confits s\u2019\u00e9quilibre parfaitement avec une note vive de raisin frais, dans une harmonie \u00e0 la fois ample et tonique. Cette cuv\u00e9e embl\u00e9matique est parfaite pour les amateurs de vins blancs aromatiques et g\u00e9n\u00e9reux.<\/p>\n<p data-start=\"1332\" data-end=\"1537\">Polyvalent et surprenant, Tariquet Premi\u00e8res Grives s\u2019appr\u00e9cie \u00e0 tous les instants : \u00e0 l\u2019ap\u00e9ritif autour d\u2019un <strong data-start=\"1446\" data-end=\"1459\">foie gras<\/strong>, en accompagnement d\u2019un plat sucr\u00e9-sal\u00e9, ou pour sublimer un dessert raffin\u00e9.<\/p>\n<p data-start=\"1539\" data-end=\"1708\">C\u2019est aussi un <strong data-start=\"1557\" data-end=\"1573\">cadeau id\u00e9al<\/strong>, \u00e0 glisser dans un coffret gourmand avec quelques sp\u00e9cialit\u00e9s du Sud-Ouest. Une valeur s\u00fbre pour remercier, c\u00e9l\u00e9brer ou faire plaisir.<\/p>\n<p><em>\u00ab L\u2019abus d\u2019alcool est dangereux pour la sant\u00e9 \u00bb \u00ab \u00c0 consommer avec mod\u00e9ration \u00bb<\/em><\/p>\n","protected":false},"excerpt":{"rendered":"<p>Un vin blanc doux et \u00e9l\u00e9gant, 100 % Gros Manseng, aux ar\u00f4mes exotiques et fruit\u00e9s. \u00c0 savourer avec du foie gras, des fromages affin\u00e9s ou un dessert raffin\u00e9. Un incontournable du Sud-Ouest.<\/p>\n","protected":false},"featured_media":4614,"comment_status":"open","ping_status":"closed","template":"","meta":{"_acf_changed":false},"product_cat":[775,792],"product_tag":[],"origines":[],"labels-qualite":[],"class_list":{"0":"post-3479","1":"product","2":"type-product","3":"status-publish","4":"has-post-thumbnail","6":"product_cat-epicerie-fine","7":"product_cat-spiritueux-aperitifs-et-vin","9":"first","10":"instock","11":"taxable","12":"shipping-taxable","13":"purchasable","14":"product-type-simple","15":"add-to-wishlist-before_image"},"acf":[],"yoast_head":"<!-- This site is optimized with the Yoast SEO plugin v24.9 - https:\/\/yoast.com\/wordpress\/plugins\/seo\/ -->\n<title>C\u00f4tes de Gascogne IGP Tariquet Premi\u00e8res Grives- Maison Occitane<\/title>\n<meta name=\"description\" content=\"C\u00f4tes de Gascogne IGP Tariquet Premi\u00e8res Grives est un blanc demi-sec fruit\u00e9, exotique et gourmand, id\u00e9al avec du foie gras, fromages ou desserts. \u00c0 offrir dans un coffret.\" \/>\n<meta name=\"robots\" content=\"index, follow, max-snippet:-1, max-image-preview:large, max-video-preview:-1\" \/>\n<link rel=\"canonical\" href=\"https:\/\/www.maison-occitane.com\/fr\/produit\/tariquet-premieres-grives-bouteille-de-75cl\/\" \/>\n<meta property=\"og:locale\" content=\"fr_FR\" \/>\n<meta property=\"og:type\" content=\"article\" \/>\n<meta property=\"og:title\" content=\"C\u00f4tes de Gascogne IGP Tariquet Premi\u00e8res Grives- Maison Occitane\" \/>\n<meta property=\"og:description\" content=\"C\u00f4tes de Gascogne IGP Tariquet Premi\u00e8res Grives est un blanc demi-sec fruit\u00e9, exotique et gourmand, id\u00e9al avec du foie gras, fromages ou desserts. \u00c0 offrir dans un coffret.\" \/>\n<meta property=\"og:url\" content=\"https:\/\/www.maison-occitane.com\/fr\/produit\/tariquet-premieres-grives-bouteille-de-75cl\/\" \/>\n<meta property=\"og:site_name\" content=\"Maison Occitane\" \/>\n<meta property=\"article:modified_time\" content=\"2026-03-01T08:50:01+00:00\" \/>\n<meta property=\"og:image\" content=\"https:\/\/www.maison-occitane.com\/app\/uploads\/2025\/05\/3021_520px.jpg\" \/>\n\t<meta property=\"og:image:width\" content=\"520\" \/>\n\t<meta property=\"og:image:height\" content=\"450\" \/>\n\t<meta property=\"og:image:type\" content=\"image\/jpeg\" \/>\n<meta name=\"twitter:card\" content=\"summary_large_image\" \/>\n<meta name=\"twitter:label1\" content=\"Dur\u00e9e de lecture estim\u00e9e\" \/>\n\t<meta name=\"twitter:data1\" content=\"2 minutes\" \/>\n<script type=\"application\/ld+json\" class=\"yoast-schema-graph\">{\"@context\":\"https:\/\/schema.org\",\"@graph\":[{\"@type\":\"WebPage\",\"@id\":\"https:\/\/www.maison-occitane.com\/fr\/produit\/tariquet-premieres-grives-bouteille-de-75cl\/\",\"url\":\"https:\/\/www.maison-occitane.com\/fr\/produit\/tariquet-premieres-grives-bouteille-de-75cl\/\",\"name\":\"C\u00f4tes de Gascogne IGP Tariquet Premi\u00e8res Grives- Maison Occitane\",\"isPartOf\":{\"@id\":\"https:\/\/www.maison-occitane.com\/fr\/#website\"},\"primaryImageOfPage\":{\"@id\":\"https:\/\/www.maison-occitane.com\/fr\/produit\/tariquet-premieres-grives-bouteille-de-75cl\/#primaryimage\"},\"image\":{\"@id\":\"https:\/\/www.maison-occitane.com\/fr\/produit\/tariquet-premieres-grives-bouteille-de-75cl\/#primaryimage\"},\"thumbnailUrl\":\"https:\/\/www.maison-occitane.com\/app\/uploads\/2025\/05\/3021_520px.jpg\",\"datePublished\":\"2025-05-05T06:50:31+00:00\",\"dateModified\":\"2026-03-01T08:50:01+00:00\",\"description\":\"C\u00f4tes de Gascogne IGP Tariquet Premi\u00e8res Grives est un blanc demi-sec fruit\u00e9, exotique et gourmand, id\u00e9al avec du foie gras, fromages ou desserts. \u00c0 offrir dans un coffret.\",\"breadcrumb\":{\"@id\":\"https:\/\/www.maison-occitane.com\/fr\/produit\/tariquet-premieres-grives-bouteille-de-75cl\/#breadcrumb\"},\"inLanguage\":\"fr-FR\",\"potentialAction\":[{\"@type\":\"ReadAction\",\"target\":[\"https:\/\/www.maison-occitane.com\/fr\/produit\/tariquet-premieres-grives-bouteille-de-75cl\/\"]}]},{\"@type\":\"ImageObject\",\"inLanguage\":\"fr-FR\",\"@id\":\"https:\/\/www.maison-occitane.com\/fr\/produit\/tariquet-premieres-grives-bouteille-de-75cl\/#primaryimage\",\"url\":\"https:\/\/www.maison-occitane.com\/app\/uploads\/2025\/05\/3021_520px.jpg\",\"contentUrl\":\"https:\/\/www.maison-occitane.com\/app\/uploads\/2025\/05\/3021_520px.jpg\",\"width\":520,\"height\":450,\"caption\":\"Vin Blanc Tariquet \\\"Premi\u00e8re Grives\\\"\"},{\"@type\":\"BreadcrumbList\",\"@id\":\"https:\/\/www.maison-occitane.com\/fr\/produit\/tariquet-premieres-grives-bouteille-de-75cl\/#breadcrumb\",\"itemListElement\":[{\"@type\":\"ListItem\",\"position\":1,\"name\":\"Accueil\",\"item\":\"https:\/\/www.maison-occitane.com\/fr\/\"},{\"@type\":\"ListItem\",\"position\":2,\"name\":\"Produits\",\"item\":\"https:\/\/www.maison-occitane.com\/fr\/shop\/\"},{\"@type\":\"ListItem\",\"position\":3,\"name\":\"\u00c9picerie fine\",\"item\":\"https:\/\/www.maison-occitane.com\/fr\/boutique\/epicerie-fine\/\"},{\"@type\":\"ListItem\",\"position\":4,\"name\":\"Spiritueux, ap\u00e9ritifs et Vin\",\"item\":\"https:\/\/www.maison-occitane.com\/fr\/boutique\/epicerie-fine\/spiritueux-aperitifs-et-vin\/\"},{\"@type\":\"ListItem\",\"position\":5,\"name\":\"C\u00f4tes de Gascogne IGP Tariquet Premi\u00e8res Grives\"}]},{\"@type\":\"WebSite\",\"@id\":\"https:\/\/www.maison-occitane.com\/fr\/#website\",\"url\":\"https:\/\/www.maison-occitane.com\/fr\/\",\"name\":\"Maison Occitane\",\"description\":\"\",\"potentialAction\":[{\"@type\":\"SearchAction\",\"target\":{\"@type\":\"EntryPoint\",\"urlTemplate\":\"https:\/\/www.maison-occitane.com\/fr\/?s={search_term_string}\"},\"query-input\":{\"@type\":\"PropertyValueSpecification\",\"valueRequired\":true,\"valueName\":\"search_term_string\"}}],\"inLanguage\":\"fr-FR\"}]}<\/script>\n<!-- \/ Yoast SEO plugin. -->","yoast_head_json":{"title":"C\u00f4tes de Gascogne IGP Tariquet Premi\u00e8res Grives- Maison Occitane","description":"C\u00f4tes de Gascogne IGP Tariquet Premi\u00e8res Grives est un blanc demi-sec fruit\u00e9, exotique et gourmand, id\u00e9al avec du foie gras, fromages ou desserts. \u00c0 offrir dans un coffret.","robots":{"index":"index","follow":"follow","max-snippet":"max-snippet:-1","max-image-preview":"max-image-preview:large","max-video-preview":"max-video-preview:-1"},"canonical":"https:\/\/www.maison-occitane.com\/fr\/produit\/tariquet-premieres-grives-bouteille-de-75cl\/","og_locale":"fr_FR","og_type":"article","og_title":"C\u00f4tes de Gascogne IGP Tariquet Premi\u00e8res Grives- Maison Occitane","og_description":"C\u00f4tes de Gascogne IGP Tariquet Premi\u00e8res Grives est un blanc demi-sec fruit\u00e9, exotique et gourmand, id\u00e9al avec du foie gras, fromages ou desserts. \u00c0 offrir dans un coffret.","og_url":"https:\/\/www.maison-occitane.com\/fr\/produit\/tariquet-premieres-grives-bouteille-de-75cl\/","og_site_name":"Maison Occitane","article_modified_time":"2026-03-01T08:50:01+00:00","og_image":[{"width":520,"height":450,"url":"https:\/\/www.maison-occitane.com\/app\/uploads\/2025\/05\/3021_520px.jpg","type":"image\/jpeg"}],"twitter_card":"summary_large_image","twitter_misc":{"Dur\u00e9e de lecture estim\u00e9e":"2 minutes"},"schema":{"@context":"https:\/\/schema.org","@graph":[{"@type":"WebPage","@id":"https:\/\/www.maison-occitane.com\/fr\/produit\/tariquet-premieres-grives-bouteille-de-75cl\/","url":"https:\/\/www.maison-occitane.com\/fr\/produit\/tariquet-premieres-grives-bouteille-de-75cl\/","name":"C\u00f4tes de Gascogne IGP Tariquet Premi\u00e8res Grives- Maison Occitane","isPartOf":{"@id":"https:\/\/www.maison-occitane.com\/fr\/#website"},"primaryImageOfPage":{"@id":"https:\/\/www.maison-occitane.com\/fr\/produit\/tariquet-premieres-grives-bouteille-de-75cl\/#primaryimage"},"image":{"@id":"https:\/\/www.maison-occitane.com\/fr\/produit\/tariquet-premieres-grives-bouteille-de-75cl\/#primaryimage"},"thumbnailUrl":"https:\/\/www.maison-occitane.com\/app\/uploads\/2025\/05\/3021_520px.jpg","datePublished":"2025-05-05T06:50:31+00:00","dateModified":"2026-03-01T08:50:01+00:00","description":"C\u00f4tes de Gascogne IGP Tariquet Premi\u00e8res Grives est un blanc demi-sec fruit\u00e9, exotique et gourmand, id\u00e9al avec du foie gras, fromages ou desserts. \u00c0 offrir dans un coffret.","breadcrumb":{"@id":"https:\/\/www.maison-occitane.com\/fr\/produit\/tariquet-premieres-grives-bouteille-de-75cl\/#breadcrumb"},"inLanguage":"fr-FR","potentialAction":[{"@type":"ReadAction","target":["https:\/\/www.maison-occitane.com\/fr\/produit\/tariquet-premieres-grives-bouteille-de-75cl\/"]}]},{"@type":"ImageObject","inLanguage":"fr-FR","@id":"https:\/\/www.maison-occitane.com\/fr\/produit\/tariquet-premieres-grives-bouteille-de-75cl\/#primaryimage","url":"https:\/\/www.maison-occitane.com\/app\/uploads\/2025\/05\/3021_520px.jpg","contentUrl":"https:\/\/www.maison-occitane.com\/app\/uploads\/2025\/05\/3021_520px.jpg","width":520,"height":450,"caption":"Vin Blanc Tariquet \"Premi\u00e8re Grives\""},{"@type":"BreadcrumbList","@id":"https:\/\/www.maison-occitane.com\/fr\/produit\/tariquet-premieres-grives-bouteille-de-75cl\/#breadcrumb","itemListElement":[{"@type":"ListItem","position":1,"name":"Accueil","item":"https:\/\/www.maison-occitane.com\/fr\/"},{"@type":"ListItem","position":2,"name":"Produits","item":"https:\/\/www.maison-occitane.com\/fr\/shop\/"},{"@type":"ListItem","position":3,"name":"\u00c9picerie fine","item":"https:\/\/www.maison-occitane.com\/fr\/boutique\/epicerie-fine\/"},{"@type":"ListItem","position":4,"name":"Spiritueux, ap\u00e9ritifs et Vin","item":"https:\/\/www.maison-occitane.com\/fr\/boutique\/epicerie-fine\/spiritueux-aperitifs-et-vin\/"},{"@type":"ListItem","position":5,"name":"C\u00f4tes de Gascogne IGP Tariquet Premi\u00e8res Grives"}]},{"@type":"WebSite","@id":"https:\/\/www.maison-occitane.com\/fr\/#website","url":"https:\/\/www.maison-occitane.com\/fr\/","name":"Maison Occitane","description":"","potentialAction":[{"@type":"SearchAction","target":{"@type":"EntryPoint","urlTemplate":"https:\/\/www.maison-occitane.com\/fr\/?s={search_term_string}"},"query-input":{"@type":"PropertyValueSpecification","valueRequired":true,"valueName":"search_term_string"}}],"inLanguage":"fr-FR"}]}},"_links":{"self":[{"href":"https:\/\/www.maison-occitane.com\/fr\/wp-json\/wp\/v2\/product\/3479","targetHints":{"allow":["GET"]}}],"collection":[{"href":"https:\/\/www.maison-occitane.com\/fr\/wp-json\/wp\/v2\/product"}],"about":[{"href":"https:\/\/www.maison-occitane.com\/fr\/wp-json\/wp\/v2\/types\/product"}],"replies":[{"embeddable":true,"href":"https:\/\/www.maison-occitane.com\/fr\/wp-json\/wp\/v2\/comments?post=3479"}],"wp:featuredmedia":[{"embeddable":true,"href":"https:\/\/www.maison-occitane.com\/fr\/wp-json\/wp\/v2\/media\/4614"}],"wp:attachment":[{"href":"https:\/\/www.maison-occitane.com\/fr\/wp-json\/wp\/v2\/media?parent=3479"}],"wp:term":[{"taxonomy":"product_cat","embeddable":true,"href":"https:\/\/www.maison-occitane.com\/fr\/wp-json\/wp\/v2\/product_cat?post=3479"},{"taxonomy":"product_tag","embeddable":true,"href":"https:\/\/www.maison-occitane.com\/fr\/wp-json\/wp\/v2\/product_tag?post=3479"},{"taxonomy":"product_origine","embeddable":true,"href":"https:\/\/www.maison-occitane.com\/fr\/wp-json\/wp\/v2\/origines?post=3479"},{"taxonomy":"label_qualite","embeddable":true,"href":"https:\/\/www.maison-occitane.com\/fr\/wp-json\/wp\/v2\/labels-qualite?post=3479"}],"curies":[{"name":"wp","href":"https:\/\/api.w.org\/{rel}","templated":true}]}}