{"id":3478,"date":"2025-05-05T08:50:30","date_gmt":"2025-05-05T06:50:30","guid":{"rendered":"http:\/\/localhost:8080\/non%20class\u00e9\/cerneaux-de-noix-caramelises-sachet-de-80g\/"},"modified":"2026-04-10T14:19:50","modified_gmt":"2026-04-10T12:19:50","slug":"cerneaux-de-noix-caramelises-sachet-de-80g","status":"publish","type":"product","link":"https:\/\/www.maison-occitane.com\/fr\/produit\/cerneaux-de-noix-caramelises-sachet-de-80g\/","title":{"rendered":"CERNEAUX DE NOIX CARAMELISES"},"content":{"rendered":"<p data-start=\"463\" data-end=\"816\">D\u00e9couvrez le parfait \u00e9quilibre entre croquant et douceur avec nos <strong data-start=\"529\" data-end=\"562\">cerneaux de noix caram\u00e9lis\u00e9es<\/strong>, fabriqu\u00e9s artisanalement dans le Lot. Ces noix soigneusement s\u00e9lectionn\u00e9es sont d\u2019abord torr\u00e9fi\u00e9es pour r\u00e9v\u00e9ler toute leur intensit\u00e9, avant d\u2019\u00eatre <strong data-start=\"744\" data-end=\"776\">enrob\u00e9es de sucre et de miel<\/strong>, dans une recette simple et savoureuse.<\/p>\n<p data-start=\"818\" data-end=\"1011\">Sans colorants, sans conservateurs, et riches en go\u00fbt, ces noix caram\u00e9lis\u00e9es sont id\u00e9ales pour une pause sucr\u00e9e, un ap\u00e9ritif original, ou m\u00eame pour apporter une touche gourmande \u00e0 vos desserts.<\/p>\n<p data-start=\"1013\" data-end=\"1139\">Conditionn\u00e9es en sachets de 80g, elles se glissent facilement dans un sac pour une pause plaisir \u00e0 tout moment de la journ\u00e9e.<\/p>\n<p data-start=\"1013\" data-end=\"1139\">Elles trouvent aussi parfaitement leur place dans <a href=\"https:\/\/www.maison-occitane.com\/fr\/boutique\/coffrets-cadeaux\/\"><strong>un coffret gourmand<\/strong><\/a> personnalis\u00e9, \u00e0 offrir en toute occasion.<\/p>\n<p>Retrouver \u00e9galement <strong><a href=\"https:\/\/www.maison-occitane.com\/fr\/produit\/cerneaux-de-noix-au-chocolat-sachet-80g\/\">les cerneaux de noix enrob\u00e9s de chocolat.<\/a><\/strong><\/p>\n<p>&nbsp;<\/p>\n","protected":false},"excerpt":{"rendered":"<p><span class=\"notion-enable-hover\" data-token-index=\"0\">Les cerneaux de noix caram\u00e9lis\u00e9s, une douceur r\u00e9gionale et originale qui s\u00e9duira tous les gourmands. Un pur moment de gourmandise : nos cerneaux de noix torr\u00e9fi\u00e9s sont d\u00e9licatement enrob\u00e9s de sucre et de miel. Une douceur croquante et authentique \u00e0 savourer \u00e0 tout moment de la journ\u00e9e.<\/span><\/p>\n","protected":false},"featured_media":4336,"comment_status":"open","ping_status":"closed","template":"","meta":{"_acf_changed":false},"product_cat":[775,787],"product_tag":[],"origines":[798],"labels-qualite":[],"class_list":{"0":"post-3478","1":"product","2":"type-product","3":"status-publish","4":"has-post-thumbnail","6":"product_brand-selection-gourmande","7":"product_cat-epicerie-fine","8":"product_cat-douceurs-sucrees-et-chocolats","9":"product_origine-france","11":"first","12":"outofstock","13":"taxable","14":"shipping-taxable","15":"purchasable","16":"product-type-simple","17":"add-to-wishlist-before_image"},"acf":[],"yoast_head":"<!-- This site is optimized with the Yoast SEO plugin v24.9 - https:\/\/yoast.com\/wordpress\/plugins\/seo\/ -->\n<title>CERNEAUX DE NOIX CARAMELISES - Maison Occitane<\/title>\n<meta name=\"description\" content=\"D\u00e9licatement torr\u00e9fi\u00e9s et enrob\u00e9s de miel, nos cerneaux de noix caram\u00e9lis\u00e9es sont fabriqu\u00e9s en France \u00e0 Gourdon. Un sachet de 80g de pur plaisir \u00e0 grignoter ou \u00e0 cuisiner.\" \/>\n<meta name=\"robots\" content=\"index, follow, max-snippet:-1, max-image-preview:large, max-video-preview:-1\" \/>\n<link rel=\"canonical\" href=\"https:\/\/www.maison-occitane.com\/fr\/produit\/cerneaux-de-noix-caramelises-sachet-de-80g\/\" \/>\n<meta property=\"og:locale\" content=\"fr_FR\" \/>\n<meta property=\"og:type\" content=\"article\" \/>\n<meta property=\"og:title\" content=\"CERNEAUX DE NOIX CARAMELISES - Maison Occitane\" \/>\n<meta property=\"og:description\" content=\"D\u00e9licatement torr\u00e9fi\u00e9s et enrob\u00e9s de miel, nos cerneaux de noix caram\u00e9lis\u00e9es sont fabriqu\u00e9s en France \u00e0 Gourdon. Un sachet de 80g de pur plaisir \u00e0 grignoter ou \u00e0 cuisiner.\" \/>\n<meta property=\"og:url\" content=\"https:\/\/www.maison-occitane.com\/fr\/produit\/cerneaux-de-noix-caramelises-sachet-de-80g\/\" \/>\n<meta property=\"og:site_name\" content=\"Maison Occitane\" \/>\n<meta property=\"article:modified_time\" content=\"2026-04-10T12:19:50+00:00\" \/>\n<meta property=\"og:image\" content=\"https:\/\/www.maison-occitane.com\/app\/uploads\/2025\/05\/2213_520px.jpg\" \/>\n\t<meta property=\"og:image:width\" content=\"520\" \/>\n\t<meta property=\"og:image:height\" content=\"450\" \/>\n\t<meta property=\"og:image:type\" content=\"image\/jpeg\" \/>\n<meta name=\"twitter:card\" content=\"summary_large_image\" \/>\n<meta name=\"twitter:label1\" content=\"Dur\u00e9e de lecture estim\u00e9e\" \/>\n\t<meta name=\"twitter:data1\" content=\"1 minute\" \/>\n<script type=\"application\/ld+json\" class=\"yoast-schema-graph\">{\"@context\":\"https:\/\/schema.org\",\"@graph\":[{\"@type\":\"WebPage\",\"@id\":\"https:\/\/www.maison-occitane.com\/fr\/produit\/cerneaux-de-noix-caramelises-sachet-de-80g\/\",\"url\":\"https:\/\/www.maison-occitane.com\/fr\/produit\/cerneaux-de-noix-caramelises-sachet-de-80g\/\",\"name\":\"CERNEAUX DE NOIX CARAMELISES - Maison Occitane\",\"isPartOf\":{\"@id\":\"https:\/\/www.maison-occitane.com\/fr\/#website\"},\"primaryImageOfPage\":{\"@id\":\"https:\/\/www.maison-occitane.com\/fr\/produit\/cerneaux-de-noix-caramelises-sachet-de-80g\/#primaryimage\"},\"image\":{\"@id\":\"https:\/\/www.maison-occitane.com\/fr\/produit\/cerneaux-de-noix-caramelises-sachet-de-80g\/#primaryimage\"},\"thumbnailUrl\":\"https:\/\/www.maison-occitane.com\/app\/uploads\/2025\/05\/2213_520px.jpg\",\"datePublished\":\"2025-05-05T06:50:30+00:00\",\"dateModified\":\"2026-04-10T12:19:50+00:00\",\"description\":\"D\u00e9licatement torr\u00e9fi\u00e9s et enrob\u00e9s de miel, nos cerneaux de noix caram\u00e9lis\u00e9es sont fabriqu\u00e9s en France \u00e0 Gourdon. Un sachet de 80g de pur plaisir \u00e0 grignoter ou \u00e0 cuisiner.\",\"breadcrumb\":{\"@id\":\"https:\/\/www.maison-occitane.com\/fr\/produit\/cerneaux-de-noix-caramelises-sachet-de-80g\/#breadcrumb\"},\"inLanguage\":\"fr-FR\",\"potentialAction\":[{\"@type\":\"ReadAction\",\"target\":[\"https:\/\/www.maison-occitane.com\/fr\/produit\/cerneaux-de-noix-caramelises-sachet-de-80g\/\"]}]},{\"@type\":\"ImageObject\",\"inLanguage\":\"fr-FR\",\"@id\":\"https:\/\/www.maison-occitane.com\/fr\/produit\/cerneaux-de-noix-caramelises-sachet-de-80g\/#primaryimage\",\"url\":\"https:\/\/www.maison-occitane.com\/app\/uploads\/2025\/05\/2213_520px.jpg\",\"contentUrl\":\"https:\/\/www.maison-occitane.com\/app\/uploads\/2025\/05\/2213_520px.jpg\",\"width\":520,\"height\":450,\"caption\":\"Cerneaux de noix caram\u00e9lis\u00e9s\"},{\"@type\":\"BreadcrumbList\",\"@id\":\"https:\/\/www.maison-occitane.com\/fr\/produit\/cerneaux-de-noix-caramelises-sachet-de-80g\/#breadcrumb\",\"itemListElement\":[{\"@type\":\"ListItem\",\"position\":1,\"name\":\"Accueil\",\"item\":\"https:\/\/www.maison-occitane.com\/fr\/\"},{\"@type\":\"ListItem\",\"position\":2,\"name\":\"Produits\",\"item\":\"https:\/\/www.maison-occitane.com\/fr\/shop\/\"},{\"@type\":\"ListItem\",\"position\":3,\"name\":\"\u00c9picerie fine\",\"item\":\"https:\/\/www.maison-occitane.com\/fr\/boutique\/epicerie-fine\/\"},{\"@type\":\"ListItem\",\"position\":4,\"name\":\"Douceurs sucr\u00e9es et chocolats\",\"item\":\"https:\/\/www.maison-occitane.com\/fr\/boutique\/epicerie-fine\/douceurs-sucrees-et-chocolats\/\"},{\"@type\":\"ListItem\",\"position\":5,\"name\":\"CERNEAUX DE NOIX CARAMELISES\"}]},{\"@type\":\"WebSite\",\"@id\":\"https:\/\/www.maison-occitane.com\/fr\/#website\",\"url\":\"https:\/\/www.maison-occitane.com\/fr\/\",\"name\":\"Maison Occitane\",\"description\":\"\",\"potentialAction\":[{\"@type\":\"SearchAction\",\"target\":{\"@type\":\"EntryPoint\",\"urlTemplate\":\"https:\/\/www.maison-occitane.com\/fr\/?s={search_term_string}\"},\"query-input\":{\"@type\":\"PropertyValueSpecification\",\"valueRequired\":true,\"valueName\":\"search_term_string\"}}],\"inLanguage\":\"fr-FR\"}]}<\/script>\n<!-- \/ Yoast SEO plugin. -->","yoast_head_json":{"title":"CERNEAUX DE NOIX CARAMELISES - Maison Occitane","description":"D\u00e9licatement torr\u00e9fi\u00e9s et enrob\u00e9s de miel, nos cerneaux de noix caram\u00e9lis\u00e9es sont fabriqu\u00e9s en France \u00e0 Gourdon. Un sachet de 80g de pur plaisir \u00e0 grignoter ou \u00e0 cuisiner.","robots":{"index":"index","follow":"follow","max-snippet":"max-snippet:-1","max-image-preview":"max-image-preview:large","max-video-preview":"max-video-preview:-1"},"canonical":"https:\/\/www.maison-occitane.com\/fr\/produit\/cerneaux-de-noix-caramelises-sachet-de-80g\/","og_locale":"fr_FR","og_type":"article","og_title":"CERNEAUX DE NOIX CARAMELISES - Maison Occitane","og_description":"D\u00e9licatement torr\u00e9fi\u00e9s et enrob\u00e9s de miel, nos cerneaux de noix caram\u00e9lis\u00e9es sont fabriqu\u00e9s en France \u00e0 Gourdon. Un sachet de 80g de pur plaisir \u00e0 grignoter ou \u00e0 cuisiner.","og_url":"https:\/\/www.maison-occitane.com\/fr\/produit\/cerneaux-de-noix-caramelises-sachet-de-80g\/","og_site_name":"Maison Occitane","article_modified_time":"2026-04-10T12:19:50+00:00","og_image":[{"width":520,"height":450,"url":"https:\/\/www.maison-occitane.com\/app\/uploads\/2025\/05\/2213_520px.jpg","type":"image\/jpeg"}],"twitter_card":"summary_large_image","twitter_misc":{"Dur\u00e9e de lecture estim\u00e9e":"1 minute"},"schema":{"@context":"https:\/\/schema.org","@graph":[{"@type":"WebPage","@id":"https:\/\/www.maison-occitane.com\/fr\/produit\/cerneaux-de-noix-caramelises-sachet-de-80g\/","url":"https:\/\/www.maison-occitane.com\/fr\/produit\/cerneaux-de-noix-caramelises-sachet-de-80g\/","name":"CERNEAUX DE NOIX CARAMELISES - Maison Occitane","isPartOf":{"@id":"https:\/\/www.maison-occitane.com\/fr\/#website"},"primaryImageOfPage":{"@id":"https:\/\/www.maison-occitane.com\/fr\/produit\/cerneaux-de-noix-caramelises-sachet-de-80g\/#primaryimage"},"image":{"@id":"https:\/\/www.maison-occitane.com\/fr\/produit\/cerneaux-de-noix-caramelises-sachet-de-80g\/#primaryimage"},"thumbnailUrl":"https:\/\/www.maison-occitane.com\/app\/uploads\/2025\/05\/2213_520px.jpg","datePublished":"2025-05-05T06:50:30+00:00","dateModified":"2026-04-10T12:19:50+00:00","description":"D\u00e9licatement torr\u00e9fi\u00e9s et enrob\u00e9s de miel, nos cerneaux de noix caram\u00e9lis\u00e9es sont fabriqu\u00e9s en France \u00e0 Gourdon. Un sachet de 80g de pur plaisir \u00e0 grignoter ou \u00e0 cuisiner.","breadcrumb":{"@id":"https:\/\/www.maison-occitane.com\/fr\/produit\/cerneaux-de-noix-caramelises-sachet-de-80g\/#breadcrumb"},"inLanguage":"fr-FR","potentialAction":[{"@type":"ReadAction","target":["https:\/\/www.maison-occitane.com\/fr\/produit\/cerneaux-de-noix-caramelises-sachet-de-80g\/"]}]},{"@type":"ImageObject","inLanguage":"fr-FR","@id":"https:\/\/www.maison-occitane.com\/fr\/produit\/cerneaux-de-noix-caramelises-sachet-de-80g\/#primaryimage","url":"https:\/\/www.maison-occitane.com\/app\/uploads\/2025\/05\/2213_520px.jpg","contentUrl":"https:\/\/www.maison-occitane.com\/app\/uploads\/2025\/05\/2213_520px.jpg","width":520,"height":450,"caption":"Cerneaux de noix caram\u00e9lis\u00e9s"},{"@type":"BreadcrumbList","@id":"https:\/\/www.maison-occitane.com\/fr\/produit\/cerneaux-de-noix-caramelises-sachet-de-80g\/#breadcrumb","itemListElement":[{"@type":"ListItem","position":1,"name":"Accueil","item":"https:\/\/www.maison-occitane.com\/fr\/"},{"@type":"ListItem","position":2,"name":"Produits","item":"https:\/\/www.maison-occitane.com\/fr\/shop\/"},{"@type":"ListItem","position":3,"name":"\u00c9picerie fine","item":"https:\/\/www.maison-occitane.com\/fr\/boutique\/epicerie-fine\/"},{"@type":"ListItem","position":4,"name":"Douceurs sucr\u00e9es et chocolats","item":"https:\/\/www.maison-occitane.com\/fr\/boutique\/epicerie-fine\/douceurs-sucrees-et-chocolats\/"},{"@type":"ListItem","position":5,"name":"CERNEAUX DE NOIX CARAMELISES"}]},{"@type":"WebSite","@id":"https:\/\/www.maison-occitane.com\/fr\/#website","url":"https:\/\/www.maison-occitane.com\/fr\/","name":"Maison Occitane","description":"","potentialAction":[{"@type":"SearchAction","target":{"@type":"EntryPoint","urlTemplate":"https:\/\/www.maison-occitane.com\/fr\/?s={search_term_string}"},"query-input":{"@type":"PropertyValueSpecification","valueRequired":true,"valueName":"search_term_string"}}],"inLanguage":"fr-FR"}]}},"_links":{"self":[{"href":"https:\/\/www.maison-occitane.com\/fr\/wp-json\/wp\/v2\/product\/3478","targetHints":{"allow":["GET"]}}],"collection":[{"href":"https:\/\/www.maison-occitane.com\/fr\/wp-json\/wp\/v2\/product"}],"about":[{"href":"https:\/\/www.maison-occitane.com\/fr\/wp-json\/wp\/v2\/types\/product"}],"replies":[{"embeddable":true,"href":"https:\/\/www.maison-occitane.com\/fr\/wp-json\/wp\/v2\/comments?post=3478"}],"wp:featuredmedia":[{"embeddable":true,"href":"https:\/\/www.maison-occitane.com\/fr\/wp-json\/wp\/v2\/media\/4336"}],"wp:attachment":[{"href":"https:\/\/www.maison-occitane.com\/fr\/wp-json\/wp\/v2\/media?parent=3478"}],"wp:term":[{"taxonomy":"product_cat","embeddable":true,"href":"https:\/\/www.maison-occitane.com\/fr\/wp-json\/wp\/v2\/product_cat?post=3478"},{"taxonomy":"product_tag","embeddable":true,"href":"https:\/\/www.maison-occitane.com\/fr\/wp-json\/wp\/v2\/product_tag?post=3478"},{"taxonomy":"product_origine","embeddable":true,"href":"https:\/\/www.maison-occitane.com\/fr\/wp-json\/wp\/v2\/origines?post=3478"},{"taxonomy":"label_qualite","embeddable":true,"href":"https:\/\/www.maison-occitane.com\/fr\/wp-json\/wp\/v2\/labels-qualite?post=3478"}],"curies":[{"name":"wp","href":"https:\/\/api.w.org\/{rel}","templated":true}]}}