{"id":786,"date":"2025-04-25T19:39:40","date_gmt":"2025-04-25T17:39:40","guid":{"rendered":"http:\/\/localhost:8080\/?page_id=786"},"modified":"2026-04-17T15:33:32","modified_gmt":"2026-04-17T13:33:32","slug":"nos-boutiques-maison-occitane","status":"publish","type":"page","link":"https:\/\/www.maison-occitane.com\/fr\/nos-boutiques-maison-occitane\/","title":{"rendered":"Ou acheter du foie gras de canard dans le Lot"},"content":{"rendered":"","protected":false},"excerpt":{"rendered":"","protected":false},"author":1,"featured_media":0,"parent":0,"menu_order":0,"comment_status":"closed","ping_status":"closed","template":"","meta":{"_acf_changed":false,"footnotes":""},"class_list":["post-786","page","type-page","status-publish","hentry"],"acf":[],"yoast_head":"<!-- This site is optimized with the Yoast SEO plugin v24.9 - https:\/\/yoast.com\/wordpress\/plugins\/seo\/ -->\n<title>Nos boutiques physiques - Maison Occitane<\/title>\n<meta name=\"description\" content=\"Visitez les boutiques Maison Occitane \u00e0 Gramat et Rocamadour, au c\u0153ur du Quercy dans le Lot 46. Vente directe de foie gras, rillettes et sp\u00e9cialit\u00e9s de canard gras du Sud-Ouest.\" \/>\n<meta name=\"robots\" content=\"index, follow, max-snippet:-1, max-image-preview:large, max-video-preview:-1\" \/>\n<link rel=\"canonical\" href=\"https:\/\/www.maison-occitane.com\/fr\/nos-boutiques-maison-occitane\/\" \/>\n<meta property=\"og:locale\" content=\"fr_FR\" \/>\n<meta property=\"og:type\" content=\"article\" \/>\n<meta property=\"og:title\" content=\"Nos boutiques physiques - Maison Occitane\" \/>\n<meta property=\"og:description\" content=\"Visitez les boutiques Maison Occitane \u00e0 Gramat et Rocamadour, au c\u0153ur du Quercy dans le Lot 46. Vente directe de foie gras, rillettes et sp\u00e9cialit\u00e9s de canard gras du Sud-Ouest.\" \/>\n<meta property=\"og:url\" content=\"https:\/\/www.maison-occitane.com\/fr\/nos-boutiques-maison-occitane\/\" \/>\n<meta property=\"og:site_name\" content=\"Maison Occitane\" \/>\n<meta property=\"article:modified_time\" content=\"2026-04-17T13:33:32+00:00\" \/>\n<meta name=\"twitter:card\" content=\"summary_large_image\" \/>\n<script type=\"application\/ld+json\" class=\"yoast-schema-graph\">{\"@context\":\"https:\/\/schema.org\",\"@graph\":[{\"@type\":\"WebPage\",\"@id\":\"https:\/\/www.maison-occitane.com\/fr\/nos-boutiques-maison-occitane\/\",\"url\":\"https:\/\/www.maison-occitane.com\/fr\/nos-boutiques-maison-occitane\/\",\"name\":\"Nos boutiques physiques - Maison Occitane\",\"isPartOf\":{\"@id\":\"https:\/\/www.maison-occitane.com\/fr\/#website\"},\"datePublished\":\"2025-04-25T17:39:40+00:00\",\"dateModified\":\"2026-04-17T13:33:32+00:00\",\"description\":\"Visitez les boutiques Maison Occitane \u00e0 Gramat et Rocamadour, au c\u0153ur du Quercy dans le Lot 46. Vente directe de foie gras, rillettes et sp\u00e9cialit\u00e9s de canard gras du Sud-Ouest.\",\"breadcrumb\":{\"@id\":\"https:\/\/www.maison-occitane.com\/fr\/nos-boutiques-maison-occitane\/#breadcrumb\"},\"inLanguage\":\"fr-FR\",\"potentialAction\":[{\"@type\":\"ReadAction\",\"target\":[\"https:\/\/www.maison-occitane.com\/fr\/nos-boutiques-maison-occitane\/\"]}]},{\"@type\":\"BreadcrumbList\",\"@id\":\"https:\/\/www.maison-occitane.com\/fr\/nos-boutiques-maison-occitane\/#breadcrumb\",\"itemListElement\":[{\"@type\":\"ListItem\",\"position\":1,\"name\":\"Accueil\",\"item\":\"https:\/\/www.maison-occitane.com\/fr\/\"},{\"@type\":\"ListItem\",\"position\":2,\"name\":\"Ou acheter du foie gras de canard dans le Lot\"}]},{\"@type\":\"WebSite\",\"@id\":\"https:\/\/www.maison-occitane.com\/fr\/#website\",\"url\":\"https:\/\/www.maison-occitane.com\/fr\/\",\"name\":\"Maison Occitane\",\"description\":\"\",\"potentialAction\":[{\"@type\":\"SearchAction\",\"target\":{\"@type\":\"EntryPoint\",\"urlTemplate\":\"https:\/\/www.maison-occitane.com\/fr\/?s={search_term_string}\"},\"query-input\":{\"@type\":\"PropertyValueSpecification\",\"valueRequired\":true,\"valueName\":\"search_term_string\"}}],\"inLanguage\":\"fr-FR\"}]}<\/script>\n<!-- \/ Yoast SEO plugin. -->","yoast_head_json":{"title":"Nos boutiques physiques - Maison Occitane","description":"Visitez les boutiques Maison Occitane \u00e0 Gramat et Rocamadour, au c\u0153ur du Quercy dans le Lot 46. Vente directe de foie gras, rillettes et sp\u00e9cialit\u00e9s de canard gras du Sud-Ouest.","robots":{"index":"index","follow":"follow","max-snippet":"max-snippet:-1","max-image-preview":"max-image-preview:large","max-video-preview":"max-video-preview:-1"},"canonical":"https:\/\/www.maison-occitane.com\/fr\/nos-boutiques-maison-occitane\/","og_locale":"fr_FR","og_type":"article","og_title":"Nos boutiques physiques - Maison Occitane","og_description":"Visitez les boutiques Maison Occitane \u00e0 Gramat et Rocamadour, au c\u0153ur du Quercy dans le Lot 46. Vente directe de foie gras, rillettes et sp\u00e9cialit\u00e9s de canard gras du Sud-Ouest.","og_url":"https:\/\/www.maison-occitane.com\/fr\/nos-boutiques-maison-occitane\/","og_site_name":"Maison Occitane","article_modified_time":"2026-04-17T13:33:32+00:00","twitter_card":"summary_large_image","schema":{"@context":"https:\/\/schema.org","@graph":[{"@type":"WebPage","@id":"https:\/\/www.maison-occitane.com\/fr\/nos-boutiques-maison-occitane\/","url":"https:\/\/www.maison-occitane.com\/fr\/nos-boutiques-maison-occitane\/","name":"Nos boutiques physiques - Maison Occitane","isPartOf":{"@id":"https:\/\/www.maison-occitane.com\/fr\/#website"},"datePublished":"2025-04-25T17:39:40+00:00","dateModified":"2026-04-17T13:33:32+00:00","description":"Visitez les boutiques Maison Occitane \u00e0 Gramat et Rocamadour, au c\u0153ur du Quercy dans le Lot 46. Vente directe de foie gras, rillettes et sp\u00e9cialit\u00e9s de canard gras du Sud-Ouest.","breadcrumb":{"@id":"https:\/\/www.maison-occitane.com\/fr\/nos-boutiques-maison-occitane\/#breadcrumb"},"inLanguage":"fr-FR","potentialAction":[{"@type":"ReadAction","target":["https:\/\/www.maison-occitane.com\/fr\/nos-boutiques-maison-occitane\/"]}]},{"@type":"BreadcrumbList","@id":"https:\/\/www.maison-occitane.com\/fr\/nos-boutiques-maison-occitane\/#breadcrumb","itemListElement":[{"@type":"ListItem","position":1,"name":"Accueil","item":"https:\/\/www.maison-occitane.com\/fr\/"},{"@type":"ListItem","position":2,"name":"Ou acheter du foie gras de canard dans le Lot"}]},{"@type":"WebSite","@id":"https:\/\/www.maison-occitane.com\/fr\/#website","url":"https:\/\/www.maison-occitane.com\/fr\/","name":"Maison Occitane","description":"","potentialAction":[{"@type":"SearchAction","target":{"@type":"EntryPoint","urlTemplate":"https:\/\/www.maison-occitane.com\/fr\/?s={search_term_string}"},"query-input":{"@type":"PropertyValueSpecification","valueRequired":true,"valueName":"search_term_string"}}],"inLanguage":"fr-FR"}]}},"_links":{"self":[{"href":"https:\/\/www.maison-occitane.com\/fr\/wp-json\/wp\/v2\/pages\/786","targetHints":{"allow":["GET"]}}],"collection":[{"href":"https:\/\/www.maison-occitane.com\/fr\/wp-json\/wp\/v2\/pages"}],"about":[{"href":"https:\/\/www.maison-occitane.com\/fr\/wp-json\/wp\/v2\/types\/page"}],"author":[{"embeddable":true,"href":"https:\/\/www.maison-occitane.com\/fr\/wp-json\/wp\/v2\/users\/1"}],"replies":[{"embeddable":true,"href":"https:\/\/www.maison-occitane.com\/fr\/wp-json\/wp\/v2\/comments?post=786"}],"version-history":[{"count":23,"href":"https:\/\/www.maison-occitane.com\/fr\/wp-json\/wp\/v2\/pages\/786\/revisions"}],"predecessor-version":[{"id":94844,"href":"https:\/\/www.maison-occitane.com\/fr\/wp-json\/wp\/v2\/pages\/786\/revisions\/94844"}],"wp:attachment":[{"href":"https:\/\/www.maison-occitane.com\/fr\/wp-json\/wp\/v2\/media?parent=786"}],"curies":[{"name":"wp","href":"https:\/\/api.w.org\/{rel}","templated":true}]}}