{"id":4084,"date":"2025-06-17T09:18:18","date_gmt":"2025-06-17T07:18:18","guid":{"rendered":"https:\/\/maison-occitane-wordpress.agoravita.app\/?page_id=4084"},"modified":"2025-10-24T09:28:29","modified_gmt":"2025-10-24T07:28:29","slug":"connexion","status":"publish","type":"page","link":"https:\/\/www.maison-occitane.com\/fr\/achat-groupe\/connexion\/","title":{"rendered":"Connexion"},"content":{"rendered":"","protected":false},"excerpt":{"rendered":"","protected":false},"author":1,"featured_media":0,"parent":8,"menu_order":0,"comment_status":"closed","ping_status":"closed","template":"templates-page\/template-achat-groupe-connexion.blade.php","meta":{"_acf_changed":false,"footnotes":""},"class_list":["post-4084","page","type-page","status-publish","hentry"],"acf":[],"yoast_head":"<!-- This site is optimized with the Yoast SEO plugin v24.9 - https:\/\/yoast.com\/wordpress\/plugins\/seo\/ -->\n<title>Connexion Achats Group\u00e9 - Maison Occitane<\/title>\n<meta name=\"description\" content=\"Connectez-vous gr\u00e2ce \u00e0 votre code unique pour r\u00e9aliser votre commande de Foie Gras Maison Occitane en achat group\u00e9.\" \/>\n<meta name=\"robots\" content=\"noindex, nofollow\" \/>\n<meta property=\"og:locale\" content=\"fr_FR\" \/>\n<meta property=\"og:type\" content=\"article\" \/>\n<meta property=\"og:title\" content=\"Connexion Achats Group\u00e9 - Maison Occitane\" \/>\n<meta property=\"og:description\" content=\"Connectez-vous gr\u00e2ce \u00e0 votre code unique pour r\u00e9aliser votre commande de Foie Gras Maison Occitane en achat group\u00e9.\" \/>\n<meta property=\"og:url\" content=\"https:\/\/www.maison-occitane.com\/fr\/achat-groupe\/connexion\/\" \/>\n<meta property=\"og:site_name\" content=\"Maison Occitane\" \/>\n<meta property=\"article:modified_time\" content=\"2025-10-24T07:28:29+00:00\" \/>\n<meta name=\"twitter:card\" content=\"summary_large_image\" \/>\n<script type=\"application\/ld+json\" class=\"yoast-schema-graph\">{\"@context\":\"https:\/\/schema.org\",\"@graph\":[{\"@type\":\"WebPage\",\"@id\":\"https:\/\/www.maison-occitane.com\/fr\/achat-groupe\/connexion\/\",\"url\":\"https:\/\/www.maison-occitane.com\/fr\/achat-groupe\/connexion\/\",\"name\":\"Connexion Achats Group\u00e9 - Maison Occitane\",\"isPartOf\":{\"@id\":\"https:\/\/www.maison-occitane.com\/fr\/#website\"},\"datePublished\":\"2025-06-17T07:18:18+00:00\",\"dateModified\":\"2025-10-24T07:28:29+00:00\",\"description\":\"Connectez-vous gr\u00e2ce \u00e0 votre code unique pour r\u00e9aliser votre commande de Foie Gras Maison Occitane en achat group\u00e9.\",\"breadcrumb\":{\"@id\":\"https:\/\/www.maison-occitane.com\/fr\/achat-groupe\/connexion\/#breadcrumb\"},\"inLanguage\":\"fr-FR\",\"potentialAction\":[{\"@type\":\"ReadAction\",\"target\":[\"https:\/\/www.maison-occitane.com\/fr\/achat-groupe\/connexion\/\"]}]},{\"@type\":\"BreadcrumbList\",\"@id\":\"https:\/\/www.maison-occitane.com\/fr\/achat-groupe\/connexion\/#breadcrumb\",\"itemListElement\":[{\"@type\":\"ListItem\",\"position\":1,\"name\":\"Accueil\",\"item\":\"https:\/\/www.maison-occitane.com\/fr\/\"},{\"@type\":\"ListItem\",\"position\":2,\"name\":\"Achats Group\u00e9s produits du Sud-Ouest Maison Occitane\",\"item\":\"https:\/\/www.maison-occitane.com\/fr\/achat-groupe\/\"},{\"@type\":\"ListItem\",\"position\":3,\"name\":\"Connexion\"}]},{\"@type\":\"WebSite\",\"@id\":\"https:\/\/www.maison-occitane.com\/fr\/#website\",\"url\":\"https:\/\/www.maison-occitane.com\/fr\/\",\"name\":\"Maison Occitane\",\"description\":\"\",\"potentialAction\":[{\"@type\":\"SearchAction\",\"target\":{\"@type\":\"EntryPoint\",\"urlTemplate\":\"https:\/\/www.maison-occitane.com\/fr\/?s={search_term_string}\"},\"query-input\":{\"@type\":\"PropertyValueSpecification\",\"valueRequired\":true,\"valueName\":\"search_term_string\"}}],\"inLanguage\":\"fr-FR\"}]}<\/script>\n<!-- \/ Yoast SEO plugin. -->","yoast_head_json":{"title":"Connexion Achats Group\u00e9 - Maison Occitane","description":"Connectez-vous gr\u00e2ce \u00e0 votre code unique pour r\u00e9aliser votre commande de Foie Gras Maison Occitane en achat group\u00e9.","robots":{"index":"noindex","follow":"nofollow"},"og_locale":"fr_FR","og_type":"article","og_title":"Connexion Achats Group\u00e9 - Maison Occitane","og_description":"Connectez-vous gr\u00e2ce \u00e0 votre code unique pour r\u00e9aliser votre commande de Foie Gras Maison Occitane en achat group\u00e9.","og_url":"https:\/\/www.maison-occitane.com\/fr\/achat-groupe\/connexion\/","og_site_name":"Maison Occitane","article_modified_time":"2025-10-24T07:28:29+00:00","twitter_card":"summary_large_image","schema":{"@context":"https:\/\/schema.org","@graph":[{"@type":"WebPage","@id":"https:\/\/www.maison-occitane.com\/fr\/achat-groupe\/connexion\/","url":"https:\/\/www.maison-occitane.com\/fr\/achat-groupe\/connexion\/","name":"Connexion Achats Group\u00e9 - Maison Occitane","isPartOf":{"@id":"https:\/\/www.maison-occitane.com\/fr\/#website"},"datePublished":"2025-06-17T07:18:18+00:00","dateModified":"2025-10-24T07:28:29+00:00","description":"Connectez-vous gr\u00e2ce \u00e0 votre code unique pour r\u00e9aliser votre commande de Foie Gras Maison Occitane en achat group\u00e9.","breadcrumb":{"@id":"https:\/\/www.maison-occitane.com\/fr\/achat-groupe\/connexion\/#breadcrumb"},"inLanguage":"fr-FR","potentialAction":[{"@type":"ReadAction","target":["https:\/\/www.maison-occitane.com\/fr\/achat-groupe\/connexion\/"]}]},{"@type":"BreadcrumbList","@id":"https:\/\/www.maison-occitane.com\/fr\/achat-groupe\/connexion\/#breadcrumb","itemListElement":[{"@type":"ListItem","position":1,"name":"Accueil","item":"https:\/\/www.maison-occitane.com\/fr\/"},{"@type":"ListItem","position":2,"name":"Achats Group\u00e9s produits du Sud-Ouest Maison Occitane","item":"https:\/\/www.maison-occitane.com\/fr\/achat-groupe\/"},{"@type":"ListItem","position":3,"name":"Connexion"}]},{"@type":"WebSite","@id":"https:\/\/www.maison-occitane.com\/fr\/#website","url":"https:\/\/www.maison-occitane.com\/fr\/","name":"Maison Occitane","description":"","potentialAction":[{"@type":"SearchAction","target":{"@type":"EntryPoint","urlTemplate":"https:\/\/www.maison-occitane.com\/fr\/?s={search_term_string}"},"query-input":{"@type":"PropertyValueSpecification","valueRequired":true,"valueName":"search_term_string"}}],"inLanguage":"fr-FR"}]}},"_links":{"self":[{"href":"https:\/\/www.maison-occitane.com\/fr\/wp-json\/wp\/v2\/pages\/4084","targetHints":{"allow":["GET"]}}],"collection":[{"href":"https:\/\/www.maison-occitane.com\/fr\/wp-json\/wp\/v2\/pages"}],"about":[{"href":"https:\/\/www.maison-occitane.com\/fr\/wp-json\/wp\/v2\/types\/page"}],"author":[{"embeddable":true,"href":"https:\/\/www.maison-occitane.com\/fr\/wp-json\/wp\/v2\/users\/1"}],"replies":[{"embeddable":true,"href":"https:\/\/www.maison-occitane.com\/fr\/wp-json\/wp\/v2\/comments?post=4084"}],"version-history":[{"count":1,"href":"https:\/\/www.maison-occitane.com\/fr\/wp-json\/wp\/v2\/pages\/4084\/revisions"}],"predecessor-version":[{"id":71189,"href":"https:\/\/www.maison-occitane.com\/fr\/wp-json\/wp\/v2\/pages\/4084\/revisions\/71189"}],"up":[{"embeddable":true,"href":"https:\/\/www.maison-occitane.com\/fr\/wp-json\/wp\/v2\/pages\/8"}],"wp:attachment":[{"href":"https:\/\/www.maison-occitane.com\/fr\/wp-json\/wp\/v2\/media?parent=4084"}],"curies":[{"name":"wp","href":"https:\/\/api.w.org\/{rel}","templated":true}]}}