{"id":3886,"date":"2025-05-23T11:36:07","date_gmt":"2025-05-23T09:36:07","guid":{"rendered":"http:\/\/localhost:8080\/?page_id=3886"},"modified":"2025-08-12T11:01:45","modified_gmt":"2025-08-12T09:01:45","slug":"connexion","status":"publish","type":"page","link":"https:\/\/www.maison-occitane.com\/fr\/espace-cse\/connexion\/","title":{"rendered":"Connexion"},"content":{"rendered":"","protected":false},"excerpt":{"rendered":"","protected":false},"author":1,"featured_media":0,"parent":7,"menu_order":0,"comment_status":"closed","ping_status":"closed","template":"templates-page\/template-espace-cse-connexion.blade.php","meta":{"_acf_changed":false,"footnotes":""},"class_list":["post-3886","page","type-page","status-publish","hentry"],"acf":[],"yoast_head":"<!-- This site is optimized with the Yoast SEO plugin v24.9 - https:\/\/yoast.com\/wordpress\/plugins\/seo\/ -->\n<title>Connexion \u00e0 votre Espace CSE - Maison Occitane<\/title>\n<meta name=\"description\" content=\"Connectez-vous \u00e0 votre espace pour profitez de cadeaux exclusifs propos\u00e9s par votre comit\u00e9 d&#039;entreprise et Maison Occitane.\" \/>\n<meta name=\"robots\" content=\"noindex, nofollow\" \/>\n<meta property=\"og:locale\" content=\"fr_FR\" \/>\n<meta property=\"og:type\" content=\"article\" \/>\n<meta property=\"og:title\" content=\"Connexion \u00e0 votre Espace CSE - Maison Occitane\" \/>\n<meta property=\"og:description\" content=\"Connectez-vous \u00e0 votre espace pour profitez de cadeaux exclusifs propos\u00e9s par votre comit\u00e9 d&#039;entreprise et Maison Occitane.\" \/>\n<meta property=\"og:url\" content=\"https:\/\/www.maison-occitane.com\/fr\/espace-cse\/connexion\/\" \/>\n<meta property=\"og:site_name\" content=\"Maison Occitane\" \/>\n<meta property=\"article:modified_time\" content=\"2025-08-12T09:01:45+00:00\" \/>\n<meta name=\"twitter:card\" content=\"summary_large_image\" \/>\n<script type=\"application\/ld+json\" class=\"yoast-schema-graph\">{\"@context\":\"https:\/\/schema.org\",\"@graph\":[{\"@type\":\"WebPage\",\"@id\":\"https:\/\/www.maison-occitane.com\/fr\/espace-cse\/connexion\/\",\"url\":\"https:\/\/www.maison-occitane.com\/fr\/espace-cse\/connexion\/\",\"name\":\"Connexion \u00e0 votre Espace CSE - Maison Occitane\",\"isPartOf\":{\"@id\":\"https:\/\/www.maison-occitane.com\/fr\/#website\"},\"datePublished\":\"2025-05-23T09:36:07+00:00\",\"dateModified\":\"2025-08-12T09:01:45+00:00\",\"description\":\"Connectez-vous \u00e0 votre espace pour profitez de cadeaux exclusifs propos\u00e9s par votre comit\u00e9 d'entreprise et Maison Occitane.\",\"breadcrumb\":{\"@id\":\"https:\/\/www.maison-occitane.com\/fr\/espace-cse\/connexion\/#breadcrumb\"},\"inLanguage\":\"fr-FR\",\"potentialAction\":[{\"@type\":\"ReadAction\",\"target\":[\"https:\/\/www.maison-occitane.com\/fr\/espace-cse\/connexion\/\"]}]},{\"@type\":\"BreadcrumbList\",\"@id\":\"https:\/\/www.maison-occitane.com\/fr\/espace-cse\/connexion\/#breadcrumb\",\"itemListElement\":[{\"@type\":\"ListItem\",\"position\":1,\"name\":\"Accueil\",\"item\":\"https:\/\/www.maison-occitane.com\/fr\/\"},{\"@type\":\"ListItem\",\"position\":2,\"name\":\"Espace CSE\",\"item\":\"https:\/\/www.maison-occitane.com\/fr\/espace-cse\/\"},{\"@type\":\"ListItem\",\"position\":3,\"name\":\"Connexion\"}]},{\"@type\":\"WebSite\",\"@id\":\"https:\/\/www.maison-occitane.com\/fr\/#website\",\"url\":\"https:\/\/www.maison-occitane.com\/fr\/\",\"name\":\"Maison Occitane\",\"description\":\"\",\"potentialAction\":[{\"@type\":\"SearchAction\",\"target\":{\"@type\":\"EntryPoint\",\"urlTemplate\":\"https:\/\/www.maison-occitane.com\/fr\/?s={search_term_string}\"},\"query-input\":{\"@type\":\"PropertyValueSpecification\",\"valueRequired\":true,\"valueName\":\"search_term_string\"}}],\"inLanguage\":\"fr-FR\"}]}<\/script>\n<!-- \/ Yoast SEO plugin. -->","yoast_head_json":{"title":"Connexion \u00e0 votre Espace CSE - Maison Occitane","description":"Connectez-vous \u00e0 votre espace pour profitez de cadeaux exclusifs propos\u00e9s par votre comit\u00e9 d'entreprise et Maison Occitane.","robots":{"index":"noindex","follow":"nofollow"},"og_locale":"fr_FR","og_type":"article","og_title":"Connexion \u00e0 votre Espace CSE - Maison Occitane","og_description":"Connectez-vous \u00e0 votre espace pour profitez de cadeaux exclusifs propos\u00e9s par votre comit\u00e9 d'entreprise et Maison Occitane.","og_url":"https:\/\/www.maison-occitane.com\/fr\/espace-cse\/connexion\/","og_site_name":"Maison Occitane","article_modified_time":"2025-08-12T09:01:45+00:00","twitter_card":"summary_large_image","schema":{"@context":"https:\/\/schema.org","@graph":[{"@type":"WebPage","@id":"https:\/\/www.maison-occitane.com\/fr\/espace-cse\/connexion\/","url":"https:\/\/www.maison-occitane.com\/fr\/espace-cse\/connexion\/","name":"Connexion \u00e0 votre Espace CSE - Maison Occitane","isPartOf":{"@id":"https:\/\/www.maison-occitane.com\/fr\/#website"},"datePublished":"2025-05-23T09:36:07+00:00","dateModified":"2025-08-12T09:01:45+00:00","description":"Connectez-vous \u00e0 votre espace pour profitez de cadeaux exclusifs propos\u00e9s par votre comit\u00e9 d'entreprise et Maison Occitane.","breadcrumb":{"@id":"https:\/\/www.maison-occitane.com\/fr\/espace-cse\/connexion\/#breadcrumb"},"inLanguage":"fr-FR","potentialAction":[{"@type":"ReadAction","target":["https:\/\/www.maison-occitane.com\/fr\/espace-cse\/connexion\/"]}]},{"@type":"BreadcrumbList","@id":"https:\/\/www.maison-occitane.com\/fr\/espace-cse\/connexion\/#breadcrumb","itemListElement":[{"@type":"ListItem","position":1,"name":"Accueil","item":"https:\/\/www.maison-occitane.com\/fr\/"},{"@type":"ListItem","position":2,"name":"Espace CSE","item":"https:\/\/www.maison-occitane.com\/fr\/espace-cse\/"},{"@type":"ListItem","position":3,"name":"Connexion"}]},{"@type":"WebSite","@id":"https:\/\/www.maison-occitane.com\/fr\/#website","url":"https:\/\/www.maison-occitane.com\/fr\/","name":"Maison Occitane","description":"","potentialAction":[{"@type":"SearchAction","target":{"@type":"EntryPoint","urlTemplate":"https:\/\/www.maison-occitane.com\/fr\/?s={search_term_string}"},"query-input":{"@type":"PropertyValueSpecification","valueRequired":true,"valueName":"search_term_string"}}],"inLanguage":"fr-FR"}]}},"_links":{"self":[{"href":"https:\/\/www.maison-occitane.com\/fr\/wp-json\/wp\/v2\/pages\/3886","targetHints":{"allow":["GET"]}}],"collection":[{"href":"https:\/\/www.maison-occitane.com\/fr\/wp-json\/wp\/v2\/pages"}],"about":[{"href":"https:\/\/www.maison-occitane.com\/fr\/wp-json\/wp\/v2\/types\/page"}],"author":[{"embeddable":true,"href":"https:\/\/www.maison-occitane.com\/fr\/wp-json\/wp\/v2\/users\/1"}],"replies":[{"embeddable":true,"href":"https:\/\/www.maison-occitane.com\/fr\/wp-json\/wp\/v2\/comments?post=3886"}],"version-history":[{"count":0,"href":"https:\/\/www.maison-occitane.com\/fr\/wp-json\/wp\/v2\/pages\/3886\/revisions"}],"up":[{"embeddable":true,"href":"https:\/\/www.maison-occitane.com\/fr\/wp-json\/wp\/v2\/pages\/7"}],"wp:attachment":[{"href":"https:\/\/www.maison-occitane.com\/fr\/wp-json\/wp\/v2\/media?parent=3886"}],"curies":[{"name":"wp","href":"https:\/\/api.w.org\/{rel}","templated":true}]}}